{"id":827,"date":"2023-11-23T09:11:31","date_gmt":"2023-11-23T14:11:31","guid":{"rendered":"https:\/\/www.ccc-group.com\/home\/"},"modified":"2023-11-23T10:36:34","modified_gmt":"2023-11-23T15:36:34","slug":"home","status":"publish","type":"page","link":"https:\/\/www.ccc-group.com\/fr\/","title":{"rendered":"Accueil"},"content":{"rendered":"<section class=\"splitblock section\">\n\t<div class=\"grid two\">\n\t\t<div class=\"txtbox\">\n\t\t\t\t\t\t\t<h2 class=\"title line\">Sur CCC<\/h2>\n\t\t\t\t\t\t<p><strong>En fournissant des solutions en mati\u00e8re de produits et de services de qualit\u00e9, CCC est d\u00e9termin\u00e9e \u00e0 \u00eatre un chef de file dans les industries des produits chimiques et des plastiques au Canada en appliquant ses valeurs fondamentales.<\/strong><\/p>\n<p>Dans le cadre de son engagement constant envers la Gestion Responsable\u00ae, CCC a \u00e9t\u00e9 la premi\u00e8re entreprise dans le monde \u00e0 piloter le processus de v\u00e9rification de phase 1 avec l\u2019ACIC. Notre entreprise a fait l\u2019objet d\u2019une v\u00e9rification de la Gestion Responsable de phase 1 en septembre 1996 et une 6e rev\u00e9rification sera effectu\u00e9e en novembre 2012. Le programme Gestion Responsable\u00ae a \u00e9volu\u00e9 et inclut un large engagement vis-\u00e0-vis du d\u00e9veloppement durable et de la responsabilit\u00e9 sociale, et CCC est fi\u00e8re d\u2019\u00eatre un chef de file durant cette p\u00e9riode de transition.<\/p>\n\t\t\t\t\t\t\t<div class=\"btns\">\n\t\t\t\t\t\t\t\t\t\t\t\t\t                        <a href=\"https:\/\/www.ccc-group.com\/fr\/about-ccc\/history\/\" class=\"button \" aria-label=\"En savoir plus sur notre histoire\" target=\"_self\">Notre Histoire<\/a>\n\t\t                    \t\t\t\t\t\t\t\t\t\t\t\t\t\t\t\t\t\t\t                        <a href=\"https:\/\/www.ccc-group.com\/fr\/responsible-care\/\" class=\"button beta\" aria-label=\"En savoir plus sur la gestion responsable\" target=\"_self\">Gestion Responsable<\/a>\n\t\t                    \t\t\t\t\t\t\t\t\t\t\t\t\t\t\t<\/div>\n\t\t\t\t\t<\/div>\n\t\t\t\t\t<div class=\"imgbox\">\n\t\t\t\t<img decoding=\"async\" src=\"https:\/\/www.ccc-group.com\/wp-content\/uploads\/2023\/11\/hero-default-768x307.jpg\" class=\"radius\" alt=\"transport truck\" loading=\"lazy\" \/>\n\t\t\t<\/div>\n\t\t\t<\/div>\n<\/section>","protected":false},"excerpt":{"rendered":"","protected":false},"author":1,"featured_media":0,"parent":0,"menu_order":0,"comment_status":"closed","ping_status":"closed","template":"","meta":{"_acf_changed":false,"footnotes":""},"class_list":["post-827","page","type-page","status-publish","hentry"],"acf":[],"yoast_head":"<!-- This site is optimized with the Yoast SEO plugin v27.5 - https:\/\/yoast.com\/product\/yoast-seo-wordpress\/ -->\n<title>Accueil - CCC Group<\/title>\n<meta name=\"robots\" content=\"index, follow, max-snippet:-1, max-image-preview:large, max-video-preview:-1\" \/>\n<link rel=\"canonical\" href=\"https:\/\/www.ccc-group.com\/fr\/\" \/>\n<meta property=\"og:locale\" content=\"fr_FR\" \/>\n<meta property=\"og:type\" content=\"article\" \/>\n<meta property=\"og:title\" content=\"Accueil - CCC Group\" \/>\n<meta property=\"og:url\" content=\"https:\/\/www.ccc-group.com\/fr\/\" \/>\n<meta property=\"og:site_name\" content=\"CCC Group\" \/>\n<meta property=\"article:modified_time\" content=\"2023-11-23T15:36:34+00:00\" \/>\n<meta name=\"twitter:card\" content=\"summary_large_image\" \/>\n<script type=\"application\/ld+json\" class=\"yoast-schema-graph\">{\"@context\":\"https:\\\/\\\/schema.org\",\"@graph\":[{\"@type\":\"WebPage\",\"@id\":\"https:\\\/\\\/www.ccc-group.com\\\/fr\\\/\",\"url\":\"https:\\\/\\\/www.ccc-group.com\\\/fr\\\/\",\"name\":\"Accueil - CCC Group\",\"isPartOf\":{\"@id\":\"https:\\\/\\\/www.ccc-group.com\\\/fr\\\/#website\"},\"datePublished\":\"2023-11-23T14:11:31+00:00\",\"dateModified\":\"2023-11-23T15:36:34+00:00\",\"breadcrumb\":{\"@id\":\"https:\\\/\\\/www.ccc-group.com\\\/fr\\\/#breadcrumb\"},\"inLanguage\":\"fr-FR\",\"potentialAction\":[{\"@type\":\"ReadAction\",\"target\":[\"https:\\\/\\\/www.ccc-group.com\\\/fr\\\/\"]}]},{\"@type\":\"BreadcrumbList\",\"@id\":\"https:\\\/\\\/www.ccc-group.com\\\/fr\\\/#breadcrumb\",\"itemListElement\":[{\"@type\":\"ListItem\",\"position\":1,\"name\":\"Accueil\",\"item\":\"https:\\\/\\\/www.ccc-group.com\\\/fr\\\/\"},{\"@type\":\"ListItem\",\"position\":2,\"name\":\"Accueil\"}]},{\"@type\":\"WebSite\",\"@id\":\"https:\\\/\\\/www.ccc-group.com\\\/fr\\\/#website\",\"url\":\"https:\\\/\\\/www.ccc-group.com\\\/fr\\\/\",\"name\":\"CCC Group\",\"description\":\"\",\"potentialAction\":[{\"@type\":\"SearchAction\",\"target\":{\"@type\":\"EntryPoint\",\"urlTemplate\":\"https:\\\/\\\/www.ccc-group.com\\\/fr\\\/?s={search_term_string}\"},\"query-input\":{\"@type\":\"PropertyValueSpecification\",\"valueRequired\":true,\"valueName\":\"search_term_string\"}}],\"inLanguage\":\"fr-FR\"}]}<\/script>\n<!-- \/ Yoast SEO plugin. -->","yoast_head_json":{"title":"Accueil - CCC Group","robots":{"index":"index","follow":"follow","max-snippet":"max-snippet:-1","max-image-preview":"max-image-preview:large","max-video-preview":"max-video-preview:-1"},"canonical":"https:\/\/www.ccc-group.com\/fr\/","og_locale":"fr_FR","og_type":"article","og_title":"Accueil - CCC Group","og_url":"https:\/\/www.ccc-group.com\/fr\/","og_site_name":"CCC Group","article_modified_time":"2023-11-23T15:36:34+00:00","twitter_card":"summary_large_image","schema":{"@context":"https:\/\/schema.org","@graph":[{"@type":"WebPage","@id":"https:\/\/www.ccc-group.com\/fr\/","url":"https:\/\/www.ccc-group.com\/fr\/","name":"Accueil - CCC Group","isPartOf":{"@id":"https:\/\/www.ccc-group.com\/fr\/#website"},"datePublished":"2023-11-23T14:11:31+00:00","dateModified":"2023-11-23T15:36:34+00:00","breadcrumb":{"@id":"https:\/\/www.ccc-group.com\/fr\/#breadcrumb"},"inLanguage":"fr-FR","potentialAction":[{"@type":"ReadAction","target":["https:\/\/www.ccc-group.com\/fr\/"]}]},{"@type":"BreadcrumbList","@id":"https:\/\/www.ccc-group.com\/fr\/#breadcrumb","itemListElement":[{"@type":"ListItem","position":1,"name":"Accueil","item":"https:\/\/www.ccc-group.com\/fr\/"},{"@type":"ListItem","position":2,"name":"Accueil"}]},{"@type":"WebSite","@id":"https:\/\/www.ccc-group.com\/fr\/#website","url":"https:\/\/www.ccc-group.com\/fr\/","name":"CCC Group","description":"","potentialAction":[{"@type":"SearchAction","target":{"@type":"EntryPoint","urlTemplate":"https:\/\/www.ccc-group.com\/fr\/?s={search_term_string}"},"query-input":{"@type":"PropertyValueSpecification","valueRequired":true,"valueName":"search_term_string"}}],"inLanguage":"fr-FR"}]}},"_links":{"self":[{"href":"https:\/\/www.ccc-group.com\/fr\/wp-json\/wp\/v2\/pages\/827","targetHints":{"allow":["GET"]}}],"collection":[{"href":"https:\/\/www.ccc-group.com\/fr\/wp-json\/wp\/v2\/pages"}],"about":[{"href":"https:\/\/www.ccc-group.com\/fr\/wp-json\/wp\/v2\/types\/page"}],"author":[{"embeddable":true,"href":"https:\/\/www.ccc-group.com\/fr\/wp-json\/wp\/v2\/users\/1"}],"replies":[{"embeddable":true,"href":"https:\/\/www.ccc-group.com\/fr\/wp-json\/wp\/v2\/comments?post=827"}],"version-history":[{"count":7,"href":"https:\/\/www.ccc-group.com\/fr\/wp-json\/wp\/v2\/pages\/827\/revisions"}],"predecessor-version":[{"id":863,"href":"https:\/\/www.ccc-group.com\/fr\/wp-json\/wp\/v2\/pages\/827\/revisions\/863"}],"wp:attachment":[{"href":"https:\/\/www.ccc-group.com\/fr\/wp-json\/wp\/v2\/media?parent=827"}],"curies":[{"name":"wp","href":"https:\/\/api.w.org\/{rel}","templated":true}]}}