{"id":804,"date":"2023-11-15T15:43:24","date_gmt":"2023-11-15T20:43:24","guid":{"rendered":"https:\/\/www.ccc-group.com\/solutions\/"},"modified":"2023-11-22T17:00:20","modified_gmt":"2023-11-22T22:00:20","slug":"solutions","status":"publish","type":"page","link":"https:\/\/www.ccc-group.com\/fr\/sulphur-products\/solutions\/","title":{"rendered":"Solutions"},"content":{"rendered":"\n<p><strong>Vous offrir des produits sulfur\u00e9s de qualit\u00e9 pour de multiples applications industrielles<\/strong><\/p>\n\n\n\n<p>Premier fournisseur en produits chimiques au Canada, CCC peut \u00eatre d\u2019une aide pr\u00e9cieuse pour assurer le succ\u00e8s de votre entreprise en mettant \u00e0 votre disposition des produits sulfur\u00e9s dont les utilisations facilitent divers proc\u00e9d\u00e9s et applications industrielles.<\/p>\n\n\n\n<p>Chez CCC Produits chimiques, nous mettons \u00e0 profit notre impressionnante expertise pour vous offrir des solutions \u00e0 valeur ajout\u00e9e et un soutien technique in\u00e9gal\u00e9 sur site comme \u00e0 distance. Nous pouvons vous aider \u00e0 surmonter les obstacles qui se pr\u00e9sentent sur votre chemin.<\/p>\n\n\n\n<p>Nos proc\u00e9d\u00e9s et notre attitude sont flexibles et r\u00e9actifs&nbsp;; vos produits sulfur\u00e9s seront toujours livr\u00e9s \u00e0 temps et en toute s\u00e9curit\u00e9. Nous surpassons les attentes du client en \u00e9tant proactifs, dynamiques et ing\u00e9nieux. Notre but premier et de vous rendre la vie plus facile.<\/p>\n","protected":false},"excerpt":{"rendered":"<p>Vous offrir des produits sulfur\u00e9s de qualit\u00e9 pour de multiples applications industrielles Premier fournisseur en produits chimiques au Canada, CCC peut \u00eatre d\u2019une aide pr\u00e9cieuse pour assurer le succ\u00e8s de&#8230;<\/p>\n","protected":false},"author":1,"featured_media":0,"parent":811,"menu_order":0,"comment_status":"closed","ping_status":"closed","template":"page-templates\/page-sublanding.php","meta":{"_acf_changed":false,"footnotes":""},"class_list":["post-804","page","type-page","status-publish","hentry"],"acf":[],"yoast_head":"<!-- This site is optimized with the Yoast SEO plugin v27.3 - https:\/\/yoast.com\/product\/yoast-seo-wordpress\/ -->\n<title>Solutions - CCC Group<\/title>\n<meta name=\"robots\" content=\"index, follow, max-snippet:-1, max-image-preview:large, max-video-preview:-1\" \/>\n<link rel=\"canonical\" href=\"https:\/\/www.ccc-group.com\/fr\/sulphur-products\/solutions\/\" \/>\n<meta property=\"og:locale\" content=\"fr_FR\" \/>\n<meta property=\"og:type\" content=\"article\" \/>\n<meta property=\"og:title\" content=\"Solutions - CCC Group\" \/>\n<meta property=\"og:description\" content=\"Vous offrir des produits sulfur\u00e9s de qualit\u00e9 pour de multiples applications industrielles Premier fournisseur en produits chimiques au Canada, CCC peut \u00eatre d\u2019une aide pr\u00e9cieuse pour assurer le succ\u00e8s de...\" \/>\n<meta property=\"og:url\" content=\"https:\/\/www.ccc-group.com\/fr\/sulphur-products\/solutions\/\" \/>\n<meta property=\"og:site_name\" content=\"CCC Group\" \/>\n<meta property=\"article:modified_time\" content=\"2023-11-22T22:00:20+00:00\" \/>\n<meta name=\"twitter:card\" content=\"summary_large_image\" \/>\n<meta name=\"twitter:label1\" content=\"Dur\u00e9e de lecture estim\u00e9e\" \/>\n\t<meta name=\"twitter:data1\" content=\"1 minute\" \/>\n<script type=\"application\/ld+json\" class=\"yoast-schema-graph\">{\"@context\":\"https:\\\/\\\/schema.org\",\"@graph\":[{\"@type\":\"WebPage\",\"@id\":\"https:\\\/\\\/www.ccc-group.com\\\/fr\\\/sulphur-products\\\/solutions\\\/\",\"url\":\"https:\\\/\\\/www.ccc-group.com\\\/fr\\\/sulphur-products\\\/solutions\\\/\",\"name\":\"Solutions - CCC Group\",\"isPartOf\":{\"@id\":\"https:\\\/\\\/www.ccc-group.com\\\/fr\\\/#website\"},\"datePublished\":\"2023-11-15T20:43:24+00:00\",\"dateModified\":\"2023-11-22T22:00:20+00:00\",\"breadcrumb\":{\"@id\":\"https:\\\/\\\/www.ccc-group.com\\\/fr\\\/sulphur-products\\\/solutions\\\/#breadcrumb\"},\"inLanguage\":\"fr-FR\",\"potentialAction\":[{\"@type\":\"ReadAction\",\"target\":[\"https:\\\/\\\/www.ccc-group.com\\\/fr\\\/sulphur-products\\\/solutions\\\/\"]}]},{\"@type\":\"BreadcrumbList\",\"@id\":\"https:\\\/\\\/www.ccc-group.com\\\/fr\\\/sulphur-products\\\/solutions\\\/#breadcrumb\",\"itemListElement\":[{\"@type\":\"ListItem\",\"position\":1,\"name\":\"Accueil\",\"item\":\"https:\\\/\\\/www.ccc-group.com\\\/fr\\\/\"},{\"@type\":\"ListItem\",\"position\":2,\"name\":\"Soufr\u00e9s\",\"item\":\"https:\\\/\\\/www.ccc-group.com\\\/fr\\\/sulphur-products\\\/\"},{\"@type\":\"ListItem\",\"position\":3,\"name\":\"Solutions\"}]},{\"@type\":\"WebSite\",\"@id\":\"https:\\\/\\\/www.ccc-group.com\\\/fr\\\/#website\",\"url\":\"https:\\\/\\\/www.ccc-group.com\\\/fr\\\/\",\"name\":\"CCC Group\",\"description\":\"\",\"potentialAction\":[{\"@type\":\"SearchAction\",\"target\":{\"@type\":\"EntryPoint\",\"urlTemplate\":\"https:\\\/\\\/www.ccc-group.com\\\/fr\\\/?s={search_term_string}\"},\"query-input\":{\"@type\":\"PropertyValueSpecification\",\"valueRequired\":true,\"valueName\":\"search_term_string\"}}],\"inLanguage\":\"fr-FR\"}]}<\/script>\n<!-- \/ Yoast SEO plugin. -->","yoast_head_json":{"title":"Solutions - CCC Group","robots":{"index":"index","follow":"follow","max-snippet":"max-snippet:-1","max-image-preview":"max-image-preview:large","max-video-preview":"max-video-preview:-1"},"canonical":"https:\/\/www.ccc-group.com\/fr\/sulphur-products\/solutions\/","og_locale":"fr_FR","og_type":"article","og_title":"Solutions - CCC Group","og_description":"Vous offrir des produits sulfur\u00e9s de qualit\u00e9 pour de multiples applications industrielles Premier fournisseur en produits chimiques au Canada, CCC peut \u00eatre d\u2019une aide pr\u00e9cieuse pour assurer le succ\u00e8s de...","og_url":"https:\/\/www.ccc-group.com\/fr\/sulphur-products\/solutions\/","og_site_name":"CCC Group","article_modified_time":"2023-11-22T22:00:20+00:00","twitter_card":"summary_large_image","twitter_misc":{"Dur\u00e9e de lecture estim\u00e9e":"1 minute"},"schema":{"@context":"https:\/\/schema.org","@graph":[{"@type":"WebPage","@id":"https:\/\/www.ccc-group.com\/fr\/sulphur-products\/solutions\/","url":"https:\/\/www.ccc-group.com\/fr\/sulphur-products\/solutions\/","name":"Solutions - CCC Group","isPartOf":{"@id":"https:\/\/www.ccc-group.com\/fr\/#website"},"datePublished":"2023-11-15T20:43:24+00:00","dateModified":"2023-11-22T22:00:20+00:00","breadcrumb":{"@id":"https:\/\/www.ccc-group.com\/fr\/sulphur-products\/solutions\/#breadcrumb"},"inLanguage":"fr-FR","potentialAction":[{"@type":"ReadAction","target":["https:\/\/www.ccc-group.com\/fr\/sulphur-products\/solutions\/"]}]},{"@type":"BreadcrumbList","@id":"https:\/\/www.ccc-group.com\/fr\/sulphur-products\/solutions\/#breadcrumb","itemListElement":[{"@type":"ListItem","position":1,"name":"Accueil","item":"https:\/\/www.ccc-group.com\/fr\/"},{"@type":"ListItem","position":2,"name":"Soufr\u00e9s","item":"https:\/\/www.ccc-group.com\/fr\/sulphur-products\/"},{"@type":"ListItem","position":3,"name":"Solutions"}]},{"@type":"WebSite","@id":"https:\/\/www.ccc-group.com\/fr\/#website","url":"https:\/\/www.ccc-group.com\/fr\/","name":"CCC Group","description":"","potentialAction":[{"@type":"SearchAction","target":{"@type":"EntryPoint","urlTemplate":"https:\/\/www.ccc-group.com\/fr\/?s={search_term_string}"},"query-input":{"@type":"PropertyValueSpecification","valueRequired":true,"valueName":"search_term_string"}}],"inLanguage":"fr-FR"}]}},"_links":{"self":[{"href":"https:\/\/www.ccc-group.com\/fr\/wp-json\/wp\/v2\/pages\/804","targetHints":{"allow":["GET"]}}],"collection":[{"href":"https:\/\/www.ccc-group.com\/fr\/wp-json\/wp\/v2\/pages"}],"about":[{"href":"https:\/\/www.ccc-group.com\/fr\/wp-json\/wp\/v2\/types\/page"}],"author":[{"embeddable":true,"href":"https:\/\/www.ccc-group.com\/fr\/wp-json\/wp\/v2\/users\/1"}],"replies":[{"embeddable":true,"href":"https:\/\/www.ccc-group.com\/fr\/wp-json\/wp\/v2\/comments?post=804"}],"version-history":[{"count":1,"href":"https:\/\/www.ccc-group.com\/fr\/wp-json\/wp\/v2\/pages\/804\/revisions"}],"predecessor-version":[{"id":821,"href":"https:\/\/www.ccc-group.com\/fr\/wp-json\/wp\/v2\/pages\/804\/revisions\/821"}],"up":[{"embeddable":true,"href":"https:\/\/www.ccc-group.com\/fr\/wp-json\/wp\/v2\/pages\/811"}],"wp:attachment":[{"href":"https:\/\/www.ccc-group.com\/fr\/wp-json\/wp\/v2\/media?parent=804"}],"curies":[{"name":"wp","href":"https:\/\/api.w.org\/{rel}","templated":true}]}}