{"id":803,"date":"2023-11-15T15:42:26","date_gmt":"2023-11-15T20:42:26","guid":{"rendered":"https:\/\/www.ccc-group.com\/products\/"},"modified":"2023-11-23T11:50:55","modified_gmt":"2023-11-23T16:50:55","slug":"produits","status":"publish","type":"page","link":"https:\/\/www.ccc-group.com\/fr\/sulphur-products\/produits\/","title":{"rendered":"Produits"},"content":{"rendered":"\n<p><strong>Vous cherchez des produits sulfur\u00e9s de haute qualit\u00e9&nbsp;? Renseignez-vous sur nos mat\u00e9riaux haut de gamme<\/strong><\/p>\n\n\n\n<p>&nbsp;Avec plus de 50 ans d\u2019exp\u00e9rience, CCC Produits sulfur\u00e9s fait partie de la grande famille CCC depuis 1974. Produits Sulfur\u00e9s consiste en une usine d\u2019acide sulfurique et de bisulfite de sodium br\u00fblant en moyenne 200 m\u00e9gatonnes de soufre par jour.<\/p>\n\n\n\n<p>Nous sommes fiers de vous pr\u00e9senter nos produits sulfur\u00e9s haut de gamme&nbsp;:<\/p>\n\n\n\t<section class=\"pagegrid\">\n\t\t<div class=\"grid\">\n\t\t\t\t\t\t\t<div class=\"item\">\n\t\t\t\t\t\t\t\t\t\t\t<img decoding=\"async\" src=\"https:\/\/www.ccc-group.com\/wp-content\/uploads\/2023\/11\/6d3b00e49475f6bd2b2a902806e7d3f3.jpg\" class=\"cover\" alt=\"liquid being poured into a beaker\" loading=\"lazy\" \/>\n\t\t\t\t\t\t\t\t\t\t\t\t\t\t\t\t<p class=\"title h3\"><strong>Acide sulfurique<\/strong><\/p>\n\t\t\t\t\t\t\t\t\t\t<div class=\"content\">\n\t\t\t\t\t\t<p>CCC produit de l\u2019acide sulfurique depuis plus de 50 ans.\u00a0 Lorsqu\u2019il est hautement concentr\u00e9, ce liquide incolore lib\u00e8re des vapeurs et est appel\u00e9 acide sulfurique fumant ou ol\u00e9um.<\/p>\n<p><a href=\"https:\/\/www.ccc-group.com\/wp-content\/uploads\/2023\/11\/Acid_Electronic_copy.pdf\" target=\"_blank\" rel=\"noopener\">Notre bulletin technique<\/a><br \/>\n<a href=\"https:\/\/www.ccc-group.com\/wp-content\/uploads\/2023\/11\/Acid_Electronic_Copy-Revised-FINAL.pdf\" target=\"_blank\" rel=\"noopener\">Notre diagramme de processus<\/a><\/p>\n\t\t\t\t\t\t\t\t\t\t\t\t\t\t<a href=\"https:\/\/www.ccc-group.com\/fr\/sulphur\/contact\/\" class=\"button beta\" aria-label=\"\" target=\"_self\">Obtenir de l\u2019information<\/a>\n\t\t\t\t\t\t\t\t\t\t\t\t\t\t\t\t\t\t<\/div>\n\t\t\t\t<\/div>\n\t\t\t\t\t\t\t<div class=\"item\">\n\t\t\t\t\t\t\t\t\t\t\t<img decoding=\"async\" src=\"https:\/\/www.ccc-group.com\/wp-content\/uploads\/2023\/11\/bc35e6931d630ff5ea56cc8eb595d43d.jpg\" class=\"cover\" alt=\"\" loading=\"lazy\" \/>\n\t\t\t\t\t\t\t\t\t\t\t\t\t\t\t\t<p class=\"title h3\"><strong>Ol\u00e9um<\/strong><\/p>\n\t\t\t\t\t\t\t\t\t\t<div class=\"content\">\n\t\t\t\t\t\t<p>Lorsqu\u2019il est hautement concentr\u00e9, ce liquide incolore lib\u00e8re des vapeurs et est appel\u00e9 acide sulfurique fumant ou\u00a0<a href=\"https:\/\/www.ccc-group.com\/wp-content\/uploads\/2023\/11\/Oleum-Tech-information-Revised.docx\" target=\"_blank\" rel=\"noopener noreferrer\">ol\u00e9um<\/a>. L\u2019ol\u00e9um est entrepos\u00e9 et transport\u00e9 dans des conteneurs scell\u00e9s afin de pr\u00e9venir la fuite de vapeurs dans l\u2019air ou dans les sols.\u00a0 L\u2019ol\u00e9um est utilis\u00e9 dans la production de d\u00e9tergents \u00e0 lessive et dans la production d\u2019aluminium. \u00a0L\u2019acide sulfurique est utilis\u00e9 pour le traitement des eaux us\u00e9es, dans la production de batteries pour les voitures et dans la production de l\u2019acier.\u00a0 Le produit est exp\u00e9di\u00e9 en vrac dans des camions-citernes et des wagons-citernes \u00e0 des clients du Sud de l\u2019Ontario, du Qu\u00e9bec et de l\u2019\u00c9tat de New-York.<\/p>\n\t\t\t\t\t\t\t\t\t\t\t\t\t\t<a href=\"https:\/\/www.ccc-group.com\/fr\/sulphur\/contact\/\" class=\"button beta\" aria-label=\"\" target=\"_self\">Obtenir de l\u2019information<\/a>\n\t\t\t\t\t\t\t\t\t\t\t\t\t\t\t\t\t\t<\/div>\n\t\t\t\t<\/div>\n\t\t\t\t\t\t\t<div class=\"item\">\n\t\t\t\t\t\t\t\t\t\t\t<img decoding=\"async\" src=\"https:\/\/www.ccc-group.com\/wp-content\/uploads\/2023\/11\/af488c28caf20216bbd8bdb235d9c4f9.jpg\" class=\"cover\" alt=\"pile of sodium bicar\" loading=\"lazy\" \/>\n\t\t\t\t\t\t\t\t\t\t\t\t\t\t\t\t<p class=\"title h3\"><strong>Bisulfite de sodium<\/strong><\/p>\n\t\t\t\t\t\t\t\t\t\t<div class=\"content\">\n\t\t\t\t\t\t<p><a href=\"https:\/\/www.ccc-group.com\/wp-content\/uploads\/2023\/11\/SBS-Technical-Information-REVISED.docx\" target=\"_blank\" rel=\"noopener noreferrer\">Le bisulfite de sodium<\/a>\u00a0est produit gr\u00e2ce \u00e0 une conduite d\u2019\u00e9chappement de gaz de dioxyde de soufre, provenant de l\u2019usine d\u2019acide sulfurique, que l\u2019on fait r\u00e9agir avec une solution d\u2019hydroxyde de sodium (soude caustique).<\/p>\n\t\t\t\t\t\t\t\t\t\t\t\t\t\t<a href=\"https:\/\/www.ccc-group.com\/fr\/sulphur\/contact\/\" class=\"button beta\" aria-label=\"\" target=\"_self\">Obtenir de l\u2019information<\/a>\n\t\t\t\t\t\t\t\t\t\t\t\t\t\t\t\t\t\t<\/div>\n\t\t\t\t<\/div>\n\t\t\t\t\t<\/div>\n\t<\/section>\n","protected":false},"excerpt":{"rendered":"<p>Vous cherchez des produits sulfur\u00e9s de haute qualit\u00e9&nbsp;? Renseignez-vous sur nos mat\u00e9riaux haut de gamme &nbsp;Avec plus de 50 ans d\u2019exp\u00e9rience, CCC Produits sulfur\u00e9s fait partie de la grande famille&#8230;<\/p>\n","protected":false},"author":1,"featured_media":0,"parent":811,"menu_order":0,"comment_status":"closed","ping_status":"closed","template":"page-templates\/page-sublanding.php","meta":{"_acf_changed":false,"footnotes":""},"class_list":["post-803","page","type-page","status-publish","hentry"],"acf":[],"yoast_head":"<!-- This site is optimized with the Yoast SEO plugin v27.3 - https:\/\/yoast.com\/product\/yoast-seo-wordpress\/ -->\n<title>Produits - CCC Group<\/title>\n<meta name=\"robots\" content=\"index, follow, max-snippet:-1, max-image-preview:large, max-video-preview:-1\" \/>\n<link rel=\"canonical\" href=\"https:\/\/www.ccc-group.com\/fr\/sulphur-products\/produits\/\" \/>\n<meta property=\"og:locale\" content=\"fr_FR\" \/>\n<meta property=\"og:type\" content=\"article\" \/>\n<meta property=\"og:title\" content=\"Produits - CCC Group\" \/>\n<meta property=\"og:description\" content=\"Vous cherchez des produits sulfur\u00e9s de haute qualit\u00e9&nbsp;? Renseignez-vous sur nos mat\u00e9riaux haut de gamme &nbsp;Avec plus de 50 ans d\u2019exp\u00e9rience, CCC Produits sulfur\u00e9s fait partie de la grande famille...\" \/>\n<meta property=\"og:url\" content=\"https:\/\/www.ccc-group.com\/fr\/sulphur-products\/produits\/\" \/>\n<meta property=\"og:site_name\" content=\"CCC Group\" \/>\n<meta property=\"article:modified_time\" content=\"2023-11-23T16:50:55+00:00\" \/>\n<meta name=\"twitter:card\" content=\"summary_large_image\" \/>\n<meta name=\"twitter:label1\" content=\"Dur\u00e9e de lecture estim\u00e9e\" \/>\n\t<meta name=\"twitter:data1\" content=\"1 minute\" \/>\n<script type=\"application\/ld+json\" class=\"yoast-schema-graph\">{\"@context\":\"https:\\\/\\\/schema.org\",\"@graph\":[{\"@type\":\"WebPage\",\"@id\":\"https:\\\/\\\/www.ccc-group.com\\\/fr\\\/sulphur-products\\\/produits\\\/\",\"url\":\"https:\\\/\\\/www.ccc-group.com\\\/fr\\\/sulphur-products\\\/produits\\\/\",\"name\":\"Produits - CCC Group\",\"isPartOf\":{\"@id\":\"https:\\\/\\\/www.ccc-group.com\\\/fr\\\/#website\"},\"datePublished\":\"2023-11-15T20:42:26+00:00\",\"dateModified\":\"2023-11-23T16:50:55+00:00\",\"breadcrumb\":{\"@id\":\"https:\\\/\\\/www.ccc-group.com\\\/fr\\\/sulphur-products\\\/produits\\\/#breadcrumb\"},\"inLanguage\":\"fr-FR\",\"potentialAction\":[{\"@type\":\"ReadAction\",\"target\":[\"https:\\\/\\\/www.ccc-group.com\\\/fr\\\/sulphur-products\\\/produits\\\/\"]}]},{\"@type\":\"BreadcrumbList\",\"@id\":\"https:\\\/\\\/www.ccc-group.com\\\/fr\\\/sulphur-products\\\/produits\\\/#breadcrumb\",\"itemListElement\":[{\"@type\":\"ListItem\",\"position\":1,\"name\":\"Accueil\",\"item\":\"https:\\\/\\\/www.ccc-group.com\\\/fr\\\/\"},{\"@type\":\"ListItem\",\"position\":2,\"name\":\"Soufr\u00e9s\",\"item\":\"https:\\\/\\\/www.ccc-group.com\\\/fr\\\/sulphur-products\\\/\"},{\"@type\":\"ListItem\",\"position\":3,\"name\":\"Products\"}]},{\"@type\":\"WebSite\",\"@id\":\"https:\\\/\\\/www.ccc-group.com\\\/fr\\\/#website\",\"url\":\"https:\\\/\\\/www.ccc-group.com\\\/fr\\\/\",\"name\":\"CCC Group\",\"description\":\"\",\"potentialAction\":[{\"@type\":\"SearchAction\",\"target\":{\"@type\":\"EntryPoint\",\"urlTemplate\":\"https:\\\/\\\/www.ccc-group.com\\\/fr\\\/?s={search_term_string}\"},\"query-input\":{\"@type\":\"PropertyValueSpecification\",\"valueRequired\":true,\"valueName\":\"search_term_string\"}}],\"inLanguage\":\"fr-FR\"}]}<\/script>\n<!-- \/ Yoast SEO plugin. -->","yoast_head_json":{"title":"Produits - CCC Group","robots":{"index":"index","follow":"follow","max-snippet":"max-snippet:-1","max-image-preview":"max-image-preview:large","max-video-preview":"max-video-preview:-1"},"canonical":"https:\/\/www.ccc-group.com\/fr\/sulphur-products\/produits\/","og_locale":"fr_FR","og_type":"article","og_title":"Produits - CCC Group","og_description":"Vous cherchez des produits sulfur\u00e9s de haute qualit\u00e9&nbsp;? Renseignez-vous sur nos mat\u00e9riaux haut de gamme &nbsp;Avec plus de 50 ans d\u2019exp\u00e9rience, CCC Produits sulfur\u00e9s fait partie de la grande famille...","og_url":"https:\/\/www.ccc-group.com\/fr\/sulphur-products\/produits\/","og_site_name":"CCC Group","article_modified_time":"2023-11-23T16:50:55+00:00","twitter_card":"summary_large_image","twitter_misc":{"Dur\u00e9e de lecture estim\u00e9e":"1 minute"},"schema":{"@context":"https:\/\/schema.org","@graph":[{"@type":"WebPage","@id":"https:\/\/www.ccc-group.com\/fr\/sulphur-products\/produits\/","url":"https:\/\/www.ccc-group.com\/fr\/sulphur-products\/produits\/","name":"Produits - CCC Group","isPartOf":{"@id":"https:\/\/www.ccc-group.com\/fr\/#website"},"datePublished":"2023-11-15T20:42:26+00:00","dateModified":"2023-11-23T16:50:55+00:00","breadcrumb":{"@id":"https:\/\/www.ccc-group.com\/fr\/sulphur-products\/produits\/#breadcrumb"},"inLanguage":"fr-FR","potentialAction":[{"@type":"ReadAction","target":["https:\/\/www.ccc-group.com\/fr\/sulphur-products\/produits\/"]}]},{"@type":"BreadcrumbList","@id":"https:\/\/www.ccc-group.com\/fr\/sulphur-products\/produits\/#breadcrumb","itemListElement":[{"@type":"ListItem","position":1,"name":"Accueil","item":"https:\/\/www.ccc-group.com\/fr\/"},{"@type":"ListItem","position":2,"name":"Soufr\u00e9s","item":"https:\/\/www.ccc-group.com\/fr\/sulphur-products\/"},{"@type":"ListItem","position":3,"name":"Products"}]},{"@type":"WebSite","@id":"https:\/\/www.ccc-group.com\/fr\/#website","url":"https:\/\/www.ccc-group.com\/fr\/","name":"CCC Group","description":"","potentialAction":[{"@type":"SearchAction","target":{"@type":"EntryPoint","urlTemplate":"https:\/\/www.ccc-group.com\/fr\/?s={search_term_string}"},"query-input":{"@type":"PropertyValueSpecification","valueRequired":true,"valueName":"search_term_string"}}],"inLanguage":"fr-FR"}]}},"_links":{"self":[{"href":"https:\/\/www.ccc-group.com\/fr\/wp-json\/wp\/v2\/pages\/803","targetHints":{"allow":["GET"]}}],"collection":[{"href":"https:\/\/www.ccc-group.com\/fr\/wp-json\/wp\/v2\/pages"}],"about":[{"href":"https:\/\/www.ccc-group.com\/fr\/wp-json\/wp\/v2\/types\/page"}],"author":[{"embeddable":true,"href":"https:\/\/www.ccc-group.com\/fr\/wp-json\/wp\/v2\/users\/1"}],"replies":[{"embeddable":true,"href":"https:\/\/www.ccc-group.com\/fr\/wp-json\/wp\/v2\/comments?post=803"}],"version-history":[{"count":7,"href":"https:\/\/www.ccc-group.com\/fr\/wp-json\/wp\/v2\/pages\/803\/revisions"}],"predecessor-version":[{"id":818,"href":"https:\/\/www.ccc-group.com\/fr\/wp-json\/wp\/v2\/pages\/803\/revisions\/818"}],"up":[{"embeddable":true,"href":"https:\/\/www.ccc-group.com\/fr\/wp-json\/wp\/v2\/pages\/811"}],"wp:attachment":[{"href":"https:\/\/www.ccc-group.com\/fr\/wp-json\/wp\/v2\/media?parent=803"}],"curies":[{"name":"wp","href":"https:\/\/api.w.org\/{rel}","templated":true}]}}