{"id":795,"date":"2023-11-16T10:41:39","date_gmt":"2023-11-16T15:41:39","guid":{"rendered":"https:\/\/www.ccc-group.com\/responsible-care\/our-commitment\/"},"modified":"2023-11-23T11:32:31","modified_gmt":"2023-11-23T16:32:31","slug":"notre-engagement","status":"publish","type":"page","link":"https:\/\/www.ccc-group.com\/fr\/responsible-care\/notre-engagement\/","title":{"rendered":"Notre Engagement"},"content":{"rendered":"\n<p>Le groupe des soci\u00e9t\u00e9 CCC \u00e0 adopter toutes les pr\u00e9cautions pratiques pour s\u2019assurer que ses produits et op\u00e9rations ne pr\u00e9sentent pas un niveau inacceptable de risque pour ses employ\u00e9s, ses clients, la population ou l\u2019environnement.<\/p>\n\n\n\n<p>\u00c0 cet effet, CCC traitera, fabriquera, transportera et distribuera des produits chimiques, des d\u00e9chets et fournira les services seulement conform\u00e9ment avec les principes directeurs de la Gestion Responsablemd.<\/p>\n\n\n\n<p><strong><strong>CCC se conformera \u00e0 :<\/strong><\/strong><\/p>\n\n\n\n<ul class=\"wp-block-list\">\n<li>Fournir les renseignements pertinents sur les dangers que pr\u00e9sentent les produits chimiques \u00e0 leurs clients, les incitant \u00e0 utiliser et \u00e0 disposer de ces produits d\u2019une mani\u00e8re s\u00fbre, et faire conna\u00eetre, sur demande, ces renseignements au grand public.<\/li>\n\n\n\n<li>Fournir les renseignements pertinents sur les dangers et les risques associ\u00e9s aux activit\u00e9s de distribution aux employ\u00e9s, traitants, visiteurs, sous-distributeurs et \u00e0 tous ceux qui s\u2019int\u00e9ressent dans la collectivit\u00e9.<\/li>\n\n\n\n<li>Faire de la Gestion Responsablemd&nbsp;une partie premi\u00e8re et int\u00e9grante du processus de planification devant mener \u00e0 de nouveaux produits, proc\u00e9d\u00e9s ou usines.<\/li>\n\n\n\n<li>Mettre davantage l\u2019accent sur la compr\u00e9hension des produits existants et de leur utilisation, et s\u2019assurer qu\u2019il existe un niveau \u00e9lev\u00e9 de compr\u00e9hension des nouveaux produits et des dangers \u00e9ventuels qu\u2019ils peuvent repr\u00e9senter avant et tout au long de leur pr\u00e9paration commerciale.<\/li>\n\n\n\n<li>Se conformer \u00e0 toutes les exigences l\u00e9gales touchant leurs op\u00e9rations, produits et services<\/li>\n\n\n\n<li>\u00catre sensibles aux pr\u00e9occupations l\u00e9gitimes de la collectivit\u00e9 et savoir y r\u00e9pondre.<\/li>\n\n\n\n<li>Travailler activement avec les gouvernements et les aider, de m\u00eame des organismes choisis, \u00e0 promouvoir et \u00e0 encourager des normes \u00e9quitables et accessibles.<\/li>\n<\/ul>\n","protected":false},"excerpt":{"rendered":"<p>Le groupe des soci\u00e9t\u00e9 CCC \u00e0 adopter toutes les pr\u00e9cautions pratiques pour s\u2019assurer que ses produits et op\u00e9rations ne pr\u00e9sentent pas un niveau inacceptable de risque pour ses employ\u00e9s, ses&#8230;<\/p>\n","protected":false},"author":1,"featured_media":0,"parent":793,"menu_order":0,"comment_status":"closed","ping_status":"closed","template":"","meta":{"_acf_changed":false,"footnotes":""},"class_list":["post-795","page","type-page","status-publish","hentry"],"acf":[],"yoast_head":"<!-- This site is optimized with the Yoast SEO plugin v27.3 - https:\/\/yoast.com\/product\/yoast-seo-wordpress\/ -->\n<title>Notre Engagement - CCC Group<\/title>\n<meta name=\"robots\" content=\"index, follow, max-snippet:-1, max-image-preview:large, max-video-preview:-1\" \/>\n<link rel=\"canonical\" href=\"https:\/\/www.ccc-group.com\/fr\/responsible-care\/notre-engagement\/\" \/>\n<meta property=\"og:locale\" content=\"fr_FR\" \/>\n<meta property=\"og:type\" content=\"article\" \/>\n<meta property=\"og:title\" content=\"Notre Engagement - CCC Group\" \/>\n<meta property=\"og:description\" content=\"Le groupe des soci\u00e9t\u00e9 CCC \u00e0 adopter toutes les pr\u00e9cautions pratiques pour s\u2019assurer que ses produits et op\u00e9rations ne pr\u00e9sentent pas un niveau inacceptable de risque pour ses employ\u00e9s, ses...\" \/>\n<meta property=\"og:url\" content=\"https:\/\/www.ccc-group.com\/fr\/responsible-care\/notre-engagement\/\" \/>\n<meta property=\"og:site_name\" content=\"CCC Group\" \/>\n<meta property=\"article:modified_time\" content=\"2023-11-23T16:32:31+00:00\" \/>\n<meta name=\"twitter:card\" content=\"summary_large_image\" \/>\n<meta name=\"twitter:label1\" content=\"Dur\u00e9e de lecture estim\u00e9e\" \/>\n\t<meta name=\"twitter:data1\" content=\"1 minute\" \/>\n<script type=\"application\/ld+json\" class=\"yoast-schema-graph\">{\"@context\":\"https:\\\/\\\/schema.org\",\"@graph\":[{\"@type\":\"WebPage\",\"@id\":\"https:\\\/\\\/www.ccc-group.com\\\/fr\\\/responsible-care\\\/notre-engagement\\\/\",\"url\":\"https:\\\/\\\/www.ccc-group.com\\\/fr\\\/responsible-care\\\/notre-engagement\\\/\",\"name\":\"Notre Engagement - CCC Group\",\"isPartOf\":{\"@id\":\"https:\\\/\\\/www.ccc-group.com\\\/fr\\\/#website\"},\"datePublished\":\"2023-11-16T15:41:39+00:00\",\"dateModified\":\"2023-11-23T16:32:31+00:00\",\"breadcrumb\":{\"@id\":\"https:\\\/\\\/www.ccc-group.com\\\/fr\\\/responsible-care\\\/notre-engagement\\\/#breadcrumb\"},\"inLanguage\":\"fr-FR\",\"potentialAction\":[{\"@type\":\"ReadAction\",\"target\":[\"https:\\\/\\\/www.ccc-group.com\\\/fr\\\/responsible-care\\\/notre-engagement\\\/\"]}]},{\"@type\":\"BreadcrumbList\",\"@id\":\"https:\\\/\\\/www.ccc-group.com\\\/fr\\\/responsible-care\\\/notre-engagement\\\/#breadcrumb\",\"itemListElement\":[{\"@type\":\"ListItem\",\"position\":1,\"name\":\"Accueil\",\"item\":\"https:\\\/\\\/www.ccc-group.com\\\/fr\\\/\"},{\"@type\":\"ListItem\",\"position\":2,\"name\":\"Gestion Responsable\",\"item\":\"https:\\\/\\\/www.ccc-group.com\\\/fr\\\/responsible-care\\\/\"},{\"@type\":\"ListItem\",\"position\":3,\"name\":\"Notre Engagement\"}]},{\"@type\":\"WebSite\",\"@id\":\"https:\\\/\\\/www.ccc-group.com\\\/fr\\\/#website\",\"url\":\"https:\\\/\\\/www.ccc-group.com\\\/fr\\\/\",\"name\":\"CCC Group\",\"description\":\"\",\"potentialAction\":[{\"@type\":\"SearchAction\",\"target\":{\"@type\":\"EntryPoint\",\"urlTemplate\":\"https:\\\/\\\/www.ccc-group.com\\\/fr\\\/?s={search_term_string}\"},\"query-input\":{\"@type\":\"PropertyValueSpecification\",\"valueRequired\":true,\"valueName\":\"search_term_string\"}}],\"inLanguage\":\"fr-FR\"}]}<\/script>\n<!-- \/ Yoast SEO plugin. -->","yoast_head_json":{"title":"Notre Engagement - CCC Group","robots":{"index":"index","follow":"follow","max-snippet":"max-snippet:-1","max-image-preview":"max-image-preview:large","max-video-preview":"max-video-preview:-1"},"canonical":"https:\/\/www.ccc-group.com\/fr\/responsible-care\/notre-engagement\/","og_locale":"fr_FR","og_type":"article","og_title":"Notre Engagement - CCC Group","og_description":"Le groupe des soci\u00e9t\u00e9 CCC \u00e0 adopter toutes les pr\u00e9cautions pratiques pour s\u2019assurer que ses produits et op\u00e9rations ne pr\u00e9sentent pas un niveau inacceptable de risque pour ses employ\u00e9s, ses...","og_url":"https:\/\/www.ccc-group.com\/fr\/responsible-care\/notre-engagement\/","og_site_name":"CCC Group","article_modified_time":"2023-11-23T16:32:31+00:00","twitter_card":"summary_large_image","twitter_misc":{"Dur\u00e9e de lecture estim\u00e9e":"1 minute"},"schema":{"@context":"https:\/\/schema.org","@graph":[{"@type":"WebPage","@id":"https:\/\/www.ccc-group.com\/fr\/responsible-care\/notre-engagement\/","url":"https:\/\/www.ccc-group.com\/fr\/responsible-care\/notre-engagement\/","name":"Notre Engagement - CCC Group","isPartOf":{"@id":"https:\/\/www.ccc-group.com\/fr\/#website"},"datePublished":"2023-11-16T15:41:39+00:00","dateModified":"2023-11-23T16:32:31+00:00","breadcrumb":{"@id":"https:\/\/www.ccc-group.com\/fr\/responsible-care\/notre-engagement\/#breadcrumb"},"inLanguage":"fr-FR","potentialAction":[{"@type":"ReadAction","target":["https:\/\/www.ccc-group.com\/fr\/responsible-care\/notre-engagement\/"]}]},{"@type":"BreadcrumbList","@id":"https:\/\/www.ccc-group.com\/fr\/responsible-care\/notre-engagement\/#breadcrumb","itemListElement":[{"@type":"ListItem","position":1,"name":"Accueil","item":"https:\/\/www.ccc-group.com\/fr\/"},{"@type":"ListItem","position":2,"name":"Gestion Responsable","item":"https:\/\/www.ccc-group.com\/fr\/responsible-care\/"},{"@type":"ListItem","position":3,"name":"Notre Engagement"}]},{"@type":"WebSite","@id":"https:\/\/www.ccc-group.com\/fr\/#website","url":"https:\/\/www.ccc-group.com\/fr\/","name":"CCC Group","description":"","potentialAction":[{"@type":"SearchAction","target":{"@type":"EntryPoint","urlTemplate":"https:\/\/www.ccc-group.com\/fr\/?s={search_term_string}"},"query-input":{"@type":"PropertyValueSpecification","valueRequired":true,"valueName":"search_term_string"}}],"inLanguage":"fr-FR"}]}},"_links":{"self":[{"href":"https:\/\/www.ccc-group.com\/fr\/wp-json\/wp\/v2\/pages\/795","targetHints":{"allow":["GET"]}}],"collection":[{"href":"https:\/\/www.ccc-group.com\/fr\/wp-json\/wp\/v2\/pages"}],"about":[{"href":"https:\/\/www.ccc-group.com\/fr\/wp-json\/wp\/v2\/types\/page"}],"author":[{"embeddable":true,"href":"https:\/\/www.ccc-group.com\/fr\/wp-json\/wp\/v2\/users\/1"}],"replies":[{"embeddable":true,"href":"https:\/\/www.ccc-group.com\/fr\/wp-json\/wp\/v2\/comments?post=795"}],"version-history":[{"count":1,"href":"https:\/\/www.ccc-group.com\/fr\/wp-json\/wp\/v2\/pages\/795\/revisions"}],"predecessor-version":[{"id":802,"href":"https:\/\/www.ccc-group.com\/fr\/wp-json\/wp\/v2\/pages\/795\/revisions\/802"}],"up":[{"embeddable":true,"href":"https:\/\/www.ccc-group.com\/fr\/wp-json\/wp\/v2\/pages\/793"}],"wp:attachment":[{"href":"https:\/\/www.ccc-group.com\/fr\/wp-json\/wp\/v2\/media?parent=795"}],"curies":[{"name":"wp","href":"https:\/\/api.w.org\/{rel}","templated":true}]}}