{"id":793,"date":"2023-11-14T12:07:40","date_gmt":"2023-11-14T17:07:40","guid":{"rendered":"https:\/\/www.ccc-group.com\/responsible-care\/"},"modified":"2024-06-26T14:40:58","modified_gmt":"2024-06-26T18:40:58","slug":"responsible-care","status":"publish","type":"page","link":"https:\/\/www.ccc-group.com\/fr\/responsible-care\/","title":{"rendered":"Gestion Responsable"},"content":{"rendered":"\n<p>Le programme Gestion Responsable\u00ae a \u00e9t\u00e9 cr\u00e9\u00e9 en 1985 par l\u2019Association canadienne de l\u2019industrie de la chimie (\u00ab ACIC \u00bb), appel\u00e9e ant\u00e9rieurement l\u2019Association canadienne des fabricants de produits chimiques (\u00ab ACFPC \u00bb), afin de g\u00e9rer de fa\u00e7on plus directe les pr\u00e9occupations du public relatives aux produits chimiques, suscit\u00e9es en grande partie par le d\u00e9raillement majeur d\u2019un train \u00e0 Mississauga, Ontario, et l\u2019\u00e9vacuation des personnes vivant dans la zone en 1979 et aggrav\u00e9es par le d\u00e9versement m\u00e9thylisocyanate \u00e0 Bhopal en Inde en 1984.<\/p>\n\n\n\n<p>Gestion Responsable\u00ae est un programme dans le cadre duquel l\u2019industrie chimique s\u2019est engag\u00e9e envers le d\u00e9veloppement durable et l\u2019am\u00e9lioration de la soci\u00e9t\u00e9, de l\u2019environnement et de l\u2019\u00e9conomie. L\u2019\u00e9thique et les principes sur lesquels ce programme est fond\u00e9 contraignent les entreprises \u00e0 innover pour mettre au point des produits et des proc\u00e9d\u00e9s plus s\u00fbrs et plus respectueux de l\u2019environnement et \u00e0 travailler en collaboration pour identifier et \u00e9liminer les nuisances dans tout le cycle de vie de leurs produits.<\/p>\n\n\n\n<p>Gestion Responsable\u00ae repr\u00e9sente un engagement envers l\u2019am\u00e9lioration continue de tous les aspects des r\u00e9alisations de l\u2019industrie chimique dans les domaines de l\u2019environnement, de la sant\u00e9 et de la s\u00e9curit\u00e9 et l\u2019assurance de la transparence sur ses activit\u00e9s et de ses r\u00e9alisations.<\/p>\n\n\n\n<p>Il existe trois codes de pratique dans le cadre de la Gestion Responsable\u00ae qui guident les entreprises dans les d\u00e9cisions quotidiennes qui sont essentielles pour qu\u2019elles atteignent les objectifs de d\u00e9veloppement durable.<\/p>\n\n\n\n<p>Le code des op\u00e9rations r\u00e9git les \u00e9l\u00e9ments pour lesquels l\u2019entreprise a un contr\u00f4le plus direct, tels que la fabrication, l\u2019emballage, l\u2019entreposage et le transport.<\/p>\n\n\n\n<p>Le code de g\u00e9rance r\u00e9git tous les \u00e9l\u00e9ments qui impliquent un travail de d\u00e9veloppement ou une responsabilit\u00e9 dans toute la cha\u00eene d\u2019approvisionnement par le biais des fournisseurs, des clients et des distributeurs.<\/p>\n\n\n\n<p>Le code de responsabilit\u00e9 r\u00e9git tous les \u00e9l\u00e9ments relatifs \u00e0 l\u2019engagement avec d\u2019autres parties int\u00e9ress\u00e9es, localement et de fa\u00e7on plus large. L\u2019un des aspects que nous prenons tr\u00e8s au s\u00e9rieux sont les propri\u00e9t\u00e9s voisines \u00e0 proximit\u00e9 de nos sites d\u2019op\u00e9rations. Chaque ann\u00e9e, nos directeurs locaux consacrent du temps \u00e0 visiter en personne toutes les propri\u00e9t\u00e9s voisines pour assurer que leurs propri\u00e9taires savent qui nous sommes, ce que nous faisons et comment nous att\u00e9nuons les risques pour chaque communaut\u00e9. La lettre ci-jointe est un exemple de certains des th\u00e8mes discut\u00e9s \u00e0 ces r\u00e9unions. (install link to community letter\/cr\u00e9er un lien vers la lettre \u00e0 la communaut\u00e9)<\/p>\n\n\n\n<p>Gestion Responsable\u00ae couvre tous les aspects des activit\u00e9s d\u2019une entreprise, incluant la protection de l\u2019environnement, la conservation des ressources, la sant\u00e9 et la s\u00e9curit\u00e9 du travail, la s\u00e9curit\u00e9 des proc\u00e9d\u00e9s, la recherche et le d\u00e9veloppement, le transport, la gestion des produits, les achats, la s\u00e9curit\u00e9 et la responsabilit\u00e9 sociale. Ce programme n\u00e9cessite l\u2019engagement des voisins des sites, des communaut\u00e9s le long des couloirs de transport, des intervenants d\u2019urgence, des critiques et des d\u00e9fenseurs, ainsi que des gouvernements \u00e0 tous les niveaux, de faire avancer les lois et les r\u00e8glements \u00e0 l\u2019appui du d\u00e9veloppement durable.<\/p>\n\n\n\n<p>L\u2019\u00e9thique rigoureuse du programme Gestion Responsable\u00ae est partag\u00e9e par plus de 50 pays dans le monde. Les entreprises membres de l\u2019ACIC sont largement consid\u00e9r\u00e9es comme des chefs de file mondiaux dans le domaine de la responsabilit\u00e9 des entreprises. CCC est fi\u00e8re d\u2019\u00eatre une entreprise membre engag\u00e9e.<\/p>\n\n\n\n<p><\/p>\n","protected":false},"excerpt":{"rendered":"<p>Le programme Gestion Responsable\u00ae a \u00e9t\u00e9 cr\u00e9\u00e9 en 1985 par l\u2019Association canadienne de l\u2019industrie de la chimie (\u00ab ACIC \u00bb), appel\u00e9e ant\u00e9rieurement l\u2019Association canadienne des fabricants de produits chimiques (\u00ab&#8230;<\/p>\n","protected":false},"author":1,"featured_media":0,"parent":0,"menu_order":0,"comment_status":"closed","ping_status":"closed","template":"","meta":{"_acf_changed":false,"footnotes":""},"class_list":["post-793","page","type-page","status-publish","hentry"],"acf":[],"yoast_head":"<!-- This site is optimized with the Yoast SEO plugin v27.5 - https:\/\/yoast.com\/product\/yoast-seo-wordpress\/ -->\n<title>Gestion Responsable - CCC Group<\/title>\n<meta name=\"robots\" content=\"index, follow, max-snippet:-1, max-image-preview:large, max-video-preview:-1\" \/>\n<link rel=\"canonical\" href=\"https:\/\/www.ccc-group.com\/fr\/responsible-care\/\" \/>\n<meta property=\"og:locale\" content=\"fr_FR\" \/>\n<meta property=\"og:type\" content=\"article\" \/>\n<meta property=\"og:title\" content=\"Gestion Responsable - CCC Group\" \/>\n<meta property=\"og:description\" content=\"Le programme Gestion Responsable\u00ae a \u00e9t\u00e9 cr\u00e9\u00e9 en 1985 par l\u2019Association canadienne de l\u2019industrie de la chimie (\u00ab ACIC \u00bb), appel\u00e9e ant\u00e9rieurement l\u2019Association canadienne des fabricants de produits chimiques (\u00ab...\" \/>\n<meta property=\"og:url\" content=\"https:\/\/www.ccc-group.com\/fr\/responsible-care\/\" \/>\n<meta property=\"og:site_name\" content=\"CCC Group\" \/>\n<meta property=\"article:modified_time\" content=\"2024-06-26T18:40:58+00:00\" \/>\n<meta name=\"twitter:card\" content=\"summary_large_image\" \/>\n<meta name=\"twitter:label1\" content=\"Dur\u00e9e de lecture estim\u00e9e\" \/>\n\t<meta name=\"twitter:data1\" content=\"3 minutes\" \/>\n<script type=\"application\/ld+json\" class=\"yoast-schema-graph\">{\"@context\":\"https:\\\/\\\/schema.org\",\"@graph\":[{\"@type\":\"WebPage\",\"@id\":\"https:\\\/\\\/www.ccc-group.com\\\/fr\\\/responsible-care\\\/\",\"url\":\"https:\\\/\\\/www.ccc-group.com\\\/fr\\\/responsible-care\\\/\",\"name\":\"Gestion Responsable - CCC Group\",\"isPartOf\":{\"@id\":\"https:\\\/\\\/www.ccc-group.com\\\/fr\\\/#website\"},\"datePublished\":\"2023-11-14T17:07:40+00:00\",\"dateModified\":\"2024-06-26T18:40:58+00:00\",\"breadcrumb\":{\"@id\":\"https:\\\/\\\/www.ccc-group.com\\\/fr\\\/responsible-care\\\/#breadcrumb\"},\"inLanguage\":\"fr-FR\",\"potentialAction\":[{\"@type\":\"ReadAction\",\"target\":[\"https:\\\/\\\/www.ccc-group.com\\\/fr\\\/responsible-care\\\/\"]}]},{\"@type\":\"BreadcrumbList\",\"@id\":\"https:\\\/\\\/www.ccc-group.com\\\/fr\\\/responsible-care\\\/#breadcrumb\",\"itemListElement\":[{\"@type\":\"ListItem\",\"position\":1,\"name\":\"Accueil\",\"item\":\"https:\\\/\\\/www.ccc-group.com\\\/fr\\\/\"},{\"@type\":\"ListItem\",\"position\":2,\"name\":\"Gestion Responsable\"}]},{\"@type\":\"WebSite\",\"@id\":\"https:\\\/\\\/www.ccc-group.com\\\/fr\\\/#website\",\"url\":\"https:\\\/\\\/www.ccc-group.com\\\/fr\\\/\",\"name\":\"CCC Group\",\"description\":\"\",\"potentialAction\":[{\"@type\":\"SearchAction\",\"target\":{\"@type\":\"EntryPoint\",\"urlTemplate\":\"https:\\\/\\\/www.ccc-group.com\\\/fr\\\/?s={search_term_string}\"},\"query-input\":{\"@type\":\"PropertyValueSpecification\",\"valueRequired\":true,\"valueName\":\"search_term_string\"}}],\"inLanguage\":\"fr-FR\"}]}<\/script>\n<!-- \/ Yoast SEO plugin. -->","yoast_head_json":{"title":"Gestion Responsable - CCC Group","robots":{"index":"index","follow":"follow","max-snippet":"max-snippet:-1","max-image-preview":"max-image-preview:large","max-video-preview":"max-video-preview:-1"},"canonical":"https:\/\/www.ccc-group.com\/fr\/responsible-care\/","og_locale":"fr_FR","og_type":"article","og_title":"Gestion Responsable - CCC Group","og_description":"Le programme Gestion Responsable\u00ae a \u00e9t\u00e9 cr\u00e9\u00e9 en 1985 par l\u2019Association canadienne de l\u2019industrie de la chimie (\u00ab ACIC \u00bb), appel\u00e9e ant\u00e9rieurement l\u2019Association canadienne des fabricants de produits chimiques (\u00ab...","og_url":"https:\/\/www.ccc-group.com\/fr\/responsible-care\/","og_site_name":"CCC Group","article_modified_time":"2024-06-26T18:40:58+00:00","twitter_card":"summary_large_image","twitter_misc":{"Dur\u00e9e de lecture estim\u00e9e":"3 minutes"},"schema":{"@context":"https:\/\/schema.org","@graph":[{"@type":"WebPage","@id":"https:\/\/www.ccc-group.com\/fr\/responsible-care\/","url":"https:\/\/www.ccc-group.com\/fr\/responsible-care\/","name":"Gestion Responsable - CCC Group","isPartOf":{"@id":"https:\/\/www.ccc-group.com\/fr\/#website"},"datePublished":"2023-11-14T17:07:40+00:00","dateModified":"2024-06-26T18:40:58+00:00","breadcrumb":{"@id":"https:\/\/www.ccc-group.com\/fr\/responsible-care\/#breadcrumb"},"inLanguage":"fr-FR","potentialAction":[{"@type":"ReadAction","target":["https:\/\/www.ccc-group.com\/fr\/responsible-care\/"]}]},{"@type":"BreadcrumbList","@id":"https:\/\/www.ccc-group.com\/fr\/responsible-care\/#breadcrumb","itemListElement":[{"@type":"ListItem","position":1,"name":"Accueil","item":"https:\/\/www.ccc-group.com\/fr\/"},{"@type":"ListItem","position":2,"name":"Gestion Responsable"}]},{"@type":"WebSite","@id":"https:\/\/www.ccc-group.com\/fr\/#website","url":"https:\/\/www.ccc-group.com\/fr\/","name":"CCC Group","description":"","potentialAction":[{"@type":"SearchAction","target":{"@type":"EntryPoint","urlTemplate":"https:\/\/www.ccc-group.com\/fr\/?s={search_term_string}"},"query-input":{"@type":"PropertyValueSpecification","valueRequired":true,"valueName":"search_term_string"}}],"inLanguage":"fr-FR"}]}},"_links":{"self":[{"href":"https:\/\/www.ccc-group.com\/fr\/wp-json\/wp\/v2\/pages\/793","targetHints":{"allow":["GET"]}}],"collection":[{"href":"https:\/\/www.ccc-group.com\/fr\/wp-json\/wp\/v2\/pages"}],"about":[{"href":"https:\/\/www.ccc-group.com\/fr\/wp-json\/wp\/v2\/types\/page"}],"author":[{"embeddable":true,"href":"https:\/\/www.ccc-group.com\/fr\/wp-json\/wp\/v2\/users\/1"}],"replies":[{"embeddable":true,"href":"https:\/\/www.ccc-group.com\/fr\/wp-json\/wp\/v2\/comments?post=793"}],"version-history":[{"count":2,"href":"https:\/\/www.ccc-group.com\/fr\/wp-json\/wp\/v2\/pages\/793\/revisions"}],"predecessor-version":[{"id":960,"href":"https:\/\/www.ccc-group.com\/fr\/wp-json\/wp\/v2\/pages\/793\/revisions\/960"}],"wp:attachment":[{"href":"https:\/\/www.ccc-group.com\/fr\/wp-json\/wp\/v2\/media?parent=793"}],"curies":[{"name":"wp","href":"https:\/\/api.w.org\/{rel}","templated":true}]}}