{"id":769,"date":"2023-11-16T10:29:48","date_gmt":"2023-11-16T15:29:48","guid":{"rendered":"https:\/\/www.ccc-group.com\/plastics\/solutions\/transportation\/"},"modified":"2023-11-22T16:01:05","modified_gmt":"2023-11-22T21:01:05","slug":"transportation","status":"publish","type":"page","link":"https:\/\/www.ccc-group.com\/fr\/plastics\/solutions\/transportation\/","title":{"rendered":"Transport"},"content":{"rendered":"\n<p>CCC Plastics fournit une gamme compl\u00e8te de compos\u00e9s, de m\u00e9langes ma\u00eetres et de r\u00e9sines \u00e0 utiliser dans les applications de transport.<\/p>\n\n\n\n<p>Les m\u00e9langes ma\u00eetres blancs, de couleur et additifs personnalis\u00e9s ou les compos\u00e9s de PVC souple ou de polypropyl\u00e8ne renforc\u00e9 \u00e0 la fibre min\u00e9rale ou de verre sont d\u00e9velopp\u00e9s conjointement pour r\u00e9pondre aux exigences des utilisateurs finals.&nbsp;<\/p>\n\n\n\n<p>CCC Plastics fournit toute une gamme de polym\u00e8res utilis\u00e9s dans les industries du transport et de l\u2019automobile, incluant le HDPE, le LLDPE, le LDPE, le PP, le PS, le PVC, l\u2019ABS, l\u2019acrylique, le polycarbonate, l\u2019ac\u00e9tyle et les nylons et une gamme d\u2019additifs polym\u00e9riques, visant \u00e0 am\u00e9liorer l\u2019efficacit\u00e9 de conversion et les caract\u00e9ristiques du produit fini.<\/p>\n\n\n\n<p>En tant que chef de file dans la distribution de produits de base, de produits techniques et de produits de sp\u00e9cialit\u00e9, CCC Plastics s\u2019engage \u00e0 faciliter vos activit\u00e9s commerciales.&nbsp;&nbsp;<\/p>\n","protected":false},"excerpt":{"rendered":"<p>CCC Plastics fournit une gamme compl\u00e8te de compos\u00e9s, de m\u00e9langes ma\u00eetres et de r\u00e9sines \u00e0 utiliser dans les applications de transport. Les m\u00e9langes ma\u00eetres blancs, de couleur et additifs personnalis\u00e9s&#8230;<\/p>\n","protected":false},"author":1,"featured_media":433,"parent":689,"menu_order":0,"comment_status":"closed","ping_status":"closed","template":"","meta":{"_acf_changed":false,"footnotes":""},"class_list":["post-769","page","type-page","status-publish","has-post-thumbnail","hentry"],"acf":[],"yoast_head":"<!-- This site is optimized with the Yoast SEO plugin v27.3 - https:\/\/yoast.com\/product\/yoast-seo-wordpress\/ -->\n<title>Transport - CCC Group<\/title>\n<meta name=\"robots\" content=\"index, follow, max-snippet:-1, max-image-preview:large, max-video-preview:-1\" \/>\n<link rel=\"canonical\" href=\"https:\/\/www.ccc-group.com\/fr\/plastics\/solutions\/transportation\/\" \/>\n<meta property=\"og:locale\" content=\"fr_FR\" \/>\n<meta property=\"og:type\" content=\"article\" \/>\n<meta property=\"og:title\" content=\"Transport - CCC Group\" \/>\n<meta property=\"og:description\" content=\"CCC Plastics fournit une gamme compl\u00e8te de compos\u00e9s, de m\u00e9langes ma\u00eetres et de r\u00e9sines \u00e0 utiliser dans les applications de transport. Les m\u00e9langes ma\u00eetres blancs, de couleur et additifs personnalis\u00e9s...\" \/>\n<meta property=\"og:url\" content=\"https:\/\/www.ccc-group.com\/fr\/plastics\/solutions\/transportation\/\" \/>\n<meta property=\"og:site_name\" content=\"CCC Group\" \/>\n<meta property=\"article:modified_time\" content=\"2023-11-22T21:01:05+00:00\" \/>\n<meta property=\"og:image\" content=\"https:\/\/www.ccc-group.com\/wp-content\/uploads\/2023\/11\/hero_TailLight-Hero.jpg\" \/>\n\t<meta property=\"og:image:width\" content=\"2000\" \/>\n\t<meta property=\"og:image:height\" content=\"800\" \/>\n\t<meta property=\"og:image:type\" content=\"image\/jpeg\" \/>\n<meta name=\"twitter:card\" content=\"summary_large_image\" \/>\n<meta name=\"twitter:label1\" content=\"Dur\u00e9e de lecture estim\u00e9e\" \/>\n\t<meta name=\"twitter:data1\" content=\"1 minute\" \/>\n<script type=\"application\/ld+json\" class=\"yoast-schema-graph\">{\"@context\":\"https:\\\/\\\/schema.org\",\"@graph\":[{\"@type\":\"WebPage\",\"@id\":\"https:\\\/\\\/www.ccc-group.com\\\/fr\\\/plastics\\\/solutions\\\/transportation\\\/\",\"url\":\"https:\\\/\\\/www.ccc-group.com\\\/fr\\\/plastics\\\/solutions\\\/transportation\\\/\",\"name\":\"Transport - CCC Group\",\"isPartOf\":{\"@id\":\"https:\\\/\\\/www.ccc-group.com\\\/fr\\\/#website\"},\"primaryImageOfPage\":{\"@id\":\"https:\\\/\\\/www.ccc-group.com\\\/fr\\\/plastics\\\/solutions\\\/transportation\\\/#primaryimage\"},\"image\":{\"@id\":\"https:\\\/\\\/www.ccc-group.com\\\/fr\\\/plastics\\\/solutions\\\/transportation\\\/#primaryimage\"},\"thumbnailUrl\":\"https:\\\/\\\/www.ccc-group.com\\\/wp-content\\\/uploads\\\/2023\\\/11\\\/hero_TailLight-Hero.jpg\",\"datePublished\":\"2023-11-16T15:29:48+00:00\",\"dateModified\":\"2023-11-22T21:01:05+00:00\",\"breadcrumb\":{\"@id\":\"https:\\\/\\\/www.ccc-group.com\\\/fr\\\/plastics\\\/solutions\\\/transportation\\\/#breadcrumb\"},\"inLanguage\":\"fr-FR\",\"potentialAction\":[{\"@type\":\"ReadAction\",\"target\":[\"https:\\\/\\\/www.ccc-group.com\\\/fr\\\/plastics\\\/solutions\\\/transportation\\\/\"]}]},{\"@type\":\"ImageObject\",\"inLanguage\":\"fr-FR\",\"@id\":\"https:\\\/\\\/www.ccc-group.com\\\/fr\\\/plastics\\\/solutions\\\/transportation\\\/#primaryimage\",\"url\":\"https:\\\/\\\/www.ccc-group.com\\\/wp-content\\\/uploads\\\/2023\\\/11\\\/hero_TailLight-Hero.jpg\",\"contentUrl\":\"https:\\\/\\\/www.ccc-group.com\\\/wp-content\\\/uploads\\\/2023\\\/11\\\/hero_TailLight-Hero.jpg\",\"width\":2000,\"height\":800,\"caption\":\"car tail light\"},{\"@type\":\"BreadcrumbList\",\"@id\":\"https:\\\/\\\/www.ccc-group.com\\\/fr\\\/plastics\\\/solutions\\\/transportation\\\/#breadcrumb\",\"itemListElement\":[{\"@type\":\"ListItem\",\"position\":1,\"name\":\"Accueil\",\"item\":\"https:\\\/\\\/www.ccc-group.com\\\/fr\\\/\"},{\"@type\":\"ListItem\",\"position\":2,\"name\":\"Plastiques\",\"item\":\"https:\\\/\\\/www.ccc-group.com\\\/fr\\\/plastics\\\/\"},{\"@type\":\"ListItem\",\"position\":3,\"name\":\"Solutions\",\"item\":\"https:\\\/\\\/www.ccc-group.com\\\/fr\\\/plastics\\\/solutions\\\/\"},{\"@type\":\"ListItem\",\"position\":4,\"name\":\"Transport\"}]},{\"@type\":\"WebSite\",\"@id\":\"https:\\\/\\\/www.ccc-group.com\\\/fr\\\/#website\",\"url\":\"https:\\\/\\\/www.ccc-group.com\\\/fr\\\/\",\"name\":\"CCC Group\",\"description\":\"\",\"potentialAction\":[{\"@type\":\"SearchAction\",\"target\":{\"@type\":\"EntryPoint\",\"urlTemplate\":\"https:\\\/\\\/www.ccc-group.com\\\/fr\\\/?s={search_term_string}\"},\"query-input\":{\"@type\":\"PropertyValueSpecification\",\"valueRequired\":true,\"valueName\":\"search_term_string\"}}],\"inLanguage\":\"fr-FR\"}]}<\/script>\n<!-- \/ Yoast SEO plugin. -->","yoast_head_json":{"title":"Transport - CCC Group","robots":{"index":"index","follow":"follow","max-snippet":"max-snippet:-1","max-image-preview":"max-image-preview:large","max-video-preview":"max-video-preview:-1"},"canonical":"https:\/\/www.ccc-group.com\/fr\/plastics\/solutions\/transportation\/","og_locale":"fr_FR","og_type":"article","og_title":"Transport - CCC Group","og_description":"CCC Plastics fournit une gamme compl\u00e8te de compos\u00e9s, de m\u00e9langes ma\u00eetres et de r\u00e9sines \u00e0 utiliser dans les applications de transport. Les m\u00e9langes ma\u00eetres blancs, de couleur et additifs personnalis\u00e9s...","og_url":"https:\/\/www.ccc-group.com\/fr\/plastics\/solutions\/transportation\/","og_site_name":"CCC Group","article_modified_time":"2023-11-22T21:01:05+00:00","og_image":[{"width":2000,"height":800,"url":"https:\/\/www.ccc-group.com\/wp-content\/uploads\/2023\/11\/hero_TailLight-Hero.jpg","type":"image\/jpeg"}],"twitter_card":"summary_large_image","twitter_misc":{"Dur\u00e9e de lecture estim\u00e9e":"1 minute"},"schema":{"@context":"https:\/\/schema.org","@graph":[{"@type":"WebPage","@id":"https:\/\/www.ccc-group.com\/fr\/plastics\/solutions\/transportation\/","url":"https:\/\/www.ccc-group.com\/fr\/plastics\/solutions\/transportation\/","name":"Transport - CCC Group","isPartOf":{"@id":"https:\/\/www.ccc-group.com\/fr\/#website"},"primaryImageOfPage":{"@id":"https:\/\/www.ccc-group.com\/fr\/plastics\/solutions\/transportation\/#primaryimage"},"image":{"@id":"https:\/\/www.ccc-group.com\/fr\/plastics\/solutions\/transportation\/#primaryimage"},"thumbnailUrl":"https:\/\/www.ccc-group.com\/wp-content\/uploads\/2023\/11\/hero_TailLight-Hero.jpg","datePublished":"2023-11-16T15:29:48+00:00","dateModified":"2023-11-22T21:01:05+00:00","breadcrumb":{"@id":"https:\/\/www.ccc-group.com\/fr\/plastics\/solutions\/transportation\/#breadcrumb"},"inLanguage":"fr-FR","potentialAction":[{"@type":"ReadAction","target":["https:\/\/www.ccc-group.com\/fr\/plastics\/solutions\/transportation\/"]}]},{"@type":"ImageObject","inLanguage":"fr-FR","@id":"https:\/\/www.ccc-group.com\/fr\/plastics\/solutions\/transportation\/#primaryimage","url":"https:\/\/www.ccc-group.com\/wp-content\/uploads\/2023\/11\/hero_TailLight-Hero.jpg","contentUrl":"https:\/\/www.ccc-group.com\/wp-content\/uploads\/2023\/11\/hero_TailLight-Hero.jpg","width":2000,"height":800,"caption":"car tail light"},{"@type":"BreadcrumbList","@id":"https:\/\/www.ccc-group.com\/fr\/plastics\/solutions\/transportation\/#breadcrumb","itemListElement":[{"@type":"ListItem","position":1,"name":"Accueil","item":"https:\/\/www.ccc-group.com\/fr\/"},{"@type":"ListItem","position":2,"name":"Plastiques","item":"https:\/\/www.ccc-group.com\/fr\/plastics\/"},{"@type":"ListItem","position":3,"name":"Solutions","item":"https:\/\/www.ccc-group.com\/fr\/plastics\/solutions\/"},{"@type":"ListItem","position":4,"name":"Transport"}]},{"@type":"WebSite","@id":"https:\/\/www.ccc-group.com\/fr\/#website","url":"https:\/\/www.ccc-group.com\/fr\/","name":"CCC Group","description":"","potentialAction":[{"@type":"SearchAction","target":{"@type":"EntryPoint","urlTemplate":"https:\/\/www.ccc-group.com\/fr\/?s={search_term_string}"},"query-input":{"@type":"PropertyValueSpecification","valueRequired":true,"valueName":"search_term_string"}}],"inLanguage":"fr-FR"}]}},"_links":{"self":[{"href":"https:\/\/www.ccc-group.com\/fr\/wp-json\/wp\/v2\/pages\/769","targetHints":{"allow":["GET"]}}],"collection":[{"href":"https:\/\/www.ccc-group.com\/fr\/wp-json\/wp\/v2\/pages"}],"about":[{"href":"https:\/\/www.ccc-group.com\/fr\/wp-json\/wp\/v2\/types\/page"}],"author":[{"embeddable":true,"href":"https:\/\/www.ccc-group.com\/fr\/wp-json\/wp\/v2\/users\/1"}],"replies":[{"embeddable":true,"href":"https:\/\/www.ccc-group.com\/fr\/wp-json\/wp\/v2\/comments?post=769"}],"version-history":[{"count":2,"href":"https:\/\/www.ccc-group.com\/fr\/wp-json\/wp\/v2\/pages\/769\/revisions"}],"predecessor-version":[{"id":772,"href":"https:\/\/www.ccc-group.com\/fr\/wp-json\/wp\/v2\/pages\/769\/revisions\/772"}],"up":[{"embeddable":true,"href":"https:\/\/www.ccc-group.com\/fr\/wp-json\/wp\/v2\/pages\/689"}],"wp:featuredmedia":[{"embeddable":true,"href":"https:\/\/www.ccc-group.com\/fr\/wp-json\/wp\/v2\/media\/433"}],"wp:attachment":[{"href":"https:\/\/www.ccc-group.com\/fr\/wp-json\/wp\/v2\/media?parent=769"}],"curies":[{"name":"wp","href":"https:\/\/api.w.org\/{rel}","templated":true}]}}