{"id":767,"date":"2023-11-15T11:32:48","date_gmt":"2023-11-15T16:32:48","guid":{"rendered":"https:\/\/www.ccc-group.com\/plastics\/solutions\/flexible-packaging\/"},"modified":"2023-11-23T10:45:35","modified_gmt":"2023-11-23T15:45:35","slug":"flexible-packaging","status":"publish","type":"page","link":"https:\/\/www.ccc-group.com\/fr\/plastics\/solutions\/flexible-packaging\/","title":{"rendered":"Souple"},"content":{"rendered":"\n<p>CCC Plastics fabrique des solutions pour m\u00e9langes ma\u00eetres pour des applications de film en polyuol\u00e9fine qui fournissent la meilleure association d\u2019opacit\u00e9, de r\u00e9sistance contre la corrosion, de souplesse, de dispersabilit\u00e9 et d\u2019optimisation du proc\u00e9d\u00e9. Nous augmentons activement notre gamme d\u2019offres avec davantage de solutions \u00e0 valeur ajout\u00e9e.&nbsp;<\/p>\n\n\n\n<p>Votre \u00e9quipe CCC fournit avec comp\u00e9tence une gamme compl\u00e8te de m\u00e9langes ma\u00eetres blancs, de couleur et additifs pour am\u00e9liorer la couleur, les propri\u00e9t\u00e9s ou l\u2019aptitude \u00e0 la transformation des r\u00e9sines de plastique utilis\u00e9es au sein du march\u00e9 de l\u2019emballage souple. Les additifs polym\u00e9riques peuvent \u00eatre formul\u00e9s comme un composant unique ou de type multifonctionnel et en association avec des colorants. Nous utilisons des stabilisateurs de chaleur non toxiques pour les films en PVC, &nbsp;et divers additifs polym\u00e9riques pour am\u00e9liorer l\u2019aptitude \u00e0 la transformation.<\/p>\n\n\n\n<p>CCC Plastics fournit les polym\u00e8res suivants \u00e0 l\u2019industrie de l\u2019emballage industriel et de consommation : HDPE, LLDPE, LDPE, PP, PS, PVC, TPE, TPO, EVA et copolyester.<\/p>\n\n\n\n<p>Notre exp\u00e9rience nous permet de comprendre pleinement cette industrie innovatrice en constante \u00e9volution. En choisissant CCC Plastics pour r\u00e9pondre \u00e0 vos besoins en m\u00e9langes ma\u00eetres et en r\u00e9sines, vous b\u00e9n\u00e9ficierez des avantages que vous offrent nos connaissances et nos comp\u00e9tences.&nbsp;<\/p>\n\n\n\n<div class=\"wp-block-buttons is-layout-flex wp-block-buttons-is-layout-flex\">\n<div class=\"wp-block-button\"><a class=\"wp-block-button__link wp-element-button\" href=\"https:\/\/www.ccc-group.com\/wp-content\/uploads\/2023\/11\/Film-Flexibles.pdf\" target=\"_blank\" rel=\"noreferrer noopener\">films\/produits flexibles<\/a><\/div>\n<\/div>\n","protected":false},"excerpt":{"rendered":"<p>CCC Plastics fabrique des solutions pour m\u00e9langes ma\u00eetres pour des applications de film en polyuol\u00e9fine qui fournissent la meilleure association d\u2019opacit\u00e9, de r\u00e9sistance contre la corrosion, de souplesse, de dispersabilit\u00e9&#8230;<\/p>\n","protected":false},"author":1,"featured_media":447,"parent":689,"menu_order":0,"comment_status":"closed","ping_status":"closed","template":"","meta":{"_acf_changed":false,"footnotes":""},"class_list":["post-767","page","type-page","status-publish","has-post-thumbnail","hentry"],"acf":[],"yoast_head":"<!-- This site is optimized with the Yoast SEO plugin v27.3 - https:\/\/yoast.com\/product\/yoast-seo-wordpress\/ -->\n<title>Souple - CCC Group<\/title>\n<meta name=\"robots\" content=\"index, follow, max-snippet:-1, max-image-preview:large, max-video-preview:-1\" \/>\n<link rel=\"canonical\" href=\"https:\/\/www.ccc-group.com\/fr\/plastics\/solutions\/flexible-packaging\/\" \/>\n<meta property=\"og:locale\" content=\"fr_FR\" \/>\n<meta property=\"og:type\" content=\"article\" \/>\n<meta property=\"og:title\" content=\"Souple - CCC Group\" \/>\n<meta property=\"og:description\" content=\"CCC Plastics fabrique des solutions pour m\u00e9langes ma\u00eetres pour des applications de film en polyuol\u00e9fine qui fournissent la meilleure association d\u2019opacit\u00e9, de r\u00e9sistance contre la corrosion, de souplesse, de dispersabilit\u00e9...\" \/>\n<meta property=\"og:url\" content=\"https:\/\/www.ccc-group.com\/fr\/plastics\/solutions\/flexible-packaging\/\" \/>\n<meta property=\"og:site_name\" content=\"CCC Group\" \/>\n<meta property=\"article:modified_time\" content=\"2023-11-23T15:45:35+00:00\" \/>\n<meta property=\"og:image\" content=\"https:\/\/www.ccc-group.com\/wp-content\/uploads\/2023\/11\/hero_FlexHero2.jpg\" \/>\n\t<meta property=\"og:image:width\" content=\"2000\" \/>\n\t<meta property=\"og:image:height\" content=\"800\" \/>\n\t<meta property=\"og:image:type\" content=\"image\/jpeg\" \/>\n<meta name=\"twitter:card\" content=\"summary_large_image\" \/>\n<meta name=\"twitter:label1\" content=\"Dur\u00e9e de lecture estim\u00e9e\" \/>\n\t<meta name=\"twitter:data1\" content=\"1 minute\" \/>\n<script type=\"application\/ld+json\" class=\"yoast-schema-graph\">{\"@context\":\"https:\\\/\\\/schema.org\",\"@graph\":[{\"@type\":\"WebPage\",\"@id\":\"https:\\\/\\\/www.ccc-group.com\\\/fr\\\/plastics\\\/solutions\\\/flexible-packaging\\\/\",\"url\":\"https:\\\/\\\/www.ccc-group.com\\\/fr\\\/plastics\\\/solutions\\\/flexible-packaging\\\/\",\"name\":\"Souple - CCC Group\",\"isPartOf\":{\"@id\":\"https:\\\/\\\/www.ccc-group.com\\\/fr\\\/#website\"},\"primaryImageOfPage\":{\"@id\":\"https:\\\/\\\/www.ccc-group.com\\\/fr\\\/plastics\\\/solutions\\\/flexible-packaging\\\/#primaryimage\"},\"image\":{\"@id\":\"https:\\\/\\\/www.ccc-group.com\\\/fr\\\/plastics\\\/solutions\\\/flexible-packaging\\\/#primaryimage\"},\"thumbnailUrl\":\"https:\\\/\\\/www.ccc-group.com\\\/wp-content\\\/uploads\\\/2023\\\/11\\\/hero_FlexHero2.jpg\",\"datePublished\":\"2023-11-15T16:32:48+00:00\",\"dateModified\":\"2023-11-23T15:45:35+00:00\",\"breadcrumb\":{\"@id\":\"https:\\\/\\\/www.ccc-group.com\\\/fr\\\/plastics\\\/solutions\\\/flexible-packaging\\\/#breadcrumb\"},\"inLanguage\":\"fr-FR\",\"potentialAction\":[{\"@type\":\"ReadAction\",\"target\":[\"https:\\\/\\\/www.ccc-group.com\\\/fr\\\/plastics\\\/solutions\\\/flexible-packaging\\\/\"]}]},{\"@type\":\"ImageObject\",\"inLanguage\":\"fr-FR\",\"@id\":\"https:\\\/\\\/www.ccc-group.com\\\/fr\\\/plastics\\\/solutions\\\/flexible-packaging\\\/#primaryimage\",\"url\":\"https:\\\/\\\/www.ccc-group.com\\\/wp-content\\\/uploads\\\/2023\\\/11\\\/hero_FlexHero2.jpg\",\"contentUrl\":\"https:\\\/\\\/www.ccc-group.com\\\/wp-content\\\/uploads\\\/2023\\\/11\\\/hero_FlexHero2.jpg\",\"width\":2000,\"height\":800,\"caption\":\"bails in a field\"},{\"@type\":\"BreadcrumbList\",\"@id\":\"https:\\\/\\\/www.ccc-group.com\\\/fr\\\/plastics\\\/solutions\\\/flexible-packaging\\\/#breadcrumb\",\"itemListElement\":[{\"@type\":\"ListItem\",\"position\":1,\"name\":\"Accueil\",\"item\":\"https:\\\/\\\/www.ccc-group.com\\\/fr\\\/\"},{\"@type\":\"ListItem\",\"position\":2,\"name\":\"Plastiques\",\"item\":\"https:\\\/\\\/www.ccc-group.com\\\/fr\\\/plastics\\\/\"},{\"@type\":\"ListItem\",\"position\":3,\"name\":\"Solutions\",\"item\":\"https:\\\/\\\/www.ccc-group.com\\\/fr\\\/plastics\\\/solutions\\\/\"},{\"@type\":\"ListItem\",\"position\":4,\"name\":\"Souple\"}]},{\"@type\":\"WebSite\",\"@id\":\"https:\\\/\\\/www.ccc-group.com\\\/fr\\\/#website\",\"url\":\"https:\\\/\\\/www.ccc-group.com\\\/fr\\\/\",\"name\":\"CCC Group\",\"description\":\"\",\"potentialAction\":[{\"@type\":\"SearchAction\",\"target\":{\"@type\":\"EntryPoint\",\"urlTemplate\":\"https:\\\/\\\/www.ccc-group.com\\\/fr\\\/?s={search_term_string}\"},\"query-input\":{\"@type\":\"PropertyValueSpecification\",\"valueRequired\":true,\"valueName\":\"search_term_string\"}}],\"inLanguage\":\"fr-FR\"}]}<\/script>\n<!-- \/ Yoast SEO plugin. -->","yoast_head_json":{"title":"Souple - CCC Group","robots":{"index":"index","follow":"follow","max-snippet":"max-snippet:-1","max-image-preview":"max-image-preview:large","max-video-preview":"max-video-preview:-1"},"canonical":"https:\/\/www.ccc-group.com\/fr\/plastics\/solutions\/flexible-packaging\/","og_locale":"fr_FR","og_type":"article","og_title":"Souple - CCC Group","og_description":"CCC Plastics fabrique des solutions pour m\u00e9langes ma\u00eetres pour des applications de film en polyuol\u00e9fine qui fournissent la meilleure association d\u2019opacit\u00e9, de r\u00e9sistance contre la corrosion, de souplesse, de dispersabilit\u00e9...","og_url":"https:\/\/www.ccc-group.com\/fr\/plastics\/solutions\/flexible-packaging\/","og_site_name":"CCC Group","article_modified_time":"2023-11-23T15:45:35+00:00","og_image":[{"width":2000,"height":800,"url":"https:\/\/www.ccc-group.com\/wp-content\/uploads\/2023\/11\/hero_FlexHero2.jpg","type":"image\/jpeg"}],"twitter_card":"summary_large_image","twitter_misc":{"Dur\u00e9e de lecture estim\u00e9e":"1 minute"},"schema":{"@context":"https:\/\/schema.org","@graph":[{"@type":"WebPage","@id":"https:\/\/www.ccc-group.com\/fr\/plastics\/solutions\/flexible-packaging\/","url":"https:\/\/www.ccc-group.com\/fr\/plastics\/solutions\/flexible-packaging\/","name":"Souple - CCC Group","isPartOf":{"@id":"https:\/\/www.ccc-group.com\/fr\/#website"},"primaryImageOfPage":{"@id":"https:\/\/www.ccc-group.com\/fr\/plastics\/solutions\/flexible-packaging\/#primaryimage"},"image":{"@id":"https:\/\/www.ccc-group.com\/fr\/plastics\/solutions\/flexible-packaging\/#primaryimage"},"thumbnailUrl":"https:\/\/www.ccc-group.com\/wp-content\/uploads\/2023\/11\/hero_FlexHero2.jpg","datePublished":"2023-11-15T16:32:48+00:00","dateModified":"2023-11-23T15:45:35+00:00","breadcrumb":{"@id":"https:\/\/www.ccc-group.com\/fr\/plastics\/solutions\/flexible-packaging\/#breadcrumb"},"inLanguage":"fr-FR","potentialAction":[{"@type":"ReadAction","target":["https:\/\/www.ccc-group.com\/fr\/plastics\/solutions\/flexible-packaging\/"]}]},{"@type":"ImageObject","inLanguage":"fr-FR","@id":"https:\/\/www.ccc-group.com\/fr\/plastics\/solutions\/flexible-packaging\/#primaryimage","url":"https:\/\/www.ccc-group.com\/wp-content\/uploads\/2023\/11\/hero_FlexHero2.jpg","contentUrl":"https:\/\/www.ccc-group.com\/wp-content\/uploads\/2023\/11\/hero_FlexHero2.jpg","width":2000,"height":800,"caption":"bails in a field"},{"@type":"BreadcrumbList","@id":"https:\/\/www.ccc-group.com\/fr\/plastics\/solutions\/flexible-packaging\/#breadcrumb","itemListElement":[{"@type":"ListItem","position":1,"name":"Accueil","item":"https:\/\/www.ccc-group.com\/fr\/"},{"@type":"ListItem","position":2,"name":"Plastiques","item":"https:\/\/www.ccc-group.com\/fr\/plastics\/"},{"@type":"ListItem","position":3,"name":"Solutions","item":"https:\/\/www.ccc-group.com\/fr\/plastics\/solutions\/"},{"@type":"ListItem","position":4,"name":"Souple"}]},{"@type":"WebSite","@id":"https:\/\/www.ccc-group.com\/fr\/#website","url":"https:\/\/www.ccc-group.com\/fr\/","name":"CCC Group","description":"","potentialAction":[{"@type":"SearchAction","target":{"@type":"EntryPoint","urlTemplate":"https:\/\/www.ccc-group.com\/fr\/?s={search_term_string}"},"query-input":{"@type":"PropertyValueSpecification","valueRequired":true,"valueName":"search_term_string"}}],"inLanguage":"fr-FR"}]}},"_links":{"self":[{"href":"https:\/\/www.ccc-group.com\/fr\/wp-json\/wp\/v2\/pages\/767","targetHints":{"allow":["GET"]}}],"collection":[{"href":"https:\/\/www.ccc-group.com\/fr\/wp-json\/wp\/v2\/pages"}],"about":[{"href":"https:\/\/www.ccc-group.com\/fr\/wp-json\/wp\/v2\/types\/page"}],"author":[{"embeddable":true,"href":"https:\/\/www.ccc-group.com\/fr\/wp-json\/wp\/v2\/users\/1"}],"replies":[{"embeddable":true,"href":"https:\/\/www.ccc-group.com\/fr\/wp-json\/wp\/v2\/comments?post=767"}],"version-history":[{"count":3,"href":"https:\/\/www.ccc-group.com\/fr\/wp-json\/wp\/v2\/pages\/767\/revisions"}],"predecessor-version":[{"id":866,"href":"https:\/\/www.ccc-group.com\/fr\/wp-json\/wp\/v2\/pages\/767\/revisions\/866"}],"up":[{"embeddable":true,"href":"https:\/\/www.ccc-group.com\/fr\/wp-json\/wp\/v2\/pages\/689"}],"wp:featuredmedia":[{"embeddable":true,"href":"https:\/\/www.ccc-group.com\/fr\/wp-json\/wp\/v2\/media\/447"}],"wp:attachment":[{"href":"https:\/\/www.ccc-group.com\/fr\/wp-json\/wp\/v2\/media?parent=767"}],"curies":[{"name":"wp","href":"https:\/\/api.w.org\/{rel}","templated":true}]}}