{"id":766,"date":"2023-11-16T10:26:44","date_gmt":"2023-11-16T15:26:44","guid":{"rendered":"https:\/\/www.ccc-group.com\/plastics\/solutions\/consumer\/"},"modified":"2023-11-22T16:08:12","modified_gmt":"2023-11-22T21:08:12","slug":"consumer","status":"publish","type":"page","link":"https:\/\/www.ccc-group.com\/fr\/plastics\/solutions\/consumer\/","title":{"rendered":"Produits de Consommation"},"content":{"rendered":"\n<p>CCC Plastics fournit des solutions coh\u00e9rentes et des couleurs pour une large gamme de produits de consommation qui incluent les meubles de jardin, les pots de fleurs, les treillis et les jouets. &nbsp;L\u2019intensit\u00e9 de la couleur, la stabilit\u00e9 aux UV, la dispersabilit\u00e9 des pigments sont des crit\u00e8res de performance cl\u00e9s qui sont pris en consid\u00e9ration pendant le d\u00e9veloppement des m\u00e9langes ma\u00eetres blancs, de couleur et additifs.&nbsp;Les compos\u00e9s en PO rempli de verre et de laine min\u00e9rale &nbsp;sur commande sont produits pour offrir les propri\u00e9t\u00e9s m\u00e9caniques requises.<\/p>\n\n\n\n<p>CCC Plastics entretient une relation commerciale \u00e9troite avec les principaux producteurs de r\u00e9sines en Am\u00e9rique du Nord et dans le monde. Nous distribuons \u00e9galement les polym\u00e8res suivants destin\u00e9s aux industries de la consommation :&nbsp; HDPE, LLDPE, LDPE, PP, PS, PVC, ABS, SAN, EVA, Nylon, Ac\u00e9tyle, PET, PC, Acrylique, Copolyester.<\/p>\n\n\n\n<p>De plus, nous fournissons des additifs polym\u00e9riques ayant des fonctionnalit\u00e9s diff\u00e9rentes pour am\u00e9liorer une vari\u00e9t\u00e9 de param\u00e8tres pour les processus et de caract\u00e9ristiques des produits finis.<\/p>\n","protected":false},"excerpt":{"rendered":"<p>CCC Plastics fournit des solutions coh\u00e9rentes et des couleurs pour une large gamme de produits de consommation qui incluent les meubles de jardin, les pots de fleurs, les treillis et&#8230;<\/p>\n","protected":false},"author":1,"featured_media":451,"parent":689,"menu_order":0,"comment_status":"closed","ping_status":"closed","template":"","meta":{"_acf_changed":false,"footnotes":""},"class_list":["post-766","page","type-page","status-publish","has-post-thumbnail","hentry"],"acf":[],"yoast_head":"<!-- This site is optimized with the Yoast SEO plugin v27.5 - https:\/\/yoast.com\/product\/yoast-seo-wordpress\/ -->\n<title>Produits de Consommation - CCC Group<\/title>\n<meta name=\"robots\" content=\"index, follow, max-snippet:-1, max-image-preview:large, max-video-preview:-1\" \/>\n<link rel=\"canonical\" href=\"https:\/\/www.ccc-group.com\/fr\/plastics\/solutions\/consumer\/\" \/>\n<meta property=\"og:locale\" content=\"fr_FR\" \/>\n<meta property=\"og:type\" content=\"article\" \/>\n<meta property=\"og:title\" content=\"Produits de Consommation - CCC Group\" \/>\n<meta property=\"og:description\" content=\"CCC Plastics fournit des solutions coh\u00e9rentes et des couleurs pour une large gamme de produits de consommation qui incluent les meubles de jardin, les pots de fleurs, les treillis et...\" \/>\n<meta property=\"og:url\" content=\"https:\/\/www.ccc-group.com\/fr\/plastics\/solutions\/consumer\/\" \/>\n<meta property=\"og:site_name\" content=\"CCC Group\" \/>\n<meta property=\"article:modified_time\" content=\"2023-11-22T21:08:12+00:00\" \/>\n<meta property=\"og:image\" content=\"https:\/\/www.ccc-group.com\/wp-content\/uploads\/2023\/11\/hero_ConsumerHero.jpg\" \/>\n\t<meta property=\"og:image:width\" content=\"2000\" \/>\n\t<meta property=\"og:image:height\" content=\"800\" \/>\n\t<meta property=\"og:image:type\" content=\"image\/jpeg\" \/>\n<meta name=\"twitter:card\" content=\"summary_large_image\" \/>\n<meta name=\"twitter:label1\" content=\"Dur\u00e9e de lecture estim\u00e9e\" \/>\n\t<meta name=\"twitter:data1\" content=\"1 minute\" \/>\n<script type=\"application\/ld+json\" class=\"yoast-schema-graph\">{\"@context\":\"https:\\\/\\\/schema.org\",\"@graph\":[{\"@type\":\"WebPage\",\"@id\":\"https:\\\/\\\/www.ccc-group.com\\\/fr\\\/plastics\\\/solutions\\\/consumer\\\/\",\"url\":\"https:\\\/\\\/www.ccc-group.com\\\/fr\\\/plastics\\\/solutions\\\/consumer\\\/\",\"name\":\"Produits de Consommation - CCC Group\",\"isPartOf\":{\"@id\":\"https:\\\/\\\/www.ccc-group.com\\\/fr\\\/#website\"},\"primaryImageOfPage\":{\"@id\":\"https:\\\/\\\/www.ccc-group.com\\\/fr\\\/plastics\\\/solutions\\\/consumer\\\/#primaryimage\"},\"image\":{\"@id\":\"https:\\\/\\\/www.ccc-group.com\\\/fr\\\/plastics\\\/solutions\\\/consumer\\\/#primaryimage\"},\"thumbnailUrl\":\"https:\\\/\\\/www.ccc-group.com\\\/wp-content\\\/uploads\\\/2023\\\/11\\\/hero_ConsumerHero.jpg\",\"datePublished\":\"2023-11-16T15:26:44+00:00\",\"dateModified\":\"2023-11-22T21:08:12+00:00\",\"breadcrumb\":{\"@id\":\"https:\\\/\\\/www.ccc-group.com\\\/fr\\\/plastics\\\/solutions\\\/consumer\\\/#breadcrumb\"},\"inLanguage\":\"fr-FR\",\"potentialAction\":[{\"@type\":\"ReadAction\",\"target\":[\"https:\\\/\\\/www.ccc-group.com\\\/fr\\\/plastics\\\/solutions\\\/consumer\\\/\"]}]},{\"@type\":\"ImageObject\",\"inLanguage\":\"fr-FR\",\"@id\":\"https:\\\/\\\/www.ccc-group.com\\\/fr\\\/plastics\\\/solutions\\\/consumer\\\/#primaryimage\",\"url\":\"https:\\\/\\\/www.ccc-group.com\\\/wp-content\\\/uploads\\\/2023\\\/11\\\/hero_ConsumerHero.jpg\",\"contentUrl\":\"https:\\\/\\\/www.ccc-group.com\\\/wp-content\\\/uploads\\\/2023\\\/11\\\/hero_ConsumerHero.jpg\",\"width\":2000,\"height\":800,\"caption\":\"Plastic patio chairs beside a pool\"},{\"@type\":\"BreadcrumbList\",\"@id\":\"https:\\\/\\\/www.ccc-group.com\\\/fr\\\/plastics\\\/solutions\\\/consumer\\\/#breadcrumb\",\"itemListElement\":[{\"@type\":\"ListItem\",\"position\":1,\"name\":\"Accueil\",\"item\":\"https:\\\/\\\/www.ccc-group.com\\\/fr\\\/\"},{\"@type\":\"ListItem\",\"position\":2,\"name\":\"Plastiques\",\"item\":\"https:\\\/\\\/www.ccc-group.com\\\/fr\\\/plastics\\\/\"},{\"@type\":\"ListItem\",\"position\":3,\"name\":\"Solutions\",\"item\":\"https:\\\/\\\/www.ccc-group.com\\\/fr\\\/plastics\\\/solutions\\\/\"},{\"@type\":\"ListItem\",\"position\":4,\"name\":\"Produits de Consommation\"}]},{\"@type\":\"WebSite\",\"@id\":\"https:\\\/\\\/www.ccc-group.com\\\/fr\\\/#website\",\"url\":\"https:\\\/\\\/www.ccc-group.com\\\/fr\\\/\",\"name\":\"CCC Group\",\"description\":\"\",\"potentialAction\":[{\"@type\":\"SearchAction\",\"target\":{\"@type\":\"EntryPoint\",\"urlTemplate\":\"https:\\\/\\\/www.ccc-group.com\\\/fr\\\/?s={search_term_string}\"},\"query-input\":{\"@type\":\"PropertyValueSpecification\",\"valueRequired\":true,\"valueName\":\"search_term_string\"}}],\"inLanguage\":\"fr-FR\"}]}<\/script>\n<!-- \/ Yoast SEO plugin. -->","yoast_head_json":{"title":"Produits de Consommation - CCC Group","robots":{"index":"index","follow":"follow","max-snippet":"max-snippet:-1","max-image-preview":"max-image-preview:large","max-video-preview":"max-video-preview:-1"},"canonical":"https:\/\/www.ccc-group.com\/fr\/plastics\/solutions\/consumer\/","og_locale":"fr_FR","og_type":"article","og_title":"Produits de Consommation - CCC Group","og_description":"CCC Plastics fournit des solutions coh\u00e9rentes et des couleurs pour une large gamme de produits de consommation qui incluent les meubles de jardin, les pots de fleurs, les treillis et...","og_url":"https:\/\/www.ccc-group.com\/fr\/plastics\/solutions\/consumer\/","og_site_name":"CCC Group","article_modified_time":"2023-11-22T21:08:12+00:00","og_image":[{"width":2000,"height":800,"url":"https:\/\/www.ccc-group.com\/wp-content\/uploads\/2023\/11\/hero_ConsumerHero.jpg","type":"image\/jpeg"}],"twitter_card":"summary_large_image","twitter_misc":{"Dur\u00e9e de lecture estim\u00e9e":"1 minute"},"schema":{"@context":"https:\/\/schema.org","@graph":[{"@type":"WebPage","@id":"https:\/\/www.ccc-group.com\/fr\/plastics\/solutions\/consumer\/","url":"https:\/\/www.ccc-group.com\/fr\/plastics\/solutions\/consumer\/","name":"Produits de Consommation - CCC Group","isPartOf":{"@id":"https:\/\/www.ccc-group.com\/fr\/#website"},"primaryImageOfPage":{"@id":"https:\/\/www.ccc-group.com\/fr\/plastics\/solutions\/consumer\/#primaryimage"},"image":{"@id":"https:\/\/www.ccc-group.com\/fr\/plastics\/solutions\/consumer\/#primaryimage"},"thumbnailUrl":"https:\/\/www.ccc-group.com\/wp-content\/uploads\/2023\/11\/hero_ConsumerHero.jpg","datePublished":"2023-11-16T15:26:44+00:00","dateModified":"2023-11-22T21:08:12+00:00","breadcrumb":{"@id":"https:\/\/www.ccc-group.com\/fr\/plastics\/solutions\/consumer\/#breadcrumb"},"inLanguage":"fr-FR","potentialAction":[{"@type":"ReadAction","target":["https:\/\/www.ccc-group.com\/fr\/plastics\/solutions\/consumer\/"]}]},{"@type":"ImageObject","inLanguage":"fr-FR","@id":"https:\/\/www.ccc-group.com\/fr\/plastics\/solutions\/consumer\/#primaryimage","url":"https:\/\/www.ccc-group.com\/wp-content\/uploads\/2023\/11\/hero_ConsumerHero.jpg","contentUrl":"https:\/\/www.ccc-group.com\/wp-content\/uploads\/2023\/11\/hero_ConsumerHero.jpg","width":2000,"height":800,"caption":"Plastic patio chairs beside a pool"},{"@type":"BreadcrumbList","@id":"https:\/\/www.ccc-group.com\/fr\/plastics\/solutions\/consumer\/#breadcrumb","itemListElement":[{"@type":"ListItem","position":1,"name":"Accueil","item":"https:\/\/www.ccc-group.com\/fr\/"},{"@type":"ListItem","position":2,"name":"Plastiques","item":"https:\/\/www.ccc-group.com\/fr\/plastics\/"},{"@type":"ListItem","position":3,"name":"Solutions","item":"https:\/\/www.ccc-group.com\/fr\/plastics\/solutions\/"},{"@type":"ListItem","position":4,"name":"Produits de Consommation"}]},{"@type":"WebSite","@id":"https:\/\/www.ccc-group.com\/fr\/#website","url":"https:\/\/www.ccc-group.com\/fr\/","name":"CCC Group","description":"","potentialAction":[{"@type":"SearchAction","target":{"@type":"EntryPoint","urlTemplate":"https:\/\/www.ccc-group.com\/fr\/?s={search_term_string}"},"query-input":{"@type":"PropertyValueSpecification","valueRequired":true,"valueName":"search_term_string"}}],"inLanguage":"fr-FR"}]}},"_links":{"self":[{"href":"https:\/\/www.ccc-group.com\/fr\/wp-json\/wp\/v2\/pages\/766","targetHints":{"allow":["GET"]}}],"collection":[{"href":"https:\/\/www.ccc-group.com\/fr\/wp-json\/wp\/v2\/pages"}],"about":[{"href":"https:\/\/www.ccc-group.com\/fr\/wp-json\/wp\/v2\/types\/page"}],"author":[{"embeddable":true,"href":"https:\/\/www.ccc-group.com\/fr\/wp-json\/wp\/v2\/users\/1"}],"replies":[{"embeddable":true,"href":"https:\/\/www.ccc-group.com\/fr\/wp-json\/wp\/v2\/comments?post=766"}],"version-history":[{"count":2,"href":"https:\/\/www.ccc-group.com\/fr\/wp-json\/wp\/v2\/pages\/766\/revisions"}],"predecessor-version":[{"id":782,"href":"https:\/\/www.ccc-group.com\/fr\/wp-json\/wp\/v2\/pages\/766\/revisions\/782"}],"up":[{"embeddable":true,"href":"https:\/\/www.ccc-group.com\/fr\/wp-json\/wp\/v2\/pages\/689"}],"wp:featuredmedia":[{"embeddable":true,"href":"https:\/\/www.ccc-group.com\/fr\/wp-json\/wp\/v2\/media\/451"}],"wp:attachment":[{"href":"https:\/\/www.ccc-group.com\/fr\/wp-json\/wp\/v2\/media?parent=766"}],"curies":[{"name":"wp","href":"https:\/\/api.w.org\/{rel}","templated":true}]}}