{"id":765,"date":"2023-11-16T10:27:32","date_gmt":"2023-11-16T15:27:32","guid":{"rendered":"https:\/\/www.ccc-group.com\/plastics\/solutions\/conduit-industrial\/"},"modified":"2023-11-22T16:08:55","modified_gmt":"2023-11-22T21:08:55","slug":"conduit-industrial","status":"publish","type":"page","link":"https:\/\/www.ccc-group.com\/fr\/plastics\/solutions\/conduit-industrial\/","title":{"rendered":"Conduits\/Produits Industriels"},"content":{"rendered":"\n<p>CCC Plastics fournit des concentr\u00e9s blancs, de couleur et additifs et des compos\u00e9s en polyol\u00e9fine, polystyr\u00e8ne et chlorure de polyvinyle pour lesquels des solutions techniques uniques et personnalis\u00e9es sont n\u00e9cessaires. Nous avons d\u00e9velopp\u00e9 une large gamme de m\u00e9langes ma\u00eetres combin\u00e9s \u00e0 des additifs (agents anti-UV, agents antistatiques, charges, allonges), afin d\u2019offrir une performance optimale dans une grande vari\u00e9t\u00e9 d\u2019utilisations finales qui incluent les conduits et les tuyaux.<\/p>\n\n\n\n<p>CCC Plastics distribue les polym\u00e8res suivants utilis\u00e9s dans la production de conduits\/produits industriels : HDPE, LLDPE, LDPE, PP, PS, PVC, EVA, PET, PBT, ABS, copolyester.<\/p>\n\n\n\n<p>Notre s\u00e9lection d\u2019additifs de polym\u00e8res permet d\u2019optimiser les proc\u00e9d\u00e9s et\/ou les caract\u00e9ristiques des produits finis.<\/p>\n\n\n\n<p>Nos comp\u00e9tences, notre expertise et la connaissance des march\u00e9s dans les domaines de la fabrication et de la logistique vous aident \u00e0 r\u00e9soudre vos probl\u00e8mes actuels et \u00e0 d\u00e9couvrir des opportunit\u00e9s futures.&nbsp;<\/p>\n","protected":false},"excerpt":{"rendered":"<p>CCC Plastics fournit des concentr\u00e9s blancs, de couleur et additifs et des compos\u00e9s en polyol\u00e9fine, polystyr\u00e8ne et chlorure de polyvinyle pour lesquels des solutions techniques uniques et personnalis\u00e9es sont n\u00e9cessaires&#8230;.<\/p>\n","protected":false},"author":1,"featured_media":456,"parent":689,"menu_order":0,"comment_status":"closed","ping_status":"closed","template":"","meta":{"_acf_changed":false,"footnotes":""},"class_list":["post-765","page","type-page","status-publish","has-post-thumbnail","hentry"],"acf":[],"yoast_head":"<!-- This site is optimized with the Yoast SEO plugin v27.5 - https:\/\/yoast.com\/product\/yoast-seo-wordpress\/ -->\n<title>Conduits\/Produits Industriels - CCC Group<\/title>\n<meta name=\"robots\" content=\"index, follow, max-snippet:-1, max-image-preview:large, max-video-preview:-1\" \/>\n<link rel=\"canonical\" href=\"https:\/\/www.ccc-group.com\/fr\/plastics\/solutions\/conduit-industrial\/\" \/>\n<meta property=\"og:locale\" content=\"fr_FR\" \/>\n<meta property=\"og:type\" content=\"article\" \/>\n<meta property=\"og:title\" content=\"Conduits\/Produits Industriels - CCC Group\" \/>\n<meta property=\"og:description\" content=\"CCC Plastics fournit des concentr\u00e9s blancs, de couleur et additifs et des compos\u00e9s en polyol\u00e9fine, polystyr\u00e8ne et chlorure de polyvinyle pour lesquels des solutions techniques uniques et personnalis\u00e9es sont n\u00e9cessaires....\" \/>\n<meta property=\"og:url\" content=\"https:\/\/www.ccc-group.com\/fr\/plastics\/solutions\/conduit-industrial\/\" \/>\n<meta property=\"og:site_name\" content=\"CCC Group\" \/>\n<meta property=\"article:modified_time\" content=\"2023-11-22T21:08:55+00:00\" \/>\n<meta property=\"og:image\" content=\"https:\/\/www.ccc-group.com\/wp-content\/uploads\/2023\/11\/hero_Pipe-Hero.jpg\" \/>\n\t<meta property=\"og:image:width\" content=\"2000\" \/>\n\t<meta property=\"og:image:height\" content=\"800\" \/>\n\t<meta property=\"og:image:type\" content=\"image\/jpeg\" \/>\n<meta name=\"twitter:card\" content=\"summary_large_image\" \/>\n<meta name=\"twitter:label1\" content=\"Dur\u00e9e de lecture estim\u00e9e\" \/>\n\t<meta name=\"twitter:data1\" content=\"1 minute\" \/>\n<script type=\"application\/ld+json\" class=\"yoast-schema-graph\">{\"@context\":\"https:\\\/\\\/schema.org\",\"@graph\":[{\"@type\":\"WebPage\",\"@id\":\"https:\\\/\\\/www.ccc-group.com\\\/fr\\\/plastics\\\/solutions\\\/conduit-industrial\\\/\",\"url\":\"https:\\\/\\\/www.ccc-group.com\\\/fr\\\/plastics\\\/solutions\\\/conduit-industrial\\\/\",\"name\":\"Conduits\\\/Produits Industriels - CCC Group\",\"isPartOf\":{\"@id\":\"https:\\\/\\\/www.ccc-group.com\\\/fr\\\/#website\"},\"primaryImageOfPage\":{\"@id\":\"https:\\\/\\\/www.ccc-group.com\\\/fr\\\/plastics\\\/solutions\\\/conduit-industrial\\\/#primaryimage\"},\"image\":{\"@id\":\"https:\\\/\\\/www.ccc-group.com\\\/fr\\\/plastics\\\/solutions\\\/conduit-industrial\\\/#primaryimage\"},\"thumbnailUrl\":\"https:\\\/\\\/www.ccc-group.com\\\/wp-content\\\/uploads\\\/2023\\\/11\\\/hero_Pipe-Hero.jpg\",\"datePublished\":\"2023-11-16T15:27:32+00:00\",\"dateModified\":\"2023-11-22T21:08:55+00:00\",\"breadcrumb\":{\"@id\":\"https:\\\/\\\/www.ccc-group.com\\\/fr\\\/plastics\\\/solutions\\\/conduit-industrial\\\/#breadcrumb\"},\"inLanguage\":\"fr-FR\",\"potentialAction\":[{\"@type\":\"ReadAction\",\"target\":[\"https:\\\/\\\/www.ccc-group.com\\\/fr\\\/plastics\\\/solutions\\\/conduit-industrial\\\/\"]}]},{\"@type\":\"ImageObject\",\"inLanguage\":\"fr-FR\",\"@id\":\"https:\\\/\\\/www.ccc-group.com\\\/fr\\\/plastics\\\/solutions\\\/conduit-industrial\\\/#primaryimage\",\"url\":\"https:\\\/\\\/www.ccc-group.com\\\/wp-content\\\/uploads\\\/2023\\\/11\\\/hero_Pipe-Hero.jpg\",\"contentUrl\":\"https:\\\/\\\/www.ccc-group.com\\\/wp-content\\\/uploads\\\/2023\\\/11\\\/hero_Pipe-Hero.jpg\",\"width\":2000,\"height\":800,\"caption\":\"Plastic pipes\"},{\"@type\":\"BreadcrumbList\",\"@id\":\"https:\\\/\\\/www.ccc-group.com\\\/fr\\\/plastics\\\/solutions\\\/conduit-industrial\\\/#breadcrumb\",\"itemListElement\":[{\"@type\":\"ListItem\",\"position\":1,\"name\":\"Accueil\",\"item\":\"https:\\\/\\\/www.ccc-group.com\\\/fr\\\/\"},{\"@type\":\"ListItem\",\"position\":2,\"name\":\"Plastiques\",\"item\":\"https:\\\/\\\/www.ccc-group.com\\\/fr\\\/plastics\\\/\"},{\"@type\":\"ListItem\",\"position\":3,\"name\":\"Solutions\",\"item\":\"https:\\\/\\\/www.ccc-group.com\\\/fr\\\/plastics\\\/solutions\\\/\"},{\"@type\":\"ListItem\",\"position\":4,\"name\":\"Conduits\\\/Produits Industriels\"}]},{\"@type\":\"WebSite\",\"@id\":\"https:\\\/\\\/www.ccc-group.com\\\/fr\\\/#website\",\"url\":\"https:\\\/\\\/www.ccc-group.com\\\/fr\\\/\",\"name\":\"CCC Group\",\"description\":\"\",\"potentialAction\":[{\"@type\":\"SearchAction\",\"target\":{\"@type\":\"EntryPoint\",\"urlTemplate\":\"https:\\\/\\\/www.ccc-group.com\\\/fr\\\/?s={search_term_string}\"},\"query-input\":{\"@type\":\"PropertyValueSpecification\",\"valueRequired\":true,\"valueName\":\"search_term_string\"}}],\"inLanguage\":\"fr-FR\"}]}<\/script>\n<!-- \/ Yoast SEO plugin. -->","yoast_head_json":{"title":"Conduits\/Produits Industriels - CCC Group","robots":{"index":"index","follow":"follow","max-snippet":"max-snippet:-1","max-image-preview":"max-image-preview:large","max-video-preview":"max-video-preview:-1"},"canonical":"https:\/\/www.ccc-group.com\/fr\/plastics\/solutions\/conduit-industrial\/","og_locale":"fr_FR","og_type":"article","og_title":"Conduits\/Produits Industriels - CCC Group","og_description":"CCC Plastics fournit des concentr\u00e9s blancs, de couleur et additifs et des compos\u00e9s en polyol\u00e9fine, polystyr\u00e8ne et chlorure de polyvinyle pour lesquels des solutions techniques uniques et personnalis\u00e9es sont n\u00e9cessaires....","og_url":"https:\/\/www.ccc-group.com\/fr\/plastics\/solutions\/conduit-industrial\/","og_site_name":"CCC Group","article_modified_time":"2023-11-22T21:08:55+00:00","og_image":[{"width":2000,"height":800,"url":"https:\/\/www.ccc-group.com\/wp-content\/uploads\/2023\/11\/hero_Pipe-Hero.jpg","type":"image\/jpeg"}],"twitter_card":"summary_large_image","twitter_misc":{"Dur\u00e9e de lecture estim\u00e9e":"1 minute"},"schema":{"@context":"https:\/\/schema.org","@graph":[{"@type":"WebPage","@id":"https:\/\/www.ccc-group.com\/fr\/plastics\/solutions\/conduit-industrial\/","url":"https:\/\/www.ccc-group.com\/fr\/plastics\/solutions\/conduit-industrial\/","name":"Conduits\/Produits Industriels - CCC Group","isPartOf":{"@id":"https:\/\/www.ccc-group.com\/fr\/#website"},"primaryImageOfPage":{"@id":"https:\/\/www.ccc-group.com\/fr\/plastics\/solutions\/conduit-industrial\/#primaryimage"},"image":{"@id":"https:\/\/www.ccc-group.com\/fr\/plastics\/solutions\/conduit-industrial\/#primaryimage"},"thumbnailUrl":"https:\/\/www.ccc-group.com\/wp-content\/uploads\/2023\/11\/hero_Pipe-Hero.jpg","datePublished":"2023-11-16T15:27:32+00:00","dateModified":"2023-11-22T21:08:55+00:00","breadcrumb":{"@id":"https:\/\/www.ccc-group.com\/fr\/plastics\/solutions\/conduit-industrial\/#breadcrumb"},"inLanguage":"fr-FR","potentialAction":[{"@type":"ReadAction","target":["https:\/\/www.ccc-group.com\/fr\/plastics\/solutions\/conduit-industrial\/"]}]},{"@type":"ImageObject","inLanguage":"fr-FR","@id":"https:\/\/www.ccc-group.com\/fr\/plastics\/solutions\/conduit-industrial\/#primaryimage","url":"https:\/\/www.ccc-group.com\/wp-content\/uploads\/2023\/11\/hero_Pipe-Hero.jpg","contentUrl":"https:\/\/www.ccc-group.com\/wp-content\/uploads\/2023\/11\/hero_Pipe-Hero.jpg","width":2000,"height":800,"caption":"Plastic pipes"},{"@type":"BreadcrumbList","@id":"https:\/\/www.ccc-group.com\/fr\/plastics\/solutions\/conduit-industrial\/#breadcrumb","itemListElement":[{"@type":"ListItem","position":1,"name":"Accueil","item":"https:\/\/www.ccc-group.com\/fr\/"},{"@type":"ListItem","position":2,"name":"Plastiques","item":"https:\/\/www.ccc-group.com\/fr\/plastics\/"},{"@type":"ListItem","position":3,"name":"Solutions","item":"https:\/\/www.ccc-group.com\/fr\/plastics\/solutions\/"},{"@type":"ListItem","position":4,"name":"Conduits\/Produits Industriels"}]},{"@type":"WebSite","@id":"https:\/\/www.ccc-group.com\/fr\/#website","url":"https:\/\/www.ccc-group.com\/fr\/","name":"CCC Group","description":"","potentialAction":[{"@type":"SearchAction","target":{"@type":"EntryPoint","urlTemplate":"https:\/\/www.ccc-group.com\/fr\/?s={search_term_string}"},"query-input":{"@type":"PropertyValueSpecification","valueRequired":true,"valueName":"search_term_string"}}],"inLanguage":"fr-FR"}]}},"_links":{"self":[{"href":"https:\/\/www.ccc-group.com\/fr\/wp-json\/wp\/v2\/pages\/765","targetHints":{"allow":["GET"]}}],"collection":[{"href":"https:\/\/www.ccc-group.com\/fr\/wp-json\/wp\/v2\/pages"}],"about":[{"href":"https:\/\/www.ccc-group.com\/fr\/wp-json\/wp\/v2\/types\/page"}],"author":[{"embeddable":true,"href":"https:\/\/www.ccc-group.com\/fr\/wp-json\/wp\/v2\/users\/1"}],"replies":[{"embeddable":true,"href":"https:\/\/www.ccc-group.com\/fr\/wp-json\/wp\/v2\/comments?post=765"}],"version-history":[{"count":2,"href":"https:\/\/www.ccc-group.com\/fr\/wp-json\/wp\/v2\/pages\/765\/revisions"}],"predecessor-version":[{"id":784,"href":"https:\/\/www.ccc-group.com\/fr\/wp-json\/wp\/v2\/pages\/765\/revisions\/784"}],"up":[{"embeddable":true,"href":"https:\/\/www.ccc-group.com\/fr\/wp-json\/wp\/v2\/pages\/689"}],"wp:featuredmedia":[{"embeddable":true,"href":"https:\/\/www.ccc-group.com\/fr\/wp-json\/wp\/v2\/media\/456"}],"wp:attachment":[{"href":"https:\/\/www.ccc-group.com\/fr\/wp-json\/wp\/v2\/media?parent=765"}],"curies":[{"name":"wp","href":"https:\/\/api.w.org\/{rel}","templated":true}]}}