{"id":751,"date":"2023-11-16T10:39:52","date_gmt":"2023-11-16T15:39:52","guid":{"rendered":"https:\/\/www.ccc-group.com\/plastics\/services\/logistics-packaging\/"},"modified":"2023-11-22T15:13:57","modified_gmt":"2023-11-22T20:13:57","slug":"logistics-packaging","status":"publish","type":"page","link":"https:\/\/www.ccc-group.com\/fr\/plastics\/services\/logistics-packaging\/","title":{"rendered":"Logistique"},"content":{"rendered":"\n<p>Les Plastiques CCC peuvent vous accommoder dans l\u2019entreposage, l\u2019entreposage en vrac, l\u2019emballage et la livraison dans les d\u00e9lais gr\u00e2ce \u00e0 nos installations \u00e0&nbsp;Colborne et&nbsp;Elmira.<\/p>\n\n\n\n<p>Les Plastiques CCC sont un chef de file dans la fabrication et distribution de plastiques. L\u2019entreprise est situ\u00e9e \u00e0 Colborne, en Ontario au Canada, et jouit d\u2019une forte pr\u00e9sence partout en Am\u00e9rique du Nord.&nbsp;<\/p>\n","protected":false},"excerpt":{"rendered":"<p>Les Plastiques CCC peuvent vous accommoder dans l\u2019entreposage, l\u2019entreposage en vrac, l\u2019emballage et la livraison dans les d\u00e9lais gr\u00e2ce \u00e0 nos installations \u00e0&nbsp;Colborne et&nbsp;Elmira. Les Plastiques CCC sont un chef&#8230;<\/p>\n","protected":false},"author":1,"featured_media":0,"parent":688,"menu_order":0,"comment_status":"closed","ping_status":"closed","template":"","meta":{"_acf_changed":false,"footnotes":""},"class_list":["post-751","page","type-page","status-publish","hentry"],"acf":[],"yoast_head":"<!-- This site is optimized with the Yoast SEO plugin v27.5 - https:\/\/yoast.com\/product\/yoast-seo-wordpress\/ -->\n<title>Logistique - CCC Group<\/title>\n<meta name=\"robots\" content=\"index, follow, max-snippet:-1, max-image-preview:large, max-video-preview:-1\" \/>\n<link rel=\"canonical\" href=\"https:\/\/www.ccc-group.com\/fr\/plastics\/services\/logistics-packaging\/\" \/>\n<meta property=\"og:locale\" content=\"fr_FR\" \/>\n<meta property=\"og:type\" content=\"article\" \/>\n<meta property=\"og:title\" content=\"Logistique - CCC Group\" \/>\n<meta property=\"og:description\" content=\"Les Plastiques CCC peuvent vous accommoder dans l\u2019entreposage, l\u2019entreposage en vrac, l\u2019emballage et la livraison dans les d\u00e9lais gr\u00e2ce \u00e0 nos installations \u00e0&nbsp;Colborne et&nbsp;Elmira. Les Plastiques CCC sont un chef...\" \/>\n<meta property=\"og:url\" content=\"https:\/\/www.ccc-group.com\/fr\/plastics\/services\/logistics-packaging\/\" \/>\n<meta property=\"og:site_name\" content=\"CCC Group\" \/>\n<meta property=\"article:modified_time\" content=\"2023-11-22T20:13:57+00:00\" \/>\n<meta name=\"twitter:card\" content=\"summary_large_image\" \/>\n<meta name=\"twitter:label1\" content=\"Dur\u00e9e de lecture estim\u00e9e\" \/>\n\t<meta name=\"twitter:data1\" content=\"1 minute\" \/>\n<script type=\"application\/ld+json\" class=\"yoast-schema-graph\">{\"@context\":\"https:\\\/\\\/schema.org\",\"@graph\":[{\"@type\":\"WebPage\",\"@id\":\"https:\\\/\\\/www.ccc-group.com\\\/fr\\\/plastics\\\/services\\\/logistics-packaging\\\/\",\"url\":\"https:\\\/\\\/www.ccc-group.com\\\/fr\\\/plastics\\\/services\\\/logistics-packaging\\\/\",\"name\":\"Logistique - CCC Group\",\"isPartOf\":{\"@id\":\"https:\\\/\\\/www.ccc-group.com\\\/fr\\\/#website\"},\"datePublished\":\"2023-11-16T15:39:52+00:00\",\"dateModified\":\"2023-11-22T20:13:57+00:00\",\"breadcrumb\":{\"@id\":\"https:\\\/\\\/www.ccc-group.com\\\/fr\\\/plastics\\\/services\\\/logistics-packaging\\\/#breadcrumb\"},\"inLanguage\":\"fr-FR\",\"potentialAction\":[{\"@type\":\"ReadAction\",\"target\":[\"https:\\\/\\\/www.ccc-group.com\\\/fr\\\/plastics\\\/services\\\/logistics-packaging\\\/\"]}]},{\"@type\":\"BreadcrumbList\",\"@id\":\"https:\\\/\\\/www.ccc-group.com\\\/fr\\\/plastics\\\/services\\\/logistics-packaging\\\/#breadcrumb\",\"itemListElement\":[{\"@type\":\"ListItem\",\"position\":1,\"name\":\"Accueil\",\"item\":\"https:\\\/\\\/www.ccc-group.com\\\/fr\\\/\"},{\"@type\":\"ListItem\",\"position\":2,\"name\":\"Plastiques\",\"item\":\"https:\\\/\\\/www.ccc-group.com\\\/fr\\\/plastics\\\/\"},{\"@type\":\"ListItem\",\"position\":3,\"name\":\"Services\",\"item\":\"https:\\\/\\\/www.ccc-group.com\\\/fr\\\/plastics\\\/services\\\/\"},{\"@type\":\"ListItem\",\"position\":4,\"name\":\"Logistique\"}]},{\"@type\":\"WebSite\",\"@id\":\"https:\\\/\\\/www.ccc-group.com\\\/fr\\\/#website\",\"url\":\"https:\\\/\\\/www.ccc-group.com\\\/fr\\\/\",\"name\":\"CCC Group\",\"description\":\"\",\"potentialAction\":[{\"@type\":\"SearchAction\",\"target\":{\"@type\":\"EntryPoint\",\"urlTemplate\":\"https:\\\/\\\/www.ccc-group.com\\\/fr\\\/?s={search_term_string}\"},\"query-input\":{\"@type\":\"PropertyValueSpecification\",\"valueRequired\":true,\"valueName\":\"search_term_string\"}}],\"inLanguage\":\"fr-FR\"}]}<\/script>\n<!-- \/ Yoast SEO plugin. -->","yoast_head_json":{"title":"Logistique - CCC Group","robots":{"index":"index","follow":"follow","max-snippet":"max-snippet:-1","max-image-preview":"max-image-preview:large","max-video-preview":"max-video-preview:-1"},"canonical":"https:\/\/www.ccc-group.com\/fr\/plastics\/services\/logistics-packaging\/","og_locale":"fr_FR","og_type":"article","og_title":"Logistique - CCC Group","og_description":"Les Plastiques CCC peuvent vous accommoder dans l\u2019entreposage, l\u2019entreposage en vrac, l\u2019emballage et la livraison dans les d\u00e9lais gr\u00e2ce \u00e0 nos installations \u00e0&nbsp;Colborne et&nbsp;Elmira. Les Plastiques CCC sont un chef...","og_url":"https:\/\/www.ccc-group.com\/fr\/plastics\/services\/logistics-packaging\/","og_site_name":"CCC Group","article_modified_time":"2023-11-22T20:13:57+00:00","twitter_card":"summary_large_image","twitter_misc":{"Dur\u00e9e de lecture estim\u00e9e":"1 minute"},"schema":{"@context":"https:\/\/schema.org","@graph":[{"@type":"WebPage","@id":"https:\/\/www.ccc-group.com\/fr\/plastics\/services\/logistics-packaging\/","url":"https:\/\/www.ccc-group.com\/fr\/plastics\/services\/logistics-packaging\/","name":"Logistique - CCC Group","isPartOf":{"@id":"https:\/\/www.ccc-group.com\/fr\/#website"},"datePublished":"2023-11-16T15:39:52+00:00","dateModified":"2023-11-22T20:13:57+00:00","breadcrumb":{"@id":"https:\/\/www.ccc-group.com\/fr\/plastics\/services\/logistics-packaging\/#breadcrumb"},"inLanguage":"fr-FR","potentialAction":[{"@type":"ReadAction","target":["https:\/\/www.ccc-group.com\/fr\/plastics\/services\/logistics-packaging\/"]}]},{"@type":"BreadcrumbList","@id":"https:\/\/www.ccc-group.com\/fr\/plastics\/services\/logistics-packaging\/#breadcrumb","itemListElement":[{"@type":"ListItem","position":1,"name":"Accueil","item":"https:\/\/www.ccc-group.com\/fr\/"},{"@type":"ListItem","position":2,"name":"Plastiques","item":"https:\/\/www.ccc-group.com\/fr\/plastics\/"},{"@type":"ListItem","position":3,"name":"Services","item":"https:\/\/www.ccc-group.com\/fr\/plastics\/services\/"},{"@type":"ListItem","position":4,"name":"Logistique"}]},{"@type":"WebSite","@id":"https:\/\/www.ccc-group.com\/fr\/#website","url":"https:\/\/www.ccc-group.com\/fr\/","name":"CCC Group","description":"","potentialAction":[{"@type":"SearchAction","target":{"@type":"EntryPoint","urlTemplate":"https:\/\/www.ccc-group.com\/fr\/?s={search_term_string}"},"query-input":{"@type":"PropertyValueSpecification","valueRequired":true,"valueName":"search_term_string"}}],"inLanguage":"fr-FR"}]}},"_links":{"self":[{"href":"https:\/\/www.ccc-group.com\/fr\/wp-json\/wp\/v2\/pages\/751","targetHints":{"allow":["GET"]}}],"collection":[{"href":"https:\/\/www.ccc-group.com\/fr\/wp-json\/wp\/v2\/pages"}],"about":[{"href":"https:\/\/www.ccc-group.com\/fr\/wp-json\/wp\/v2\/types\/page"}],"author":[{"embeddable":true,"href":"https:\/\/www.ccc-group.com\/fr\/wp-json\/wp\/v2\/users\/1"}],"replies":[{"embeddable":true,"href":"https:\/\/www.ccc-group.com\/fr\/wp-json\/wp\/v2\/comments?post=751"}],"version-history":[{"count":2,"href":"https:\/\/www.ccc-group.com\/fr\/wp-json\/wp\/v2\/pages\/751\/revisions"}],"predecessor-version":[{"id":763,"href":"https:\/\/www.ccc-group.com\/fr\/wp-json\/wp\/v2\/pages\/751\/revisions\/763"}],"up":[{"embeddable":true,"href":"https:\/\/www.ccc-group.com\/fr\/wp-json\/wp\/v2\/pages\/688"}],"wp:attachment":[{"href":"https:\/\/www.ccc-group.com\/fr\/wp-json\/wp\/v2\/media?parent=751"}],"curies":[{"name":"wp","href":"https:\/\/api.w.org\/{rel}","templated":true}]}}