{"id":750,"date":"2023-11-15T14:51:18","date_gmt":"2023-11-15T19:51:18","guid":{"rendered":"https:\/\/www.ccc-group.com\/plastics\/services\/toll-compounding-and-custom-blending\/"},"modified":"2023-11-22T15:13:43","modified_gmt":"2023-11-22T20:13:43","slug":"toll-compounding-and-custom-blending","status":"publish","type":"page","link":"https:\/\/www.ccc-group.com\/fr\/plastics\/services\/toll-compounding-and-custom-blending\/","title":{"rendered":"M\u00e9lange et Fabrication de Compos\u00e9s Personnalis\u00e9s"},"content":{"rendered":"\n<p>Les plastiques CCC se sp\u00e9cialisent dans le fait d\u2019offrir des solutions de m\u00e9langeage et de composition ayant une valeur ajout\u00e9e.&nbsp; Par exemple, un client nous fournit la formulation d\u2019un produit, les sp\u00e9cifications et les mat\u00e9riaux bruts et&nbsp;les Plastiques CCC ne s\u2019occupent que de la composition ou du m\u00e9lange qui correspond aux exigences de performance d\u00e9sir\u00e9es pour l\u2019application finale.&nbsp;<\/p>\n\n\n\n<p>Les services payants peuvent inclure&nbsp;:<\/p>\n\n\n\n<ul class=\"wp-block-list\">\n<li>M\u00e9langes de poudre de PVC flexibles ou rigides couramment utilis\u00e9s dans les march\u00e9s des fen\u00eatres, du rev\u00eatement, des cl\u00f4tures, des patios, de la canalisation et autres profils de march\u00e9 personnalis\u00e9<\/li>\n\n\n\n<li>M\u00e9langeage de produits \u00e0 des fins d\u2019homog\u00e9n\u00e9it\u00e9 ou de modification&nbsp;; deux polym\u00e8res ou inclusion d\u2019un additif pour augmenter la performance<\/li>\n\n\n\n<li>Composition d\u2019une grande vari\u00e9t\u00e9 de r\u00e9sines thermoplastiques avec inclusion de min\u00e9raux et d\u2019additifs.&nbsp; L\u2019emphase est mise sur les compos\u00e9s de&nbsp;<em>PE, PP, PS, EVA<\/em>&nbsp;et de PVC.&nbsp;&nbsp;&nbsp;&nbsp;<\/li>\n<\/ul>\n\n\n\n<p>La confidentialit\u00e9 la plus stricte guide chaque service payant.&nbsp; Des communications ouvertes et des solutions collaboratives seront offertes \u00e0 chaque client, ce qui inclut des capacit\u00e9s logistiques, des capacit\u00e9s de production et des essais de fonctionnement personnalis\u00e9s conform\u00e9ment au besoin unique du client.<\/p>\n","protected":false},"excerpt":{"rendered":"<p>Les plastiques CCC se sp\u00e9cialisent dans le fait d\u2019offrir des solutions de m\u00e9langeage et de composition ayant une valeur ajout\u00e9e.&nbsp; Par exemple, un client nous fournit la formulation d\u2019un produit,&#8230;<\/p>\n","protected":false},"author":1,"featured_media":521,"parent":688,"menu_order":0,"comment_status":"closed","ping_status":"closed","template":"","meta":{"_acf_changed":false,"footnotes":""},"class_list":["post-750","page","type-page","status-publish","has-post-thumbnail","hentry"],"acf":[],"yoast_head":"<!-- This site is optimized with the Yoast SEO plugin v27.3 - https:\/\/yoast.com\/product\/yoast-seo-wordpress\/ -->\n<title>M\u00e9lange et Fabrication de Compos\u00e9s Personnalis\u00e9s - CCC Group<\/title>\n<meta name=\"robots\" content=\"index, follow, max-snippet:-1, max-image-preview:large, max-video-preview:-1\" \/>\n<link rel=\"canonical\" href=\"https:\/\/www.ccc-group.com\/fr\/plastics\/services\/toll-compounding-and-custom-blending\/\" \/>\n<meta property=\"og:locale\" content=\"fr_FR\" \/>\n<meta property=\"og:type\" content=\"article\" \/>\n<meta property=\"og:title\" content=\"M\u00e9lange et Fabrication de Compos\u00e9s Personnalis\u00e9s - CCC Group\" \/>\n<meta property=\"og:description\" content=\"Les plastiques CCC se sp\u00e9cialisent dans le fait d\u2019offrir des solutions de m\u00e9langeage et de composition ayant une valeur ajout\u00e9e.&nbsp; Par exemple, un client nous fournit la formulation d\u2019un produit,...\" \/>\n<meta property=\"og:url\" content=\"https:\/\/www.ccc-group.com\/fr\/plastics\/services\/toll-compounding-and-custom-blending\/\" \/>\n<meta property=\"og:site_name\" content=\"CCC Group\" \/>\n<meta property=\"article:modified_time\" content=\"2023-11-22T20:13:43+00:00\" \/>\n<meta property=\"og:image\" content=\"https:\/\/www.ccc-group.com\/wp-content\/uploads\/2023\/11\/hero_TollHero.jpg\" \/>\n\t<meta property=\"og:image:width\" content=\"2000\" \/>\n\t<meta property=\"og:image:height\" content=\"800\" \/>\n\t<meta property=\"og:image:type\" content=\"image\/jpeg\" \/>\n<meta name=\"twitter:card\" content=\"summary_large_image\" \/>\n<meta name=\"twitter:label1\" content=\"Dur\u00e9e de lecture estim\u00e9e\" \/>\n\t<meta name=\"twitter:data1\" content=\"1 minute\" \/>\n<script type=\"application\/ld+json\" class=\"yoast-schema-graph\">{\"@context\":\"https:\\\/\\\/schema.org\",\"@graph\":[{\"@type\":\"WebPage\",\"@id\":\"https:\\\/\\\/www.ccc-group.com\\\/fr\\\/plastics\\\/services\\\/toll-compounding-and-custom-blending\\\/\",\"url\":\"https:\\\/\\\/www.ccc-group.com\\\/fr\\\/plastics\\\/services\\\/toll-compounding-and-custom-blending\\\/\",\"name\":\"M\u00e9lange et Fabrication de Compos\u00e9s Personnalis\u00e9s - CCC Group\",\"isPartOf\":{\"@id\":\"https:\\\/\\\/www.ccc-group.com\\\/fr\\\/#website\"},\"primaryImageOfPage\":{\"@id\":\"https:\\\/\\\/www.ccc-group.com\\\/fr\\\/plastics\\\/services\\\/toll-compounding-and-custom-blending\\\/#primaryimage\"},\"image\":{\"@id\":\"https:\\\/\\\/www.ccc-group.com\\\/fr\\\/plastics\\\/services\\\/toll-compounding-and-custom-blending\\\/#primaryimage\"},\"thumbnailUrl\":\"https:\\\/\\\/www.ccc-group.com\\\/wp-content\\\/uploads\\\/2023\\\/11\\\/hero_TollHero.jpg\",\"datePublished\":\"2023-11-15T19:51:18+00:00\",\"dateModified\":\"2023-11-22T20:13:43+00:00\",\"breadcrumb\":{\"@id\":\"https:\\\/\\\/www.ccc-group.com\\\/fr\\\/plastics\\\/services\\\/toll-compounding-and-custom-blending\\\/#breadcrumb\"},\"inLanguage\":\"fr-FR\",\"potentialAction\":[{\"@type\":\"ReadAction\",\"target\":[\"https:\\\/\\\/www.ccc-group.com\\\/fr\\\/plastics\\\/services\\\/toll-compounding-and-custom-blending\\\/\"]}]},{\"@type\":\"ImageObject\",\"inLanguage\":\"fr-FR\",\"@id\":\"https:\\\/\\\/www.ccc-group.com\\\/fr\\\/plastics\\\/services\\\/toll-compounding-and-custom-blending\\\/#primaryimage\",\"url\":\"https:\\\/\\\/www.ccc-group.com\\\/wp-content\\\/uploads\\\/2023\\\/11\\\/hero_TollHero.jpg\",\"contentUrl\":\"https:\\\/\\\/www.ccc-group.com\\\/wp-content\\\/uploads\\\/2023\\\/11\\\/hero_TollHero.jpg\",\"width\":2000,\"height\":800,\"caption\":\"black and transparent plastic pellets\"},{\"@type\":\"BreadcrumbList\",\"@id\":\"https:\\\/\\\/www.ccc-group.com\\\/fr\\\/plastics\\\/services\\\/toll-compounding-and-custom-blending\\\/#breadcrumb\",\"itemListElement\":[{\"@type\":\"ListItem\",\"position\":1,\"name\":\"Accueil\",\"item\":\"https:\\\/\\\/www.ccc-group.com\\\/fr\\\/\"},{\"@type\":\"ListItem\",\"position\":2,\"name\":\"Plastiques\",\"item\":\"https:\\\/\\\/www.ccc-group.com\\\/fr\\\/plastics\\\/\"},{\"@type\":\"ListItem\",\"position\":3,\"name\":\"Services\",\"item\":\"https:\\\/\\\/www.ccc-group.com\\\/fr\\\/plastics\\\/services\\\/\"},{\"@type\":\"ListItem\",\"position\":4,\"name\":\"M\u00e9lange et Fabrication de Compos\u00e9s Personnalis\u00e9s\"}]},{\"@type\":\"WebSite\",\"@id\":\"https:\\\/\\\/www.ccc-group.com\\\/fr\\\/#website\",\"url\":\"https:\\\/\\\/www.ccc-group.com\\\/fr\\\/\",\"name\":\"CCC Group\",\"description\":\"\",\"potentialAction\":[{\"@type\":\"SearchAction\",\"target\":{\"@type\":\"EntryPoint\",\"urlTemplate\":\"https:\\\/\\\/www.ccc-group.com\\\/fr\\\/?s={search_term_string}\"},\"query-input\":{\"@type\":\"PropertyValueSpecification\",\"valueRequired\":true,\"valueName\":\"search_term_string\"}}],\"inLanguage\":\"fr-FR\"}]}<\/script>\n<!-- \/ Yoast SEO plugin. -->","yoast_head_json":{"title":"M\u00e9lange et Fabrication de Compos\u00e9s Personnalis\u00e9s - CCC Group","robots":{"index":"index","follow":"follow","max-snippet":"max-snippet:-1","max-image-preview":"max-image-preview:large","max-video-preview":"max-video-preview:-1"},"canonical":"https:\/\/www.ccc-group.com\/fr\/plastics\/services\/toll-compounding-and-custom-blending\/","og_locale":"fr_FR","og_type":"article","og_title":"M\u00e9lange et Fabrication de Compos\u00e9s Personnalis\u00e9s - CCC Group","og_description":"Les plastiques CCC se sp\u00e9cialisent dans le fait d\u2019offrir des solutions de m\u00e9langeage et de composition ayant une valeur ajout\u00e9e.&nbsp; Par exemple, un client nous fournit la formulation d\u2019un produit,...","og_url":"https:\/\/www.ccc-group.com\/fr\/plastics\/services\/toll-compounding-and-custom-blending\/","og_site_name":"CCC Group","article_modified_time":"2023-11-22T20:13:43+00:00","og_image":[{"width":2000,"height":800,"url":"https:\/\/www.ccc-group.com\/wp-content\/uploads\/2023\/11\/hero_TollHero.jpg","type":"image\/jpeg"}],"twitter_card":"summary_large_image","twitter_misc":{"Dur\u00e9e de lecture estim\u00e9e":"1 minute"},"schema":{"@context":"https:\/\/schema.org","@graph":[{"@type":"WebPage","@id":"https:\/\/www.ccc-group.com\/fr\/plastics\/services\/toll-compounding-and-custom-blending\/","url":"https:\/\/www.ccc-group.com\/fr\/plastics\/services\/toll-compounding-and-custom-blending\/","name":"M\u00e9lange et Fabrication de Compos\u00e9s Personnalis\u00e9s - CCC Group","isPartOf":{"@id":"https:\/\/www.ccc-group.com\/fr\/#website"},"primaryImageOfPage":{"@id":"https:\/\/www.ccc-group.com\/fr\/plastics\/services\/toll-compounding-and-custom-blending\/#primaryimage"},"image":{"@id":"https:\/\/www.ccc-group.com\/fr\/plastics\/services\/toll-compounding-and-custom-blending\/#primaryimage"},"thumbnailUrl":"https:\/\/www.ccc-group.com\/wp-content\/uploads\/2023\/11\/hero_TollHero.jpg","datePublished":"2023-11-15T19:51:18+00:00","dateModified":"2023-11-22T20:13:43+00:00","breadcrumb":{"@id":"https:\/\/www.ccc-group.com\/fr\/plastics\/services\/toll-compounding-and-custom-blending\/#breadcrumb"},"inLanguage":"fr-FR","potentialAction":[{"@type":"ReadAction","target":["https:\/\/www.ccc-group.com\/fr\/plastics\/services\/toll-compounding-and-custom-blending\/"]}]},{"@type":"ImageObject","inLanguage":"fr-FR","@id":"https:\/\/www.ccc-group.com\/fr\/plastics\/services\/toll-compounding-and-custom-blending\/#primaryimage","url":"https:\/\/www.ccc-group.com\/wp-content\/uploads\/2023\/11\/hero_TollHero.jpg","contentUrl":"https:\/\/www.ccc-group.com\/wp-content\/uploads\/2023\/11\/hero_TollHero.jpg","width":2000,"height":800,"caption":"black and transparent plastic pellets"},{"@type":"BreadcrumbList","@id":"https:\/\/www.ccc-group.com\/fr\/plastics\/services\/toll-compounding-and-custom-blending\/#breadcrumb","itemListElement":[{"@type":"ListItem","position":1,"name":"Accueil","item":"https:\/\/www.ccc-group.com\/fr\/"},{"@type":"ListItem","position":2,"name":"Plastiques","item":"https:\/\/www.ccc-group.com\/fr\/plastics\/"},{"@type":"ListItem","position":3,"name":"Services","item":"https:\/\/www.ccc-group.com\/fr\/plastics\/services\/"},{"@type":"ListItem","position":4,"name":"M\u00e9lange et Fabrication de Compos\u00e9s Personnalis\u00e9s"}]},{"@type":"WebSite","@id":"https:\/\/www.ccc-group.com\/fr\/#website","url":"https:\/\/www.ccc-group.com\/fr\/","name":"CCC Group","description":"","potentialAction":[{"@type":"SearchAction","target":{"@type":"EntryPoint","urlTemplate":"https:\/\/www.ccc-group.com\/fr\/?s={search_term_string}"},"query-input":{"@type":"PropertyValueSpecification","valueRequired":true,"valueName":"search_term_string"}}],"inLanguage":"fr-FR"}]}},"_links":{"self":[{"href":"https:\/\/www.ccc-group.com\/fr\/wp-json\/wp\/v2\/pages\/750","targetHints":{"allow":["GET"]}}],"collection":[{"href":"https:\/\/www.ccc-group.com\/fr\/wp-json\/wp\/v2\/pages"}],"about":[{"href":"https:\/\/www.ccc-group.com\/fr\/wp-json\/wp\/v2\/types\/page"}],"author":[{"embeddable":true,"href":"https:\/\/www.ccc-group.com\/fr\/wp-json\/wp\/v2\/users\/1"}],"replies":[{"embeddable":true,"href":"https:\/\/www.ccc-group.com\/fr\/wp-json\/wp\/v2\/comments?post=750"}],"version-history":[{"count":2,"href":"https:\/\/www.ccc-group.com\/fr\/wp-json\/wp\/v2\/pages\/750\/revisions"}],"predecessor-version":[{"id":762,"href":"https:\/\/www.ccc-group.com\/fr\/wp-json\/wp\/v2\/pages\/750\/revisions\/762"}],"up":[{"embeddable":true,"href":"https:\/\/www.ccc-group.com\/fr\/wp-json\/wp\/v2\/pages\/688"}],"wp:featuredmedia":[{"embeddable":true,"href":"https:\/\/www.ccc-group.com\/fr\/wp-json\/wp\/v2\/media\/521"}],"wp:attachment":[{"href":"https:\/\/www.ccc-group.com\/fr\/wp-json\/wp\/v2\/media?parent=750"}],"curies":[{"name":"wp","href":"https:\/\/api.w.org\/{rel}","templated":true}]}}