{"id":714,"date":"2023-11-16T10:30:20","date_gmt":"2023-11-16T15:30:20","guid":{"rendered":"https:\/\/www.ccc-group.com\/plastics\/products\/white-masterbatches\/"},"modified":"2023-11-22T14:16:17","modified_gmt":"2023-11-22T19:16:17","slug":"white-masterbatches","status":"publish","type":"page","link":"https:\/\/www.ccc-group.com\/fr\/plastics\/products\/white-masterbatches\/","title":{"rendered":"M\u00e9langes Ma\u00eetres"},"content":{"rendered":"\n<p>Des formulations de m\u00e9langes-ma\u00eetres blancs personnalis\u00e9es et de qualit\u00e9 sup\u00e9rieure quant aux standards de l\u2019industrie sont d\u00e9velopp\u00e9es afin d\u2019atteindre l\u2019opacit\u00e9 d\u00e9sir\u00e9e du m\u00e9lange et le co\u00fbt minimal.&nbsp; Les exemples incluent&nbsp;:<\/p>\n\n\n\n<ul class=\"wp-block-list\">\n<li>Blancs de dioxyde de titane \u00e0 50, 60, 70 et 80%<\/li>\n\n\n\n<li>Blancs pleins et \u00e9tendus, blanc-bleu<\/li>\n\n\n\n<li>Blancs multifonctionnels quant aux rayons UV<\/li>\n\n\n\n<li>Blancs qui r\u00e9sistent aux intemp\u00e9ries<\/li>\n\n\n\n<li>Blancs faciles \u00e0 m\u00e9langer<\/li>\n\n\n\n<li>Blancs \u00e0 supports multiples :&nbsp;<em>PE, PP, PS, PVC, EVA<\/em><\/li>\n<\/ul>\n\n\n\n<p>De plus, une vaste gamme de blancs est d\u00e9velopp\u00e9e en combinaison avec des additifs (UV, antistatique, remplisseurs et extendeurs) afin de satisfaire les exigences additionnelles de performance de nos clients.&nbsp; Les applications finales sont reli\u00e9es \u00e0 des industries telles que l\u2019industrie pharmaceutique, l\u2019agriculture, l\u2019horticulture, la canalisation, le rev\u00eatement, les conduites, les sports et loisirs, etc.<\/p>\n\n\n\n<div class=\"wp-block-buttons is-layout-flex wp-block-buttons-is-layout-flex\">\n<div class=\"wp-block-button\"><a class=\"wp-block-button__link wp-element-button\" href=\"https:\/\/www.ccc-group.com\/wp-content\/uploads\/2023\/11\/PLASTICS-LINE-CARDS-MFG-PLASTICS.pdf\" target=\"_blank\" rel=\"noreferrer noopener\">Notre Liste de Produits<\/a><\/div>\n<\/div>\n","protected":false},"excerpt":{"rendered":"<p>Des formulations de m\u00e9langes-ma\u00eetres blancs personnalis\u00e9es et de qualit\u00e9 sup\u00e9rieure quant aux standards de l\u2019industrie sont d\u00e9velopp\u00e9es afin d\u2019atteindre l\u2019opacit\u00e9 d\u00e9sir\u00e9e du m\u00e9lange et le co\u00fbt minimal.&nbsp; Les exemples incluent&nbsp;:&#8230;<\/p>\n","protected":false},"author":1,"featured_media":487,"parent":687,"menu_order":0,"comment_status":"closed","ping_status":"closed","template":"","meta":{"_acf_changed":false,"footnotes":""},"class_list":["post-714","page","type-page","status-publish","has-post-thumbnail","hentry"],"acf":[],"yoast_head":"<!-- This site is optimized with the Yoast SEO plugin v27.5 - https:\/\/yoast.com\/product\/yoast-seo-wordpress\/ -->\n<title>M\u00e9langes Ma\u00eetres - CCC Group<\/title>\n<meta name=\"robots\" content=\"index, follow, max-snippet:-1, max-image-preview:large, max-video-preview:-1\" \/>\n<link rel=\"canonical\" href=\"https:\/\/www.ccc-group.com\/fr\/plastics\/products\/white-masterbatches\/\" \/>\n<meta property=\"og:locale\" content=\"fr_FR\" \/>\n<meta property=\"og:type\" content=\"article\" \/>\n<meta property=\"og:title\" content=\"M\u00e9langes Ma\u00eetres - CCC Group\" \/>\n<meta property=\"og:description\" content=\"Des formulations de m\u00e9langes-ma\u00eetres blancs personnalis\u00e9es et de qualit\u00e9 sup\u00e9rieure quant aux standards de l\u2019industrie sont d\u00e9velopp\u00e9es afin d\u2019atteindre l\u2019opacit\u00e9 d\u00e9sir\u00e9e du m\u00e9lange et le co\u00fbt minimal.&nbsp; Les exemples incluent&nbsp;:...\" \/>\n<meta property=\"og:url\" content=\"https:\/\/www.ccc-group.com\/fr\/plastics\/products\/white-masterbatches\/\" \/>\n<meta property=\"og:site_name\" content=\"CCC Group\" \/>\n<meta property=\"article:modified_time\" content=\"2023-11-22T19:16:17+00:00\" \/>\n<meta property=\"og:image\" content=\"https:\/\/www.ccc-group.com\/wp-content\/uploads\/2023\/11\/hero_WhiteMBHero3.jpg\" \/>\n\t<meta property=\"og:image:width\" content=\"2000\" \/>\n\t<meta property=\"og:image:height\" content=\"800\" \/>\n\t<meta property=\"og:image:type\" content=\"image\/jpeg\" \/>\n<meta name=\"twitter:card\" content=\"summary_large_image\" \/>\n<meta name=\"twitter:label1\" content=\"Dur\u00e9e de lecture estim\u00e9e\" \/>\n\t<meta name=\"twitter:data1\" content=\"1 minute\" \/>\n<script type=\"application\/ld+json\" class=\"yoast-schema-graph\">{\"@context\":\"https:\\\/\\\/schema.org\",\"@graph\":[{\"@type\":\"WebPage\",\"@id\":\"https:\\\/\\\/www.ccc-group.com\\\/fr\\\/plastics\\\/products\\\/white-masterbatches\\\/\",\"url\":\"https:\\\/\\\/www.ccc-group.com\\\/fr\\\/plastics\\\/products\\\/white-masterbatches\\\/\",\"name\":\"M\u00e9langes Ma\u00eetres - CCC Group\",\"isPartOf\":{\"@id\":\"https:\\\/\\\/www.ccc-group.com\\\/fr\\\/#website\"},\"primaryImageOfPage\":{\"@id\":\"https:\\\/\\\/www.ccc-group.com\\\/fr\\\/plastics\\\/products\\\/white-masterbatches\\\/#primaryimage\"},\"image\":{\"@id\":\"https:\\\/\\\/www.ccc-group.com\\\/fr\\\/plastics\\\/products\\\/white-masterbatches\\\/#primaryimage\"},\"thumbnailUrl\":\"https:\\\/\\\/www.ccc-group.com\\\/wp-content\\\/uploads\\\/2023\\\/11\\\/hero_WhiteMBHero3.jpg\",\"datePublished\":\"2023-11-16T15:30:20+00:00\",\"dateModified\":\"2023-11-22T19:16:17+00:00\",\"breadcrumb\":{\"@id\":\"https:\\\/\\\/www.ccc-group.com\\\/fr\\\/plastics\\\/products\\\/white-masterbatches\\\/#breadcrumb\"},\"inLanguage\":\"fr-FR\",\"potentialAction\":[{\"@type\":\"ReadAction\",\"target\":[\"https:\\\/\\\/www.ccc-group.com\\\/fr\\\/plastics\\\/products\\\/white-masterbatches\\\/\"]}]},{\"@type\":\"ImageObject\",\"inLanguage\":\"fr-FR\",\"@id\":\"https:\\\/\\\/www.ccc-group.com\\\/fr\\\/plastics\\\/products\\\/white-masterbatches\\\/#primaryimage\",\"url\":\"https:\\\/\\\/www.ccc-group.com\\\/wp-content\\\/uploads\\\/2023\\\/11\\\/hero_WhiteMBHero3.jpg\",\"contentUrl\":\"https:\\\/\\\/www.ccc-group.com\\\/wp-content\\\/uploads\\\/2023\\\/11\\\/hero_WhiteMBHero3.jpg\",\"width\":2000,\"height\":800,\"caption\":\"Plastic containers\"},{\"@type\":\"BreadcrumbList\",\"@id\":\"https:\\\/\\\/www.ccc-group.com\\\/fr\\\/plastics\\\/products\\\/white-masterbatches\\\/#breadcrumb\",\"itemListElement\":[{\"@type\":\"ListItem\",\"position\":1,\"name\":\"Accueil\",\"item\":\"https:\\\/\\\/www.ccc-group.com\\\/fr\\\/\"},{\"@type\":\"ListItem\",\"position\":2,\"name\":\"Plastiques\",\"item\":\"https:\\\/\\\/www.ccc-group.com\\\/fr\\\/plastics\\\/\"},{\"@type\":\"ListItem\",\"position\":3,\"name\":\"Produits\",\"item\":\"https:\\\/\\\/www.ccc-group.com\\\/fr\\\/plastics\\\/products\\\/\"},{\"@type\":\"ListItem\",\"position\":4,\"name\":\"M\u00e9langes Ma\u00eetres\"}]},{\"@type\":\"WebSite\",\"@id\":\"https:\\\/\\\/www.ccc-group.com\\\/fr\\\/#website\",\"url\":\"https:\\\/\\\/www.ccc-group.com\\\/fr\\\/\",\"name\":\"CCC Group\",\"description\":\"\",\"potentialAction\":[{\"@type\":\"SearchAction\",\"target\":{\"@type\":\"EntryPoint\",\"urlTemplate\":\"https:\\\/\\\/www.ccc-group.com\\\/fr\\\/?s={search_term_string}\"},\"query-input\":{\"@type\":\"PropertyValueSpecification\",\"valueRequired\":true,\"valueName\":\"search_term_string\"}}],\"inLanguage\":\"fr-FR\"}]}<\/script>\n<!-- \/ Yoast SEO plugin. -->","yoast_head_json":{"title":"M\u00e9langes Ma\u00eetres - CCC Group","robots":{"index":"index","follow":"follow","max-snippet":"max-snippet:-1","max-image-preview":"max-image-preview:large","max-video-preview":"max-video-preview:-1"},"canonical":"https:\/\/www.ccc-group.com\/fr\/plastics\/products\/white-masterbatches\/","og_locale":"fr_FR","og_type":"article","og_title":"M\u00e9langes Ma\u00eetres - CCC Group","og_description":"Des formulations de m\u00e9langes-ma\u00eetres blancs personnalis\u00e9es et de qualit\u00e9 sup\u00e9rieure quant aux standards de l\u2019industrie sont d\u00e9velopp\u00e9es afin d\u2019atteindre l\u2019opacit\u00e9 d\u00e9sir\u00e9e du m\u00e9lange et le co\u00fbt minimal.&nbsp; Les exemples incluent&nbsp;:...","og_url":"https:\/\/www.ccc-group.com\/fr\/plastics\/products\/white-masterbatches\/","og_site_name":"CCC Group","article_modified_time":"2023-11-22T19:16:17+00:00","og_image":[{"width":2000,"height":800,"url":"https:\/\/www.ccc-group.com\/wp-content\/uploads\/2023\/11\/hero_WhiteMBHero3.jpg","type":"image\/jpeg"}],"twitter_card":"summary_large_image","twitter_misc":{"Dur\u00e9e de lecture estim\u00e9e":"1 minute"},"schema":{"@context":"https:\/\/schema.org","@graph":[{"@type":"WebPage","@id":"https:\/\/www.ccc-group.com\/fr\/plastics\/products\/white-masterbatches\/","url":"https:\/\/www.ccc-group.com\/fr\/plastics\/products\/white-masterbatches\/","name":"M\u00e9langes Ma\u00eetres - CCC Group","isPartOf":{"@id":"https:\/\/www.ccc-group.com\/fr\/#website"},"primaryImageOfPage":{"@id":"https:\/\/www.ccc-group.com\/fr\/plastics\/products\/white-masterbatches\/#primaryimage"},"image":{"@id":"https:\/\/www.ccc-group.com\/fr\/plastics\/products\/white-masterbatches\/#primaryimage"},"thumbnailUrl":"https:\/\/www.ccc-group.com\/wp-content\/uploads\/2023\/11\/hero_WhiteMBHero3.jpg","datePublished":"2023-11-16T15:30:20+00:00","dateModified":"2023-11-22T19:16:17+00:00","breadcrumb":{"@id":"https:\/\/www.ccc-group.com\/fr\/plastics\/products\/white-masterbatches\/#breadcrumb"},"inLanguage":"fr-FR","potentialAction":[{"@type":"ReadAction","target":["https:\/\/www.ccc-group.com\/fr\/plastics\/products\/white-masterbatches\/"]}]},{"@type":"ImageObject","inLanguage":"fr-FR","@id":"https:\/\/www.ccc-group.com\/fr\/plastics\/products\/white-masterbatches\/#primaryimage","url":"https:\/\/www.ccc-group.com\/wp-content\/uploads\/2023\/11\/hero_WhiteMBHero3.jpg","contentUrl":"https:\/\/www.ccc-group.com\/wp-content\/uploads\/2023\/11\/hero_WhiteMBHero3.jpg","width":2000,"height":800,"caption":"Plastic containers"},{"@type":"BreadcrumbList","@id":"https:\/\/www.ccc-group.com\/fr\/plastics\/products\/white-masterbatches\/#breadcrumb","itemListElement":[{"@type":"ListItem","position":1,"name":"Accueil","item":"https:\/\/www.ccc-group.com\/fr\/"},{"@type":"ListItem","position":2,"name":"Plastiques","item":"https:\/\/www.ccc-group.com\/fr\/plastics\/"},{"@type":"ListItem","position":3,"name":"Produits","item":"https:\/\/www.ccc-group.com\/fr\/plastics\/products\/"},{"@type":"ListItem","position":4,"name":"M\u00e9langes Ma\u00eetres"}]},{"@type":"WebSite","@id":"https:\/\/www.ccc-group.com\/fr\/#website","url":"https:\/\/www.ccc-group.com\/fr\/","name":"CCC Group","description":"","potentialAction":[{"@type":"SearchAction","target":{"@type":"EntryPoint","urlTemplate":"https:\/\/www.ccc-group.com\/fr\/?s={search_term_string}"},"query-input":{"@type":"PropertyValueSpecification","valueRequired":true,"valueName":"search_term_string"}}],"inLanguage":"fr-FR"}]}},"_links":{"self":[{"href":"https:\/\/www.ccc-group.com\/fr\/wp-json\/wp\/v2\/pages\/714","targetHints":{"allow":["GET"]}}],"collection":[{"href":"https:\/\/www.ccc-group.com\/fr\/wp-json\/wp\/v2\/pages"}],"about":[{"href":"https:\/\/www.ccc-group.com\/fr\/wp-json\/wp\/v2\/types\/page"}],"author":[{"embeddable":true,"href":"https:\/\/www.ccc-group.com\/fr\/wp-json\/wp\/v2\/users\/1"}],"replies":[{"embeddable":true,"href":"https:\/\/www.ccc-group.com\/fr\/wp-json\/wp\/v2\/comments?post=714"}],"version-history":[{"count":3,"href":"https:\/\/www.ccc-group.com\/fr\/wp-json\/wp\/v2\/pages\/714\/revisions"}],"predecessor-version":[{"id":745,"href":"https:\/\/www.ccc-group.com\/fr\/wp-json\/wp\/v2\/pages\/714\/revisions\/745"}],"up":[{"embeddable":true,"href":"https:\/\/www.ccc-group.com\/fr\/wp-json\/wp\/v2\/pages\/687"}],"wp:featuredmedia":[{"embeddable":true,"href":"https:\/\/www.ccc-group.com\/fr\/wp-json\/wp\/v2\/media\/487"}],"wp:attachment":[{"href":"https:\/\/www.ccc-group.com\/fr\/wp-json\/wp\/v2\/media?parent=714"}],"curies":[{"name":"wp","href":"https:\/\/api.w.org\/{rel}","templated":true}]}}