{"id":710,"date":"2023-11-16T10:37:00","date_gmt":"2023-11-16T15:37:00","guid":{"rendered":"https:\/\/www.ccc-group.com\/plastics\/products\/engineered-thermoplastics\/"},"modified":"2023-11-22T14:08:48","modified_gmt":"2023-11-22T19:08:48","slug":"engineered-thermoplastics","status":"publish","type":"page","link":"https:\/\/www.ccc-group.com\/fr\/plastics\/products\/engineered-thermoplastics\/","title":{"rendered":"Thermoplastiques Techniques"},"content":{"rendered":"\n<p>Les plastiques techniques ou de sp\u00e9cialit\u00e9 sont utilis\u00e9s dans des applications qui n\u00e9cessitent g\u00e9n\u00e9ralement une performance plus \u00e9lev\u00e9e en ce qui concerne la r\u00e9sistance \u00e0 la chaleur, la r\u00e9sistance aux produits chimiques, la r\u00e9sistance au feu, les propri\u00e9t\u00e9s m\u00e9caniques globales telles que la r\u00e9sistance au choc, le module de flexion et la r\u00e9sistance \u00e0 la traction, pour n\u2019en citer que quelques-unes. Les plastiques techniques offrent finalement une meilleure performance qu\u2019un plastique commercial et sont utilis\u00e9s dans des applications qui n\u00e9cessitent une conception &nbsp;et des techniques de traitement sp\u00e9cifiques qui permettent la performance d\u00e9sir\u00e9e.<\/p>\n\n\n\n<div class=\"wp-block-buttons is-layout-flex wp-block-buttons-is-layout-flex\">\n<div class=\"wp-block-button\"><a class=\"wp-block-button__link wp-element-button\" href=\"https:\/\/www.ccc-group.com\/wp-content\/uploads\/2023\/11\/PLASTICS-LINE-CARDS-MFG-PLASTICS.pdf\" target=\"_blank\" rel=\"noreferrer noopener\">Notre Liste de Produits<\/a><\/div>\n<\/div>\n","protected":false},"excerpt":{"rendered":"<p>Les plastiques techniques ou de sp\u00e9cialit\u00e9 sont utilis\u00e9s dans des applications qui n\u00e9cessitent g\u00e9n\u00e9ralement une performance plus \u00e9lev\u00e9e en ce qui concerne la r\u00e9sistance \u00e0 la chaleur, la r\u00e9sistance aux&#8230;<\/p>\n","protected":false},"author":1,"featured_media":506,"parent":687,"menu_order":0,"comment_status":"closed","ping_status":"closed","template":"","meta":{"_acf_changed":false,"footnotes":""},"class_list":["post-710","page","type-page","status-publish","has-post-thumbnail","hentry"],"acf":[],"yoast_head":"<!-- This site is optimized with the Yoast SEO plugin v27.3 - https:\/\/yoast.com\/product\/yoast-seo-wordpress\/ -->\n<title>Thermoplastiques Techniques - CCC Group<\/title>\n<meta name=\"robots\" content=\"index, follow, max-snippet:-1, max-image-preview:large, max-video-preview:-1\" \/>\n<link rel=\"canonical\" href=\"https:\/\/www.ccc-group.com\/fr\/plastics\/products\/engineered-thermoplastics\/\" \/>\n<meta property=\"og:locale\" content=\"fr_FR\" \/>\n<meta property=\"og:type\" content=\"article\" \/>\n<meta property=\"og:title\" content=\"Thermoplastiques Techniques - CCC Group\" \/>\n<meta property=\"og:description\" content=\"Les plastiques techniques ou de sp\u00e9cialit\u00e9 sont utilis\u00e9s dans des applications qui n\u00e9cessitent g\u00e9n\u00e9ralement une performance plus \u00e9lev\u00e9e en ce qui concerne la r\u00e9sistance \u00e0 la chaleur, la r\u00e9sistance aux...\" \/>\n<meta property=\"og:url\" content=\"https:\/\/www.ccc-group.com\/fr\/plastics\/products\/engineered-thermoplastics\/\" \/>\n<meta property=\"og:site_name\" content=\"CCC Group\" \/>\n<meta property=\"article:modified_time\" content=\"2023-11-22T19:08:48+00:00\" \/>\n<meta property=\"og:image\" content=\"https:\/\/www.ccc-group.com\/wp-content\/uploads\/2023\/11\/hero_EngineeredThermoplasticsHero.jpg\" \/>\n\t<meta property=\"og:image:width\" content=\"2000\" \/>\n\t<meta property=\"og:image:height\" content=\"800\" \/>\n\t<meta property=\"og:image:type\" content=\"image\/jpeg\" \/>\n<meta name=\"twitter:card\" content=\"summary_large_image\" \/>\n<meta name=\"twitter:label1\" content=\"Dur\u00e9e de lecture estim\u00e9e\" \/>\n\t<meta name=\"twitter:data1\" content=\"1 minute\" \/>\n<script type=\"application\/ld+json\" class=\"yoast-schema-graph\">{\"@context\":\"https:\\\/\\\/schema.org\",\"@graph\":[{\"@type\":\"WebPage\",\"@id\":\"https:\\\/\\\/www.ccc-group.com\\\/fr\\\/plastics\\\/products\\\/engineered-thermoplastics\\\/\",\"url\":\"https:\\\/\\\/www.ccc-group.com\\\/fr\\\/plastics\\\/products\\\/engineered-thermoplastics\\\/\",\"name\":\"Thermoplastiques Techniques - CCC Group\",\"isPartOf\":{\"@id\":\"https:\\\/\\\/www.ccc-group.com\\\/fr\\\/#website\"},\"primaryImageOfPage\":{\"@id\":\"https:\\\/\\\/www.ccc-group.com\\\/fr\\\/plastics\\\/products\\\/engineered-thermoplastics\\\/#primaryimage\"},\"image\":{\"@id\":\"https:\\\/\\\/www.ccc-group.com\\\/fr\\\/plastics\\\/products\\\/engineered-thermoplastics\\\/#primaryimage\"},\"thumbnailUrl\":\"https:\\\/\\\/www.ccc-group.com\\\/wp-content\\\/uploads\\\/2023\\\/11\\\/hero_EngineeredThermoplasticsHero.jpg\",\"datePublished\":\"2023-11-16T15:37:00+00:00\",\"dateModified\":\"2023-11-22T19:08:48+00:00\",\"breadcrumb\":{\"@id\":\"https:\\\/\\\/www.ccc-group.com\\\/fr\\\/plastics\\\/products\\\/engineered-thermoplastics\\\/#breadcrumb\"},\"inLanguage\":\"fr-FR\",\"potentialAction\":[{\"@type\":\"ReadAction\",\"target\":[\"https:\\\/\\\/www.ccc-group.com\\\/fr\\\/plastics\\\/products\\\/engineered-thermoplastics\\\/\"]}]},{\"@type\":\"ImageObject\",\"inLanguage\":\"fr-FR\",\"@id\":\"https:\\\/\\\/www.ccc-group.com\\\/fr\\\/plastics\\\/products\\\/engineered-thermoplastics\\\/#primaryimage\",\"url\":\"https:\\\/\\\/www.ccc-group.com\\\/wp-content\\\/uploads\\\/2023\\\/11\\\/hero_EngineeredThermoplasticsHero.jpg\",\"contentUrl\":\"https:\\\/\\\/www.ccc-group.com\\\/wp-content\\\/uploads\\\/2023\\\/11\\\/hero_EngineeredThermoplasticsHero.jpg\",\"width\":2000,\"height\":800,\"caption\":\"car dashboard\"},{\"@type\":\"BreadcrumbList\",\"@id\":\"https:\\\/\\\/www.ccc-group.com\\\/fr\\\/plastics\\\/products\\\/engineered-thermoplastics\\\/#breadcrumb\",\"itemListElement\":[{\"@type\":\"ListItem\",\"position\":1,\"name\":\"Accueil\",\"item\":\"https:\\\/\\\/www.ccc-group.com\\\/fr\\\/\"},{\"@type\":\"ListItem\",\"position\":2,\"name\":\"Plastiques\",\"item\":\"https:\\\/\\\/www.ccc-group.com\\\/fr\\\/plastics\\\/\"},{\"@type\":\"ListItem\",\"position\":3,\"name\":\"Produits\",\"item\":\"https:\\\/\\\/www.ccc-group.com\\\/fr\\\/plastics\\\/products\\\/\"},{\"@type\":\"ListItem\",\"position\":4,\"name\":\"Thermoplastiques Techniques\"}]},{\"@type\":\"WebSite\",\"@id\":\"https:\\\/\\\/www.ccc-group.com\\\/fr\\\/#website\",\"url\":\"https:\\\/\\\/www.ccc-group.com\\\/fr\\\/\",\"name\":\"CCC Group\",\"description\":\"\",\"potentialAction\":[{\"@type\":\"SearchAction\",\"target\":{\"@type\":\"EntryPoint\",\"urlTemplate\":\"https:\\\/\\\/www.ccc-group.com\\\/fr\\\/?s={search_term_string}\"},\"query-input\":{\"@type\":\"PropertyValueSpecification\",\"valueRequired\":true,\"valueName\":\"search_term_string\"}}],\"inLanguage\":\"fr-FR\"}]}<\/script>\n<!-- \/ Yoast SEO plugin. -->","yoast_head_json":{"title":"Thermoplastiques Techniques - CCC Group","robots":{"index":"index","follow":"follow","max-snippet":"max-snippet:-1","max-image-preview":"max-image-preview:large","max-video-preview":"max-video-preview:-1"},"canonical":"https:\/\/www.ccc-group.com\/fr\/plastics\/products\/engineered-thermoplastics\/","og_locale":"fr_FR","og_type":"article","og_title":"Thermoplastiques Techniques - CCC Group","og_description":"Les plastiques techniques ou de sp\u00e9cialit\u00e9 sont utilis\u00e9s dans des applications qui n\u00e9cessitent g\u00e9n\u00e9ralement une performance plus \u00e9lev\u00e9e en ce qui concerne la r\u00e9sistance \u00e0 la chaleur, la r\u00e9sistance aux...","og_url":"https:\/\/www.ccc-group.com\/fr\/plastics\/products\/engineered-thermoplastics\/","og_site_name":"CCC Group","article_modified_time":"2023-11-22T19:08:48+00:00","og_image":[{"width":2000,"height":800,"url":"https:\/\/www.ccc-group.com\/wp-content\/uploads\/2023\/11\/hero_EngineeredThermoplasticsHero.jpg","type":"image\/jpeg"}],"twitter_card":"summary_large_image","twitter_misc":{"Dur\u00e9e de lecture estim\u00e9e":"1 minute"},"schema":{"@context":"https:\/\/schema.org","@graph":[{"@type":"WebPage","@id":"https:\/\/www.ccc-group.com\/fr\/plastics\/products\/engineered-thermoplastics\/","url":"https:\/\/www.ccc-group.com\/fr\/plastics\/products\/engineered-thermoplastics\/","name":"Thermoplastiques Techniques - CCC Group","isPartOf":{"@id":"https:\/\/www.ccc-group.com\/fr\/#website"},"primaryImageOfPage":{"@id":"https:\/\/www.ccc-group.com\/fr\/plastics\/products\/engineered-thermoplastics\/#primaryimage"},"image":{"@id":"https:\/\/www.ccc-group.com\/fr\/plastics\/products\/engineered-thermoplastics\/#primaryimage"},"thumbnailUrl":"https:\/\/www.ccc-group.com\/wp-content\/uploads\/2023\/11\/hero_EngineeredThermoplasticsHero.jpg","datePublished":"2023-11-16T15:37:00+00:00","dateModified":"2023-11-22T19:08:48+00:00","breadcrumb":{"@id":"https:\/\/www.ccc-group.com\/fr\/plastics\/products\/engineered-thermoplastics\/#breadcrumb"},"inLanguage":"fr-FR","potentialAction":[{"@type":"ReadAction","target":["https:\/\/www.ccc-group.com\/fr\/plastics\/products\/engineered-thermoplastics\/"]}]},{"@type":"ImageObject","inLanguage":"fr-FR","@id":"https:\/\/www.ccc-group.com\/fr\/plastics\/products\/engineered-thermoplastics\/#primaryimage","url":"https:\/\/www.ccc-group.com\/wp-content\/uploads\/2023\/11\/hero_EngineeredThermoplasticsHero.jpg","contentUrl":"https:\/\/www.ccc-group.com\/wp-content\/uploads\/2023\/11\/hero_EngineeredThermoplasticsHero.jpg","width":2000,"height":800,"caption":"car dashboard"},{"@type":"BreadcrumbList","@id":"https:\/\/www.ccc-group.com\/fr\/plastics\/products\/engineered-thermoplastics\/#breadcrumb","itemListElement":[{"@type":"ListItem","position":1,"name":"Accueil","item":"https:\/\/www.ccc-group.com\/fr\/"},{"@type":"ListItem","position":2,"name":"Plastiques","item":"https:\/\/www.ccc-group.com\/fr\/plastics\/"},{"@type":"ListItem","position":3,"name":"Produits","item":"https:\/\/www.ccc-group.com\/fr\/plastics\/products\/"},{"@type":"ListItem","position":4,"name":"Thermoplastiques Techniques"}]},{"@type":"WebSite","@id":"https:\/\/www.ccc-group.com\/fr\/#website","url":"https:\/\/www.ccc-group.com\/fr\/","name":"CCC Group","description":"","potentialAction":[{"@type":"SearchAction","target":{"@type":"EntryPoint","urlTemplate":"https:\/\/www.ccc-group.com\/fr\/?s={search_term_string}"},"query-input":{"@type":"PropertyValueSpecification","valueRequired":true,"valueName":"search_term_string"}}],"inLanguage":"fr-FR"}]}},"_links":{"self":[{"href":"https:\/\/www.ccc-group.com\/fr\/wp-json\/wp\/v2\/pages\/710","targetHints":{"allow":["GET"]}}],"collection":[{"href":"https:\/\/www.ccc-group.com\/fr\/wp-json\/wp\/v2\/pages"}],"about":[{"href":"https:\/\/www.ccc-group.com\/fr\/wp-json\/wp\/v2\/types\/page"}],"author":[{"embeddable":true,"href":"https:\/\/www.ccc-group.com\/fr\/wp-json\/wp\/v2\/users\/1"}],"replies":[{"embeddable":true,"href":"https:\/\/www.ccc-group.com\/fr\/wp-json\/wp\/v2\/comments?post=710"}],"version-history":[{"count":4,"href":"https:\/\/www.ccc-group.com\/fr\/wp-json\/wp\/v2\/pages\/710\/revisions"}],"predecessor-version":[{"id":735,"href":"https:\/\/www.ccc-group.com\/fr\/wp-json\/wp\/v2\/pages\/710\/revisions\/735"}],"up":[{"embeddable":true,"href":"https:\/\/www.ccc-group.com\/fr\/wp-json\/wp\/v2\/pages\/687"}],"wp:featuredmedia":[{"embeddable":true,"href":"https:\/\/www.ccc-group.com\/fr\/wp-json\/wp\/v2\/media\/506"}],"wp:attachment":[{"href":"https:\/\/www.ccc-group.com\/fr\/wp-json\/wp\/v2\/media?parent=710"}],"curies":[{"name":"wp","href":"https:\/\/api.w.org\/{rel}","templated":true}]}}