{"id":709,"date":"2023-11-16T10:36:19","date_gmt":"2023-11-16T15:36:19","guid":{"rendered":"https:\/\/www.ccc-group.com\/plastics\/products\/commodity-resins\/"},"modified":"2023-11-22T14:06:34","modified_gmt":"2023-11-22T19:06:34","slug":"commodity-resins","status":"publish","type":"page","link":"https:\/\/www.ccc-group.com\/fr\/plastics\/products\/commodity-resins\/","title":{"rendered":"Produits de Base de R\u00e9sine"},"content":{"rendered":"\n<p>En tant que fournisseur de services complet (emballage, produits en vrac, transport ferroviaire) au sein du march\u00e9 nord-am\u00e9ricain, les Plastiques CCC offrent une gamme compl\u00e8te de produits de base de r\u00e9sine de plastique, incluant des r\u00e9sines de poly\u00e9thyl\u00e8ne, de polystyr\u00e8ne\u00a0et de polypropyl\u00e8ne issues de partenaires majeurs \u00e0 l\u2019\u00e9chelle mondiale.<\/p>\n\n\n\n<div class=\"wp-block-buttons is-layout-flex wp-block-buttons-is-layout-flex\">\n<div class=\"wp-block-button\"><a class=\"wp-block-button__link wp-element-button\" href=\"https:\/\/www.ccc-group.com\/wp-content\/uploads\/2023\/11\/PLASTICS-LINE-CARDS-MFG-PLASTICS.pdf\" target=\"_blank\" rel=\"noreferrer noopener\">Notre Liste de Produits<\/a><\/div>\n<\/div>\n","protected":false},"excerpt":{"rendered":"<p>En tant que fournisseur de services complet (emballage, produits en vrac, transport ferroviaire) au sein du march\u00e9 nord-am\u00e9ricain, les Plastiques CCC offrent une gamme compl\u00e8te de produits de base de&#8230;<\/p>\n","protected":false},"author":1,"featured_media":500,"parent":687,"menu_order":0,"comment_status":"closed","ping_status":"closed","template":"","meta":{"_acf_changed":false,"footnotes":""},"class_list":["post-709","page","type-page","status-publish","has-post-thumbnail","hentry"],"acf":[],"yoast_head":"<!-- This site is optimized with the Yoast SEO plugin v27.3 - https:\/\/yoast.com\/product\/yoast-seo-wordpress\/ -->\n<title>Produits de Base de R\u00e9sine - CCC Group<\/title>\n<meta name=\"robots\" content=\"index, follow, max-snippet:-1, max-image-preview:large, max-video-preview:-1\" \/>\n<link rel=\"canonical\" href=\"https:\/\/www.ccc-group.com\/fr\/plastics\/products\/commodity-resins\/\" \/>\n<meta property=\"og:locale\" content=\"fr_FR\" \/>\n<meta property=\"og:type\" content=\"article\" \/>\n<meta property=\"og:title\" content=\"Produits de Base de R\u00e9sine - CCC Group\" \/>\n<meta property=\"og:description\" content=\"En tant que fournisseur de services complet (emballage, produits en vrac, transport ferroviaire) au sein du march\u00e9 nord-am\u00e9ricain, les Plastiques CCC offrent une gamme compl\u00e8te de produits de base de...\" \/>\n<meta property=\"og:url\" content=\"https:\/\/www.ccc-group.com\/fr\/plastics\/products\/commodity-resins\/\" \/>\n<meta property=\"og:site_name\" content=\"CCC Group\" \/>\n<meta property=\"article:modified_time\" content=\"2023-11-22T19:06:34+00:00\" \/>\n<meta property=\"og:image\" content=\"https:\/\/www.ccc-group.com\/wp-content\/uploads\/2023\/11\/hero_CommodityHero_2.jpg\" \/>\n\t<meta property=\"og:image:width\" content=\"2000\" \/>\n\t<meta property=\"og:image:height\" content=\"800\" \/>\n\t<meta property=\"og:image:type\" content=\"image\/jpeg\" \/>\n<meta name=\"twitter:card\" content=\"summary_large_image\" \/>\n<meta name=\"twitter:label1\" content=\"Dur\u00e9e de lecture estim\u00e9e\" \/>\n\t<meta name=\"twitter:data1\" content=\"1 minute\" \/>\n<script type=\"application\/ld+json\" class=\"yoast-schema-graph\">{\"@context\":\"https:\\\/\\\/schema.org\",\"@graph\":[{\"@type\":\"WebPage\",\"@id\":\"https:\\\/\\\/www.ccc-group.com\\\/fr\\\/plastics\\\/products\\\/commodity-resins\\\/\",\"url\":\"https:\\\/\\\/www.ccc-group.com\\\/fr\\\/plastics\\\/products\\\/commodity-resins\\\/\",\"name\":\"Produits de Base de R\u00e9sine - CCC Group\",\"isPartOf\":{\"@id\":\"https:\\\/\\\/www.ccc-group.com\\\/fr\\\/#website\"},\"primaryImageOfPage\":{\"@id\":\"https:\\\/\\\/www.ccc-group.com\\\/fr\\\/plastics\\\/products\\\/commodity-resins\\\/#primaryimage\"},\"image\":{\"@id\":\"https:\\\/\\\/www.ccc-group.com\\\/fr\\\/plastics\\\/products\\\/commodity-resins\\\/#primaryimage\"},\"thumbnailUrl\":\"https:\\\/\\\/www.ccc-group.com\\\/wp-content\\\/uploads\\\/2023\\\/11\\\/hero_CommodityHero_2.jpg\",\"datePublished\":\"2023-11-16T15:36:19+00:00\",\"dateModified\":\"2023-11-22T19:06:34+00:00\",\"breadcrumb\":{\"@id\":\"https:\\\/\\\/www.ccc-group.com\\\/fr\\\/plastics\\\/products\\\/commodity-resins\\\/#breadcrumb\"},\"inLanguage\":\"fr-FR\",\"potentialAction\":[{\"@type\":\"ReadAction\",\"target\":[\"https:\\\/\\\/www.ccc-group.com\\\/fr\\\/plastics\\\/products\\\/commodity-resins\\\/\"]}]},{\"@type\":\"ImageObject\",\"inLanguage\":\"fr-FR\",\"@id\":\"https:\\\/\\\/www.ccc-group.com\\\/fr\\\/plastics\\\/products\\\/commodity-resins\\\/#primaryimage\",\"url\":\"https:\\\/\\\/www.ccc-group.com\\\/wp-content\\\/uploads\\\/2023\\\/11\\\/hero_CommodityHero_2.jpg\",\"contentUrl\":\"https:\\\/\\\/www.ccc-group.com\\\/wp-content\\\/uploads\\\/2023\\\/11\\\/hero_CommodityHero_2.jpg\",\"width\":2000,\"height\":800,\"caption\":\"Commodity resin\"},{\"@type\":\"BreadcrumbList\",\"@id\":\"https:\\\/\\\/www.ccc-group.com\\\/fr\\\/plastics\\\/products\\\/commodity-resins\\\/#breadcrumb\",\"itemListElement\":[{\"@type\":\"ListItem\",\"position\":1,\"name\":\"Accueil\",\"item\":\"https:\\\/\\\/www.ccc-group.com\\\/fr\\\/\"},{\"@type\":\"ListItem\",\"position\":2,\"name\":\"Plastiques\",\"item\":\"https:\\\/\\\/www.ccc-group.com\\\/fr\\\/plastics\\\/\"},{\"@type\":\"ListItem\",\"position\":3,\"name\":\"Produits\",\"item\":\"https:\\\/\\\/www.ccc-group.com\\\/fr\\\/plastics\\\/products\\\/\"},{\"@type\":\"ListItem\",\"position\":4,\"name\":\"Produits de Base de R\u00e9sine\"}]},{\"@type\":\"WebSite\",\"@id\":\"https:\\\/\\\/www.ccc-group.com\\\/fr\\\/#website\",\"url\":\"https:\\\/\\\/www.ccc-group.com\\\/fr\\\/\",\"name\":\"CCC Group\",\"description\":\"\",\"potentialAction\":[{\"@type\":\"SearchAction\",\"target\":{\"@type\":\"EntryPoint\",\"urlTemplate\":\"https:\\\/\\\/www.ccc-group.com\\\/fr\\\/?s={search_term_string}\"},\"query-input\":{\"@type\":\"PropertyValueSpecification\",\"valueRequired\":true,\"valueName\":\"search_term_string\"}}],\"inLanguage\":\"fr-FR\"}]}<\/script>\n<!-- \/ Yoast SEO plugin. -->","yoast_head_json":{"title":"Produits de Base de R\u00e9sine - CCC Group","robots":{"index":"index","follow":"follow","max-snippet":"max-snippet:-1","max-image-preview":"max-image-preview:large","max-video-preview":"max-video-preview:-1"},"canonical":"https:\/\/www.ccc-group.com\/fr\/plastics\/products\/commodity-resins\/","og_locale":"fr_FR","og_type":"article","og_title":"Produits de Base de R\u00e9sine - CCC Group","og_description":"En tant que fournisseur de services complet (emballage, produits en vrac, transport ferroviaire) au sein du march\u00e9 nord-am\u00e9ricain, les Plastiques CCC offrent une gamme compl\u00e8te de produits de base de...","og_url":"https:\/\/www.ccc-group.com\/fr\/plastics\/products\/commodity-resins\/","og_site_name":"CCC Group","article_modified_time":"2023-11-22T19:06:34+00:00","og_image":[{"width":2000,"height":800,"url":"https:\/\/www.ccc-group.com\/wp-content\/uploads\/2023\/11\/hero_CommodityHero_2.jpg","type":"image\/jpeg"}],"twitter_card":"summary_large_image","twitter_misc":{"Dur\u00e9e de lecture estim\u00e9e":"1 minute"},"schema":{"@context":"https:\/\/schema.org","@graph":[{"@type":"WebPage","@id":"https:\/\/www.ccc-group.com\/fr\/plastics\/products\/commodity-resins\/","url":"https:\/\/www.ccc-group.com\/fr\/plastics\/products\/commodity-resins\/","name":"Produits de Base de R\u00e9sine - CCC Group","isPartOf":{"@id":"https:\/\/www.ccc-group.com\/fr\/#website"},"primaryImageOfPage":{"@id":"https:\/\/www.ccc-group.com\/fr\/plastics\/products\/commodity-resins\/#primaryimage"},"image":{"@id":"https:\/\/www.ccc-group.com\/fr\/plastics\/products\/commodity-resins\/#primaryimage"},"thumbnailUrl":"https:\/\/www.ccc-group.com\/wp-content\/uploads\/2023\/11\/hero_CommodityHero_2.jpg","datePublished":"2023-11-16T15:36:19+00:00","dateModified":"2023-11-22T19:06:34+00:00","breadcrumb":{"@id":"https:\/\/www.ccc-group.com\/fr\/plastics\/products\/commodity-resins\/#breadcrumb"},"inLanguage":"fr-FR","potentialAction":[{"@type":"ReadAction","target":["https:\/\/www.ccc-group.com\/fr\/plastics\/products\/commodity-resins\/"]}]},{"@type":"ImageObject","inLanguage":"fr-FR","@id":"https:\/\/www.ccc-group.com\/fr\/plastics\/products\/commodity-resins\/#primaryimage","url":"https:\/\/www.ccc-group.com\/wp-content\/uploads\/2023\/11\/hero_CommodityHero_2.jpg","contentUrl":"https:\/\/www.ccc-group.com\/wp-content\/uploads\/2023\/11\/hero_CommodityHero_2.jpg","width":2000,"height":800,"caption":"Commodity resin"},{"@type":"BreadcrumbList","@id":"https:\/\/www.ccc-group.com\/fr\/plastics\/products\/commodity-resins\/#breadcrumb","itemListElement":[{"@type":"ListItem","position":1,"name":"Accueil","item":"https:\/\/www.ccc-group.com\/fr\/"},{"@type":"ListItem","position":2,"name":"Plastiques","item":"https:\/\/www.ccc-group.com\/fr\/plastics\/"},{"@type":"ListItem","position":3,"name":"Produits","item":"https:\/\/www.ccc-group.com\/fr\/plastics\/products\/"},{"@type":"ListItem","position":4,"name":"Produits de Base de R\u00e9sine"}]},{"@type":"WebSite","@id":"https:\/\/www.ccc-group.com\/fr\/#website","url":"https:\/\/www.ccc-group.com\/fr\/","name":"CCC Group","description":"","potentialAction":[{"@type":"SearchAction","target":{"@type":"EntryPoint","urlTemplate":"https:\/\/www.ccc-group.com\/fr\/?s={search_term_string}"},"query-input":{"@type":"PropertyValueSpecification","valueRequired":true,"valueName":"search_term_string"}}],"inLanguage":"fr-FR"}]}},"_links":{"self":[{"href":"https:\/\/www.ccc-group.com\/fr\/wp-json\/wp\/v2\/pages\/709","targetHints":{"allow":["GET"]}}],"collection":[{"href":"https:\/\/www.ccc-group.com\/fr\/wp-json\/wp\/v2\/pages"}],"about":[{"href":"https:\/\/www.ccc-group.com\/fr\/wp-json\/wp\/v2\/types\/page"}],"author":[{"embeddable":true,"href":"https:\/\/www.ccc-group.com\/fr\/wp-json\/wp\/v2\/users\/1"}],"replies":[{"embeddable":true,"href":"https:\/\/www.ccc-group.com\/fr\/wp-json\/wp\/v2\/comments?post=709"}],"version-history":[{"count":4,"href":"https:\/\/www.ccc-group.com\/fr\/wp-json\/wp\/v2\/pages\/709\/revisions"}],"predecessor-version":[{"id":731,"href":"https:\/\/www.ccc-group.com\/fr\/wp-json\/wp\/v2\/pages\/709\/revisions\/731"}],"up":[{"embeddable":true,"href":"https:\/\/www.ccc-group.com\/fr\/wp-json\/wp\/v2\/pages\/687"}],"wp:featuredmedia":[{"embeddable":true,"href":"https:\/\/www.ccc-group.com\/fr\/wp-json\/wp\/v2\/media\/500"}],"wp:attachment":[{"href":"https:\/\/www.ccc-group.com\/fr\/wp-json\/wp\/v2\/media?parent=709"}],"curies":[{"name":"wp","href":"https:\/\/api.w.org\/{rel}","templated":true}]}}