{"id":708,"date":"2023-11-15T12:09:39","date_gmt":"2023-11-15T17:09:39","guid":{"rendered":"https:\/\/www.ccc-group.com\/plastics\/products\/color-concentrates\/"},"modified":"2023-11-22T14:01:02","modified_gmt":"2023-11-22T19:01:02","slug":"color-concentrates","status":"publish","type":"page","link":"https:\/\/www.ccc-group.com\/fr\/plastics\/products\/color-concentrates\/","title":{"rendered":"Concentr\u00e9s de Couleurs"},"content":{"rendered":"\n<p>Les Plastiques CCC produisent une gamme compl\u00e8te de colorants con\u00e7us sp\u00e9cifiquement afin d\u2019offrir des solutions efficaces en termes de co\u00fbts qui permettent de satisfaire vos besoins en mati\u00e8re de couleur et de performance.&nbsp;&nbsp; Le m\u00e9lange-ma\u00eetre de couleur consiste en un support de r\u00e9sine dont la composition contient un haut taux de pigments.&nbsp; Il peut \u00eatre fourni avec une vari\u00e9t\u00e9 d\u2019effets pratiquement infinie qui peuvent \u00eatre atteints en utilisant des pigments organiques usuels, des pigments inorganiques ou des pigments sp\u00e9cialis\u00e9s.<\/p>\n\n\n\n<p>Plusieurs facteurs affectent la couleur et le processus d\u2019agencement des couleurs, incluant&nbsp;: les r\u00e9sines, les additifs, l\u2019application finale, l\u2019\u00e9paisseur des pi\u00e8ces, l\u2019opacit\u00e9, les conditions d\u2019\u00e9clairage, l\u2019environnement d\u2019utilisation, la conformit\u00e9 aux r\u00e8glements et les conditions de transformation.&nbsp; Les exemples incluent&nbsp;:<\/p>\n\n\n\n<ul class=\"wp-block-list\">\n<li>Colorants sans m\u00e9taux lourds (CONEG)<\/li>\n\n\n\n<li>Colorants \u00e0 m\u00e9taux lourds<\/li>\n\n\n\n<li>Le respect des normes de la FDA am\u00e9ricaine, le statut de non-objection du BSP et la Proposition 65<\/li>\n\n\n\n<li>Emballages multifonctionnels et stabilis\u00e9s aux UV<\/li>\n\n\n\n<li>R\u00e9sistance aux intemp\u00e9ries<\/li>\n\n\n\n<li>Colorants \u00e0 effets sp\u00e9ciaux, incluant les colorants nacr\u00e9s, fluorescents, phosphorescents et m\u00e9talliques<\/li>\n\n\n\n<li>Couleurs agenc\u00e9es personnalis\u00e9es<\/li>\n\n\n\n<li>Dispersions simples de pigments<\/li>\n\n\n\n<li>Supports multiples :&nbsp;<em>PE, PP, PS, PVC, EVA<\/em><\/li>\n<\/ul>\n\n\n\n<ul class=\"wp-block-list\">\n<li>Notre \u00e9quipement \u00e0 la fine pointe de la technologie offre une performance optimale quant \u00e0 la durabilit\u00e9, la force et le ton des couleurs.<\/li>\n\n\n\n<li>De plus les colorants et les additifs combin\u00e9s sont con\u00e7us de mani\u00e8re personnalis\u00e9e pour les applications qui requi\u00e8rent des caract\u00e9ristiques de performance additionnelles. Cela peut inclure, sans s\u2019y limiter, les facilitateurs de proc\u00e9d\u00e9s, agents glissants et les inhibiteurs d\u2019UV.<\/li>\n<\/ul>\n\n\n\n<div class=\"wp-block-buttons is-layout-flex wp-block-buttons-is-layout-flex\">\n<div class=\"wp-block-button\"><a class=\"wp-block-button__link wp-element-button\" href=\"https:\/\/www.ccc-group.com\/wp-content\/uploads\/2023\/11\/PLASTICS-LINE-CARDS-MFG-PLASTICS.pdf\" target=\"_blank\" rel=\"noreferrer noopener\">Notre Liste de Produits<\/a><\/div>\n<\/div>\n","protected":false},"excerpt":{"rendered":"<p>Les Plastiques CCC produisent une gamme compl\u00e8te de colorants con\u00e7us sp\u00e9cifiquement afin d\u2019offrir des solutions efficaces en termes de co\u00fbts qui permettent de satisfaire vos besoins en mati\u00e8re de couleur&#8230;<\/p>\n","protected":false},"author":1,"featured_media":482,"parent":687,"menu_order":0,"comment_status":"closed","ping_status":"closed","template":"page-templates\/page-sidebar.php","meta":{"_acf_changed":false,"footnotes":""},"class_list":["post-708","page","type-page","status-publish","has-post-thumbnail","hentry"],"acf":[],"yoast_head":"<!-- This site is optimized with the Yoast SEO plugin v27.5 - https:\/\/yoast.com\/product\/yoast-seo-wordpress\/ -->\n<title>Concentr\u00e9s de Couleurs - CCC Group<\/title>\n<meta name=\"robots\" content=\"index, follow, max-snippet:-1, max-image-preview:large, max-video-preview:-1\" \/>\n<link rel=\"canonical\" href=\"https:\/\/www.ccc-group.com\/fr\/plastics\/products\/color-concentrates\/\" \/>\n<meta property=\"og:locale\" content=\"fr_FR\" \/>\n<meta property=\"og:type\" content=\"article\" \/>\n<meta property=\"og:title\" content=\"Concentr\u00e9s de Couleurs - CCC Group\" \/>\n<meta property=\"og:description\" content=\"Les Plastiques CCC produisent une gamme compl\u00e8te de colorants con\u00e7us sp\u00e9cifiquement afin d\u2019offrir des solutions efficaces en termes de co\u00fbts qui permettent de satisfaire vos besoins en mati\u00e8re de couleur...\" \/>\n<meta property=\"og:url\" content=\"https:\/\/www.ccc-group.com\/fr\/plastics\/products\/color-concentrates\/\" \/>\n<meta property=\"og:site_name\" content=\"CCC Group\" \/>\n<meta property=\"article:modified_time\" content=\"2023-11-22T19:01:02+00:00\" \/>\n<meta property=\"og:image\" content=\"https:\/\/www.ccc-group.com\/wp-content\/uploads\/2023\/11\/hero_ColourConcentrateshero.jpg\" \/>\n\t<meta property=\"og:image:width\" content=\"2000\" \/>\n\t<meta property=\"og:image:height\" content=\"800\" \/>\n\t<meta property=\"og:image:type\" content=\"image\/jpeg\" \/>\n<meta name=\"twitter:card\" content=\"summary_large_image\" \/>\n<meta name=\"twitter:label1\" content=\"Dur\u00e9e de lecture estim\u00e9e\" \/>\n\t<meta name=\"twitter:data1\" content=\"2 minutes\" \/>\n<script type=\"application\/ld+json\" class=\"yoast-schema-graph\">{\"@context\":\"https:\\\/\\\/schema.org\",\"@graph\":[{\"@type\":\"WebPage\",\"@id\":\"https:\\\/\\\/www.ccc-group.com\\\/fr\\\/plastics\\\/products\\\/color-concentrates\\\/\",\"url\":\"https:\\\/\\\/www.ccc-group.com\\\/fr\\\/plastics\\\/products\\\/color-concentrates\\\/\",\"name\":\"Concentr\u00e9s de Couleurs - CCC Group\",\"isPartOf\":{\"@id\":\"https:\\\/\\\/www.ccc-group.com\\\/fr\\\/#website\"},\"primaryImageOfPage\":{\"@id\":\"https:\\\/\\\/www.ccc-group.com\\\/fr\\\/plastics\\\/products\\\/color-concentrates\\\/#primaryimage\"},\"image\":{\"@id\":\"https:\\\/\\\/www.ccc-group.com\\\/fr\\\/plastics\\\/products\\\/color-concentrates\\\/#primaryimage\"},\"thumbnailUrl\":\"https:\\\/\\\/www.ccc-group.com\\\/wp-content\\\/uploads\\\/2023\\\/11\\\/hero_ColourConcentrateshero.jpg\",\"datePublished\":\"2023-11-15T17:09:39+00:00\",\"dateModified\":\"2023-11-22T19:01:02+00:00\",\"breadcrumb\":{\"@id\":\"https:\\\/\\\/www.ccc-group.com\\\/fr\\\/plastics\\\/products\\\/color-concentrates\\\/#breadcrumb\"},\"inLanguage\":\"fr-FR\",\"potentialAction\":[{\"@type\":\"ReadAction\",\"target\":[\"https:\\\/\\\/www.ccc-group.com\\\/fr\\\/plastics\\\/products\\\/color-concentrates\\\/\"]}]},{\"@type\":\"ImageObject\",\"inLanguage\":\"fr-FR\",\"@id\":\"https:\\\/\\\/www.ccc-group.com\\\/fr\\\/plastics\\\/products\\\/color-concentrates\\\/#primaryimage\",\"url\":\"https:\\\/\\\/www.ccc-group.com\\\/wp-content\\\/uploads\\\/2023\\\/11\\\/hero_ColourConcentrateshero.jpg\",\"contentUrl\":\"https:\\\/\\\/www.ccc-group.com\\\/wp-content\\\/uploads\\\/2023\\\/11\\\/hero_ColourConcentrateshero.jpg\",\"width\":2000,\"height\":800,\"caption\":\"Plastic balls\"},{\"@type\":\"BreadcrumbList\",\"@id\":\"https:\\\/\\\/www.ccc-group.com\\\/fr\\\/plastics\\\/products\\\/color-concentrates\\\/#breadcrumb\",\"itemListElement\":[{\"@type\":\"ListItem\",\"position\":1,\"name\":\"Accueil\",\"item\":\"https:\\\/\\\/www.ccc-group.com\\\/fr\\\/\"},{\"@type\":\"ListItem\",\"position\":2,\"name\":\"Plastiques\",\"item\":\"https:\\\/\\\/www.ccc-group.com\\\/fr\\\/plastics\\\/\"},{\"@type\":\"ListItem\",\"position\":3,\"name\":\"Produits\",\"item\":\"https:\\\/\\\/www.ccc-group.com\\\/fr\\\/plastics\\\/products\\\/\"},{\"@type\":\"ListItem\",\"position\":4,\"name\":\"Concentr\u00e9s de Couleurs\"}]},{\"@type\":\"WebSite\",\"@id\":\"https:\\\/\\\/www.ccc-group.com\\\/fr\\\/#website\",\"url\":\"https:\\\/\\\/www.ccc-group.com\\\/fr\\\/\",\"name\":\"CCC Group\",\"description\":\"\",\"potentialAction\":[{\"@type\":\"SearchAction\",\"target\":{\"@type\":\"EntryPoint\",\"urlTemplate\":\"https:\\\/\\\/www.ccc-group.com\\\/fr\\\/?s={search_term_string}\"},\"query-input\":{\"@type\":\"PropertyValueSpecification\",\"valueRequired\":true,\"valueName\":\"search_term_string\"}}],\"inLanguage\":\"fr-FR\"}]}<\/script>\n<!-- \/ Yoast SEO plugin. -->","yoast_head_json":{"title":"Concentr\u00e9s de Couleurs - CCC Group","robots":{"index":"index","follow":"follow","max-snippet":"max-snippet:-1","max-image-preview":"max-image-preview:large","max-video-preview":"max-video-preview:-1"},"canonical":"https:\/\/www.ccc-group.com\/fr\/plastics\/products\/color-concentrates\/","og_locale":"fr_FR","og_type":"article","og_title":"Concentr\u00e9s de Couleurs - CCC Group","og_description":"Les Plastiques CCC produisent une gamme compl\u00e8te de colorants con\u00e7us sp\u00e9cifiquement afin d\u2019offrir des solutions efficaces en termes de co\u00fbts qui permettent de satisfaire vos besoins en mati\u00e8re de couleur...","og_url":"https:\/\/www.ccc-group.com\/fr\/plastics\/products\/color-concentrates\/","og_site_name":"CCC Group","article_modified_time":"2023-11-22T19:01:02+00:00","og_image":[{"width":2000,"height":800,"url":"https:\/\/www.ccc-group.com\/wp-content\/uploads\/2023\/11\/hero_ColourConcentrateshero.jpg","type":"image\/jpeg"}],"twitter_card":"summary_large_image","twitter_misc":{"Dur\u00e9e de lecture estim\u00e9e":"2 minutes"},"schema":{"@context":"https:\/\/schema.org","@graph":[{"@type":"WebPage","@id":"https:\/\/www.ccc-group.com\/fr\/plastics\/products\/color-concentrates\/","url":"https:\/\/www.ccc-group.com\/fr\/plastics\/products\/color-concentrates\/","name":"Concentr\u00e9s de Couleurs - CCC Group","isPartOf":{"@id":"https:\/\/www.ccc-group.com\/fr\/#website"},"primaryImageOfPage":{"@id":"https:\/\/www.ccc-group.com\/fr\/plastics\/products\/color-concentrates\/#primaryimage"},"image":{"@id":"https:\/\/www.ccc-group.com\/fr\/plastics\/products\/color-concentrates\/#primaryimage"},"thumbnailUrl":"https:\/\/www.ccc-group.com\/wp-content\/uploads\/2023\/11\/hero_ColourConcentrateshero.jpg","datePublished":"2023-11-15T17:09:39+00:00","dateModified":"2023-11-22T19:01:02+00:00","breadcrumb":{"@id":"https:\/\/www.ccc-group.com\/fr\/plastics\/products\/color-concentrates\/#breadcrumb"},"inLanguage":"fr-FR","potentialAction":[{"@type":"ReadAction","target":["https:\/\/www.ccc-group.com\/fr\/plastics\/products\/color-concentrates\/"]}]},{"@type":"ImageObject","inLanguage":"fr-FR","@id":"https:\/\/www.ccc-group.com\/fr\/plastics\/products\/color-concentrates\/#primaryimage","url":"https:\/\/www.ccc-group.com\/wp-content\/uploads\/2023\/11\/hero_ColourConcentrateshero.jpg","contentUrl":"https:\/\/www.ccc-group.com\/wp-content\/uploads\/2023\/11\/hero_ColourConcentrateshero.jpg","width":2000,"height":800,"caption":"Plastic balls"},{"@type":"BreadcrumbList","@id":"https:\/\/www.ccc-group.com\/fr\/plastics\/products\/color-concentrates\/#breadcrumb","itemListElement":[{"@type":"ListItem","position":1,"name":"Accueil","item":"https:\/\/www.ccc-group.com\/fr\/"},{"@type":"ListItem","position":2,"name":"Plastiques","item":"https:\/\/www.ccc-group.com\/fr\/plastics\/"},{"@type":"ListItem","position":3,"name":"Produits","item":"https:\/\/www.ccc-group.com\/fr\/plastics\/products\/"},{"@type":"ListItem","position":4,"name":"Concentr\u00e9s de Couleurs"}]},{"@type":"WebSite","@id":"https:\/\/www.ccc-group.com\/fr\/#website","url":"https:\/\/www.ccc-group.com\/fr\/","name":"CCC Group","description":"","potentialAction":[{"@type":"SearchAction","target":{"@type":"EntryPoint","urlTemplate":"https:\/\/www.ccc-group.com\/fr\/?s={search_term_string}"},"query-input":{"@type":"PropertyValueSpecification","valueRequired":true,"valueName":"search_term_string"}}],"inLanguage":"fr-FR"}]}},"_links":{"self":[{"href":"https:\/\/www.ccc-group.com\/fr\/wp-json\/wp\/v2\/pages\/708","targetHints":{"allow":["GET"]}}],"collection":[{"href":"https:\/\/www.ccc-group.com\/fr\/wp-json\/wp\/v2\/pages"}],"about":[{"href":"https:\/\/www.ccc-group.com\/fr\/wp-json\/wp\/v2\/types\/page"}],"author":[{"embeddable":true,"href":"https:\/\/www.ccc-group.com\/fr\/wp-json\/wp\/v2\/users\/1"}],"replies":[{"embeddable":true,"href":"https:\/\/www.ccc-group.com\/fr\/wp-json\/wp\/v2\/comments?post=708"}],"version-history":[{"count":4,"href":"https:\/\/www.ccc-group.com\/fr\/wp-json\/wp\/v2\/pages\/708\/revisions"}],"predecessor-version":[{"id":725,"href":"https:\/\/www.ccc-group.com\/fr\/wp-json\/wp\/v2\/pages\/708\/revisions\/725"}],"up":[{"embeddable":true,"href":"https:\/\/www.ccc-group.com\/fr\/wp-json\/wp\/v2\/pages\/687"}],"wp:featuredmedia":[{"embeddable":true,"href":"https:\/\/www.ccc-group.com\/fr\/wp-json\/wp\/v2\/media\/482"}],"wp:attachment":[{"href":"https:\/\/www.ccc-group.com\/fr\/wp-json\/wp\/v2\/media?parent=708"}],"curies":[{"name":"wp","href":"https:\/\/api.w.org\/{rel}","templated":true}]}}