{"id":688,"date":"2023-11-15T14:50:51","date_gmt":"2023-11-15T19:50:51","guid":{"rendered":"https:\/\/www.ccc-group.com\/plastics\/services\/"},"modified":"2023-11-22T13:45:29","modified_gmt":"2023-11-22T18:45:29","slug":"services","status":"publish","type":"page","link":"https:\/\/www.ccc-group.com\/fr\/plastics\/services\/","title":{"rendered":"Services"},"content":{"rendered":"\n<p>Service \u00e0 la client\u00e8le \u2013 Sans frais 800 465 6917 ou&nbsp;<a href=\"mailto:cs_plastics@ccc-group.com\">cs_plastics@ccc-group.com<\/a><\/p>\n\n\n\n<p>Un acc\u00e8s direct aux repr\u00e9sentants du service \u00e0 la client\u00e8le lesquels facilitent le passage des commandes et r\u00e9pondent \u00e0 vos interrogations.&nbsp; Notre syst\u00e8me de gestion de l\u2019information nous permet de personnaliser chaque demande faite par un client, par exemple, avoir en inventaire les items d\u00e9sir\u00e9s et avoir en main la documentation et l\u2019emballage n\u00e9cessaires.<\/p>\n\n\n\n<p>L\u2019exp\u00e9rience de nos responsables de la technique, de la mise en march\u00e9 et des ventes nous permet de r\u00e9pondre \u00e0 tous vos questionnements concernant nos produits.&nbsp; Ils sont disponibles pour vous assister et vous guider peu importe l\u2019industrie que vous repr\u00e9sentez.<\/p>\n\n\n\n<p>L\u2019exp\u00e9rience et le d\u00e9vouement des employ\u00e9s des Plastiques CCC se traduisent par un excellent service \u00e0 la client\u00e8le, ce qui am\u00e8ne \u00e0 son tour d\u2019importants b\u00e9n\u00e9fices pour votre entreprise.<\/p>\n","protected":false},"excerpt":{"rendered":"<p>Service \u00e0 la client\u00e8le \u2013 Sans frais 800 465 6917 ou&nbsp;cs_plastics@ccc-group.com Un acc\u00e8s direct aux repr\u00e9sentants du service \u00e0 la client\u00e8le lesquels facilitent le passage des commandes et r\u00e9pondent \u00e0&#8230;<\/p>\n","protected":false},"author":1,"featured_media":851,"parent":682,"menu_order":0,"comment_status":"closed","ping_status":"closed","template":"page-templates\/page-sublanding.php","meta":{"_acf_changed":false,"footnotes":""},"class_list":["post-688","page","type-page","status-publish","has-post-thumbnail","hentry"],"acf":[],"yoast_head":"<!-- This site is optimized with the Yoast SEO plugin v27.5 - https:\/\/yoast.com\/product\/yoast-seo-wordpress\/ -->\n<title>Services - CCC Group<\/title>\n<meta name=\"robots\" content=\"index, follow, max-snippet:-1, max-image-preview:large, max-video-preview:-1\" \/>\n<link rel=\"canonical\" href=\"https:\/\/www.ccc-group.com\/fr\/plastics\/services\/\" \/>\n<meta property=\"og:locale\" content=\"fr_FR\" \/>\n<meta property=\"og:type\" content=\"article\" \/>\n<meta property=\"og:title\" content=\"Services - CCC Group\" \/>\n<meta property=\"og:description\" content=\"Service \u00e0 la client\u00e8le \u2013 Sans frais 800 465 6917 ou&nbsp;cs_plastics@ccc-group.com Un acc\u00e8s direct aux repr\u00e9sentants du service \u00e0 la client\u00e8le lesquels facilitent le passage des commandes et r\u00e9pondent \u00e0...\" \/>\n<meta property=\"og:url\" content=\"https:\/\/www.ccc-group.com\/fr\/plastics\/services\/\" \/>\n<meta property=\"og:site_name\" content=\"CCC Group\" \/>\n<meta property=\"article:modified_time\" content=\"2023-11-22T18:45:29+00:00\" \/>\n<meta property=\"og:image\" content=\"https:\/\/www.ccc-group.com\/wp-content\/uploads\/2023\/11\/bc35e6931d630ff5ea56cc8eb595d43d.jpg\" \/>\n\t<meta property=\"og:image:width\" content=\"600\" \/>\n\t<meta property=\"og:image:height\" content=\"400\" \/>\n\t<meta property=\"og:image:type\" content=\"image\/jpeg\" \/>\n<meta name=\"twitter:card\" content=\"summary_large_image\" \/>\n<meta name=\"twitter:label1\" content=\"Dur\u00e9e de lecture estim\u00e9e\" \/>\n\t<meta name=\"twitter:data1\" content=\"1 minute\" \/>\n<script type=\"application\/ld+json\" class=\"yoast-schema-graph\">{\"@context\":\"https:\\\/\\\/schema.org\",\"@graph\":[{\"@type\":\"WebPage\",\"@id\":\"https:\\\/\\\/www.ccc-group.com\\\/fr\\\/plastics\\\/services\\\/\",\"url\":\"https:\\\/\\\/www.ccc-group.com\\\/fr\\\/plastics\\\/services\\\/\",\"name\":\"Services - CCC Group\",\"isPartOf\":{\"@id\":\"https:\\\/\\\/www.ccc-group.com\\\/fr\\\/#website\"},\"primaryImageOfPage\":{\"@id\":\"https:\\\/\\\/www.ccc-group.com\\\/fr\\\/plastics\\\/services\\\/#primaryimage\"},\"image\":{\"@id\":\"https:\\\/\\\/www.ccc-group.com\\\/fr\\\/plastics\\\/services\\\/#primaryimage\"},\"thumbnailUrl\":\"https:\\\/\\\/www.ccc-group.com\\\/wp-content\\\/uploads\\\/2023\\\/11\\\/hero_ServicesHero.jpg\",\"datePublished\":\"2023-11-15T19:50:51+00:00\",\"dateModified\":\"2023-11-22T18:45:29+00:00\",\"breadcrumb\":{\"@id\":\"https:\\\/\\\/www.ccc-group.com\\\/fr\\\/plastics\\\/services\\\/#breadcrumb\"},\"inLanguage\":\"fr-FR\",\"potentialAction\":[{\"@type\":\"ReadAction\",\"target\":[\"https:\\\/\\\/www.ccc-group.com\\\/fr\\\/plastics\\\/services\\\/\"]}]},{\"@type\":\"ImageObject\",\"inLanguage\":\"fr-FR\",\"@id\":\"https:\\\/\\\/www.ccc-group.com\\\/fr\\\/plastics\\\/services\\\/#primaryimage\",\"url\":\"https:\\\/\\\/www.ccc-group.com\\\/wp-content\\\/uploads\\\/2023\\\/11\\\/hero_ServicesHero.jpg\",\"contentUrl\":\"https:\\\/\\\/www.ccc-group.com\\\/wp-content\\\/uploads\\\/2023\\\/11\\\/hero_ServicesHero.jpg\",\"width\":2000,\"height\":800,\"caption\":\"color swatches\"},{\"@type\":\"BreadcrumbList\",\"@id\":\"https:\\\/\\\/www.ccc-group.com\\\/fr\\\/plastics\\\/services\\\/#breadcrumb\",\"itemListElement\":[{\"@type\":\"ListItem\",\"position\":1,\"name\":\"Accueil\",\"item\":\"https:\\\/\\\/www.ccc-group.com\\\/fr\\\/\"},{\"@type\":\"ListItem\",\"position\":2,\"name\":\"Plastiques\",\"item\":\"https:\\\/\\\/www.ccc-group.com\\\/fr\\\/plastics\\\/\"},{\"@type\":\"ListItem\",\"position\":3,\"name\":\"Services\"}]},{\"@type\":\"WebSite\",\"@id\":\"https:\\\/\\\/www.ccc-group.com\\\/fr\\\/#website\",\"url\":\"https:\\\/\\\/www.ccc-group.com\\\/fr\\\/\",\"name\":\"CCC Group\",\"description\":\"\",\"potentialAction\":[{\"@type\":\"SearchAction\",\"target\":{\"@type\":\"EntryPoint\",\"urlTemplate\":\"https:\\\/\\\/www.ccc-group.com\\\/fr\\\/?s={search_term_string}\"},\"query-input\":{\"@type\":\"PropertyValueSpecification\",\"valueRequired\":true,\"valueName\":\"search_term_string\"}}],\"inLanguage\":\"fr-FR\"}]}<\/script>\n<!-- \/ Yoast SEO plugin. -->","yoast_head_json":{"title":"Services - CCC Group","robots":{"index":"index","follow":"follow","max-snippet":"max-snippet:-1","max-image-preview":"max-image-preview:large","max-video-preview":"max-video-preview:-1"},"canonical":"https:\/\/www.ccc-group.com\/fr\/plastics\/services\/","og_locale":"fr_FR","og_type":"article","og_title":"Services - CCC Group","og_description":"Service \u00e0 la client\u00e8le \u2013 Sans frais 800 465 6917 ou&nbsp;cs_plastics@ccc-group.com Un acc\u00e8s direct aux repr\u00e9sentants du service \u00e0 la client\u00e8le lesquels facilitent le passage des commandes et r\u00e9pondent \u00e0...","og_url":"https:\/\/www.ccc-group.com\/fr\/plastics\/services\/","og_site_name":"CCC Group","article_modified_time":"2023-11-22T18:45:29+00:00","og_image":[{"width":600,"height":400,"url":"https:\/\/www.ccc-group.com\/wp-content\/uploads\/2023\/11\/bc35e6931d630ff5ea56cc8eb595d43d.jpg","type":"image\/jpeg"}],"twitter_card":"summary_large_image","twitter_misc":{"Dur\u00e9e de lecture estim\u00e9e":"1 minute"},"schema":{"@context":"https:\/\/schema.org","@graph":[{"@type":"WebPage","@id":"https:\/\/www.ccc-group.com\/fr\/plastics\/services\/","url":"https:\/\/www.ccc-group.com\/fr\/plastics\/services\/","name":"Services - CCC Group","isPartOf":{"@id":"https:\/\/www.ccc-group.com\/fr\/#website"},"primaryImageOfPage":{"@id":"https:\/\/www.ccc-group.com\/fr\/plastics\/services\/#primaryimage"},"image":{"@id":"https:\/\/www.ccc-group.com\/fr\/plastics\/services\/#primaryimage"},"thumbnailUrl":"https:\/\/www.ccc-group.com\/wp-content\/uploads\/2023\/11\/hero_ServicesHero.jpg","datePublished":"2023-11-15T19:50:51+00:00","dateModified":"2023-11-22T18:45:29+00:00","breadcrumb":{"@id":"https:\/\/www.ccc-group.com\/fr\/plastics\/services\/#breadcrumb"},"inLanguage":"fr-FR","potentialAction":[{"@type":"ReadAction","target":["https:\/\/www.ccc-group.com\/fr\/plastics\/services\/"]}]},{"@type":"ImageObject","inLanguage":"fr-FR","@id":"https:\/\/www.ccc-group.com\/fr\/plastics\/services\/#primaryimage","url":"https:\/\/www.ccc-group.com\/wp-content\/uploads\/2023\/11\/hero_ServicesHero.jpg","contentUrl":"https:\/\/www.ccc-group.com\/wp-content\/uploads\/2023\/11\/hero_ServicesHero.jpg","width":2000,"height":800,"caption":"color swatches"},{"@type":"BreadcrumbList","@id":"https:\/\/www.ccc-group.com\/fr\/plastics\/services\/#breadcrumb","itemListElement":[{"@type":"ListItem","position":1,"name":"Accueil","item":"https:\/\/www.ccc-group.com\/fr\/"},{"@type":"ListItem","position":2,"name":"Plastiques","item":"https:\/\/www.ccc-group.com\/fr\/plastics\/"},{"@type":"ListItem","position":3,"name":"Services"}]},{"@type":"WebSite","@id":"https:\/\/www.ccc-group.com\/fr\/#website","url":"https:\/\/www.ccc-group.com\/fr\/","name":"CCC Group","description":"","potentialAction":[{"@type":"SearchAction","target":{"@type":"EntryPoint","urlTemplate":"https:\/\/www.ccc-group.com\/fr\/?s={search_term_string}"},"query-input":{"@type":"PropertyValueSpecification","valueRequired":true,"valueName":"search_term_string"}}],"inLanguage":"fr-FR"}]}},"_links":{"self":[{"href":"https:\/\/www.ccc-group.com\/fr\/wp-json\/wp\/v2\/pages\/688","targetHints":{"allow":["GET"]}}],"collection":[{"href":"https:\/\/www.ccc-group.com\/fr\/wp-json\/wp\/v2\/pages"}],"about":[{"href":"https:\/\/www.ccc-group.com\/fr\/wp-json\/wp\/v2\/types\/page"}],"author":[{"embeddable":true,"href":"https:\/\/www.ccc-group.com\/fr\/wp-json\/wp\/v2\/users\/1"}],"replies":[{"embeddable":true,"href":"https:\/\/www.ccc-group.com\/fr\/wp-json\/wp\/v2\/comments?post=688"}],"version-history":[{"count":5,"href":"https:\/\/www.ccc-group.com\/fr\/wp-json\/wp\/v2\/pages\/688\/revisions"}],"predecessor-version":[{"id":705,"href":"https:\/\/www.ccc-group.com\/fr\/wp-json\/wp\/v2\/pages\/688\/revisions\/705"}],"up":[{"embeddable":true,"href":"https:\/\/www.ccc-group.com\/fr\/wp-json\/wp\/v2\/pages\/682"}],"wp:featuredmedia":[{"embeddable":true,"href":"https:\/\/www.ccc-group.com\/fr\/wp-json\/wp\/v2\/media\/851"}],"wp:attachment":[{"href":"https:\/\/www.ccc-group.com\/fr\/wp-json\/wp\/v2\/media?parent=688"}],"curies":[{"name":"wp","href":"https:\/\/api.w.org\/{rel}","templated":true}]}}