{"id":674,"date":"2023-11-14T17:00:09","date_gmt":"2023-11-14T22:00:09","guid":{"rendered":"https:\/\/www.ccc-group.com\/about-ccc\/for-suppliers\/"},"modified":"2023-11-23T11:32:09","modified_gmt":"2023-11-23T16:32:09","slug":"suppliers","status":"publish","type":"page","link":"https:\/\/www.ccc-group.com\/fr\/about\/suppliers\/","title":{"rendered":"Pour les fournisseurs"},"content":{"rendered":"\n<h4 class=\"wp-block-heading\">Approvisionnement mondial CCC<\/h4>\n\n\n\n<p>Une \u00e9quipe de sp\u00e9cialistes produits\/march\u00e9, scrutant intelligemment le globe en qu\u00eate de nouveaux fournisseurs, de nouveaux produits et d\u2019alternatives novatrices et respectueuses de l\u2019environnement pour offrir une valeur ajout\u00e9e \u00e0 nos milliers de clients, via une \u00e9quipe de ventes professionnelle, dynamique et ad\u00e9quatement form\u00e9e pour se concentrer sur de nombreuses industries cl\u00e9s au sein du march\u00e9 canadien.<\/p>\n\n\n\n<p>CCC combine l\u2019expertise de march\u00e9 ci-haut avec un large r\u00e9seau et une infrastructure moderne de distribution partout au Canada, afin de garantir une manutention et une livraison de produits rapides, s\u00e9curitaires et efficaces en termes de co\u00fbts. L\u2019augmentation de la valeur est au c\u0153ur des solutions et services que nos offrons, lesquels sont support\u00e9s par notre \u00e9quipe de logistique constitu\u00e9e d\u2019experts form\u00e9s dans les secteurs cl\u00e9s que sont l\u2019importation, les douanes, la r\u00e9glementation et le transport.<\/p>\n\n\n\n<h4 class=\"wp-block-heading\">Nos forces fondamentales<\/h4>\n\n\n\t<ul class=\"icolist\">\n\t\t\t\t\t<li>\n\t\t\t\t<i class=\"ico fa-solid fa-square-arrow-right\"><\/i>\n\t\t\t\t<div>\n\t\t\t\t\t<div class=\"block-editor-rich-text__editable rich-text\" role=\"textbox\" contenteditable=\"true\" aria-multiline=\"true\" aria-label=\"List text\">\n<p><strong>Compr\u00e9hension exhaustive et attest\u00e9e du march\u00e9 canadien des produits chimiques :<\/strong><br \/>\nCCC fait partie de l\u2019industrie chimique canadienne depuis 1920<\/p>\n<\/div>\n\t\t\t\t<\/div>\n\t\t\t<\/li>\n\t\t\t\t\t<li>\n\t\t\t\t<i class=\"ico fa-solid fa-square-arrow-right\"><\/i>\n\t\t\t\t<div>\n\t\t\t\t\t<p><strong>Expertise en r\u00e9glementation :<\/strong><br \/>\nCCC garantit que vos produits satisferont les normes l\u00e9gales et la r\u00e9glementation canadiennes<\/p>\n\t\t\t\t<\/div>\n\t\t\t<\/li>\n\t\t\t\t\t<li>\n\t\t\t\t<i class=\"ico fa-solid fa-square-arrow-right\"><\/i>\n\t\t\t\t<div>\n\t\t\t\t\t<p><strong>Chef de file en gestion responsable :<\/strong><br \/>\nVos produits seront manipul\u00e9s et vendus avec soin et de fa\u00e7on s\u00e9curitaire par CCC<\/p>\n\t\t\t\t<\/div>\n\t\t\t<\/li>\n\t\t\t\t\t<li>\n\t\t\t\t<i class=\"ico fa-solid fa-square-arrow-right\"><\/i>\n\t\t\t\t<div>\n\t\t\t\t\t<p><strong>Transparence compl\u00e8te :<\/strong><br \/>\nRetour sur les opportunit\u00e9s et enjeux garanti \u00e0 100%<\/p>\n\t\t\t\t<\/div>\n\t\t\t<\/li>\n\t\t\t\t\t<li>\n\t\t\t\t<i class=\"ico fa-solid fa-square-arrow-right\"><\/i>\n\t\t\t\t<div>\n\t\t\t\t\t<p><strong>Faibles co\u00fbts pour la cha\u00eene d\u2019approvisionnement :<\/strong><br \/>\nCCC travaille continuellement avec vous pour optimiser votre efficacit\u00e9 logistique<\/p>\n\t\t\t\t<\/div>\n\t\t\t<\/li>\n\t\t\t<\/ul>\n","protected":false},"excerpt":{"rendered":"<p>Approvisionnement mondial CCC Une \u00e9quipe de sp\u00e9cialistes produits\/march\u00e9, scrutant intelligemment le globe en qu\u00eate de nouveaux fournisseurs, de nouveaux produits et d\u2019alternatives novatrices et respectueuses de l\u2019environnement pour offrir une&#8230;<\/p>\n","protected":false},"author":1,"featured_media":0,"parent":649,"menu_order":0,"comment_status":"closed","ping_status":"closed","template":"","meta":{"_acf_changed":false,"footnotes":""},"class_list":["post-674","page","type-page","status-publish","hentry"],"acf":[],"yoast_head":"<!-- This site is optimized with the Yoast SEO plugin v27.5 - https:\/\/yoast.com\/product\/yoast-seo-wordpress\/ -->\n<title>Pour les fournisseurs - CCC Group<\/title>\n<meta name=\"robots\" content=\"index, follow, max-snippet:-1, max-image-preview:large, max-video-preview:-1\" \/>\n<link rel=\"canonical\" href=\"https:\/\/www.ccc-group.com\/fr\/about\/suppliers\/\" \/>\n<meta property=\"og:locale\" content=\"fr_FR\" \/>\n<meta property=\"og:type\" content=\"article\" \/>\n<meta property=\"og:title\" content=\"Pour les fournisseurs - CCC Group\" \/>\n<meta property=\"og:description\" content=\"Approvisionnement mondial CCC Une \u00e9quipe de sp\u00e9cialistes produits\/march\u00e9, scrutant intelligemment le globe en qu\u00eate de nouveaux fournisseurs, de nouveaux produits et d\u2019alternatives novatrices et respectueuses de l\u2019environnement pour offrir une...\" \/>\n<meta property=\"og:url\" content=\"https:\/\/www.ccc-group.com\/fr\/about\/suppliers\/\" \/>\n<meta property=\"og:site_name\" content=\"CCC Group\" \/>\n<meta property=\"article:modified_time\" content=\"2023-11-23T16:32:09+00:00\" \/>\n<meta name=\"twitter:card\" content=\"summary_large_image\" \/>\n<meta name=\"twitter:label1\" content=\"Dur\u00e9e de lecture estim\u00e9e\" \/>\n\t<meta name=\"twitter:data1\" content=\"1 minute\" \/>\n<script type=\"application\/ld+json\" class=\"yoast-schema-graph\">{\"@context\":\"https:\\\/\\\/schema.org\",\"@graph\":[{\"@type\":\"WebPage\",\"@id\":\"https:\\\/\\\/www.ccc-group.com\\\/fr\\\/about\\\/suppliers\\\/\",\"url\":\"https:\\\/\\\/www.ccc-group.com\\\/fr\\\/about\\\/suppliers\\\/\",\"name\":\"Pour les fournisseurs - CCC Group\",\"isPartOf\":{\"@id\":\"https:\\\/\\\/www.ccc-group.com\\\/fr\\\/#website\"},\"datePublished\":\"2023-11-14T22:00:09+00:00\",\"dateModified\":\"2023-11-23T16:32:09+00:00\",\"breadcrumb\":{\"@id\":\"https:\\\/\\\/www.ccc-group.com\\\/fr\\\/about\\\/suppliers\\\/#breadcrumb\"},\"inLanguage\":\"fr-FR\",\"potentialAction\":[{\"@type\":\"ReadAction\",\"target\":[\"https:\\\/\\\/www.ccc-group.com\\\/fr\\\/about\\\/suppliers\\\/\"]}]},{\"@type\":\"BreadcrumbList\",\"@id\":\"https:\\\/\\\/www.ccc-group.com\\\/fr\\\/about\\\/suppliers\\\/#breadcrumb\",\"itemListElement\":[{\"@type\":\"ListItem\",\"position\":1,\"name\":\"Accueil\",\"item\":\"https:\\\/\\\/www.ccc-group.com\\\/fr\\\/\"},{\"@type\":\"ListItem\",\"position\":2,\"name\":\"About\",\"item\":\"https:\\\/\\\/www.ccc-group.com\\\/fr\\\/about\\\/\"},{\"@type\":\"ListItem\",\"position\":3,\"name\":\"Pour les fournisseurs\"}]},{\"@type\":\"WebSite\",\"@id\":\"https:\\\/\\\/www.ccc-group.com\\\/fr\\\/#website\",\"url\":\"https:\\\/\\\/www.ccc-group.com\\\/fr\\\/\",\"name\":\"CCC Group\",\"description\":\"\",\"potentialAction\":[{\"@type\":\"SearchAction\",\"target\":{\"@type\":\"EntryPoint\",\"urlTemplate\":\"https:\\\/\\\/www.ccc-group.com\\\/fr\\\/?s={search_term_string}\"},\"query-input\":{\"@type\":\"PropertyValueSpecification\",\"valueRequired\":true,\"valueName\":\"search_term_string\"}}],\"inLanguage\":\"fr-FR\"}]}<\/script>\n<!-- \/ Yoast SEO plugin. -->","yoast_head_json":{"title":"Pour les fournisseurs - CCC Group","robots":{"index":"index","follow":"follow","max-snippet":"max-snippet:-1","max-image-preview":"max-image-preview:large","max-video-preview":"max-video-preview:-1"},"canonical":"https:\/\/www.ccc-group.com\/fr\/about\/suppliers\/","og_locale":"fr_FR","og_type":"article","og_title":"Pour les fournisseurs - CCC Group","og_description":"Approvisionnement mondial CCC Une \u00e9quipe de sp\u00e9cialistes produits\/march\u00e9, scrutant intelligemment le globe en qu\u00eate de nouveaux fournisseurs, de nouveaux produits et d\u2019alternatives novatrices et respectueuses de l\u2019environnement pour offrir une...","og_url":"https:\/\/www.ccc-group.com\/fr\/about\/suppliers\/","og_site_name":"CCC Group","article_modified_time":"2023-11-23T16:32:09+00:00","twitter_card":"summary_large_image","twitter_misc":{"Dur\u00e9e de lecture estim\u00e9e":"1 minute"},"schema":{"@context":"https:\/\/schema.org","@graph":[{"@type":"WebPage","@id":"https:\/\/www.ccc-group.com\/fr\/about\/suppliers\/","url":"https:\/\/www.ccc-group.com\/fr\/about\/suppliers\/","name":"Pour les fournisseurs - CCC Group","isPartOf":{"@id":"https:\/\/www.ccc-group.com\/fr\/#website"},"datePublished":"2023-11-14T22:00:09+00:00","dateModified":"2023-11-23T16:32:09+00:00","breadcrumb":{"@id":"https:\/\/www.ccc-group.com\/fr\/about\/suppliers\/#breadcrumb"},"inLanguage":"fr-FR","potentialAction":[{"@type":"ReadAction","target":["https:\/\/www.ccc-group.com\/fr\/about\/suppliers\/"]}]},{"@type":"BreadcrumbList","@id":"https:\/\/www.ccc-group.com\/fr\/about\/suppliers\/#breadcrumb","itemListElement":[{"@type":"ListItem","position":1,"name":"Accueil","item":"https:\/\/www.ccc-group.com\/fr\/"},{"@type":"ListItem","position":2,"name":"About","item":"https:\/\/www.ccc-group.com\/fr\/about\/"},{"@type":"ListItem","position":3,"name":"Pour les fournisseurs"}]},{"@type":"WebSite","@id":"https:\/\/www.ccc-group.com\/fr\/#website","url":"https:\/\/www.ccc-group.com\/fr\/","name":"CCC Group","description":"","potentialAction":[{"@type":"SearchAction","target":{"@type":"EntryPoint","urlTemplate":"https:\/\/www.ccc-group.com\/fr\/?s={search_term_string}"},"query-input":{"@type":"PropertyValueSpecification","valueRequired":true,"valueName":"search_term_string"}}],"inLanguage":"fr-FR"}]}},"_links":{"self":[{"href":"https:\/\/www.ccc-group.com\/fr\/wp-json\/wp\/v2\/pages\/674","targetHints":{"allow":["GET"]}}],"collection":[{"href":"https:\/\/www.ccc-group.com\/fr\/wp-json\/wp\/v2\/pages"}],"about":[{"href":"https:\/\/www.ccc-group.com\/fr\/wp-json\/wp\/v2\/types\/page"}],"author":[{"embeddable":true,"href":"https:\/\/www.ccc-group.com\/fr\/wp-json\/wp\/v2\/users\/1"}],"replies":[{"embeddable":true,"href":"https:\/\/www.ccc-group.com\/fr\/wp-json\/wp\/v2\/comments?post=674"}],"version-history":[{"count":2,"href":"https:\/\/www.ccc-group.com\/fr\/wp-json\/wp\/v2\/pages\/674\/revisions"}],"predecessor-version":[{"id":677,"href":"https:\/\/www.ccc-group.com\/fr\/wp-json\/wp\/v2\/pages\/674\/revisions\/677"}],"up":[{"embeddable":true,"href":"https:\/\/www.ccc-group.com\/fr\/wp-json\/wp\/v2\/pages\/649"}],"wp:attachment":[{"href":"https:\/\/www.ccc-group.com\/fr\/wp-json\/wp\/v2\/media?parent=674"}],"curies":[{"name":"wp","href":"https:\/\/api.w.org\/{rel}","templated":true}]}}