{"id":649,"date":"2023-11-16T10:46:18","date_gmt":"2023-11-16T15:46:18","guid":{"rendered":"https:\/\/www.ccc-group.com\/about-ccc\/"},"modified":"2025-07-15T10:31:15","modified_gmt":"2025-07-15T14:31:15","slug":"about","status":"publish","type":"page","link":"https:\/\/www.ccc-group.com\/fr\/about\/","title":{"rendered":"\u00c0 Propos de Nous"},"content":{"rendered":"\n<p>En fournissant des solutions en mati\u00e8re de produits et de services de qualit\u00e9, CCC est d\u00e9termin\u00e9e \u00e0 \u00eatre un chef de file dans les industries des produits chimiques et des plastiques au Canada en appliquant ses valeurs fondamentales :<\/p>\n\n\n\n<ul class=\"wp-block-list\">\n<li>Int\u00e9grit\u00e9<\/li>\n\n\n\n<li>Excellence<\/li>\n\n\n\n<li>Respect de ses employ\u00e9s et des communaut\u00e9s<\/li>\n\n\n\n<li>Partenariat pr\u00e9cieux avec ses clients et ses fournisseurs<\/li>\n\n\n\n<li>Succ\u00e8s financier<\/li>\n<\/ul>\n\n\n\n<p>CCC est l\u2019un des distributeurs ind\u00e9pendants les plus importants au Canada, et le 10e plus grand distributeur en Am\u00e9rique du Nord. Fond\u00e9e par Monsieur R.R. Carr-Harris en 1920, notre entreprise a d\u00e9velopp\u00e9 sa croissance au fil des ans sur la base d\u2019un service \u00e0 la client\u00e8le responsable, d\u2019une politique d\u2019assurance de la qualit\u00e9 et du programme Gestion Responsable\u00ae. Nos services de distribution sont offerts dans tout le Canada dans les villes de Brampton, Windsor, Montr\u00e9al, Vancouver et Leduc. De plus, nous avons une usine de fabrication d\u2019acide sulfurique \u00e0 Elmira en Ontario et une usine de concentr\u00e9s de couleur \u00e0 Colborne, en Ontario.<\/p>\n\n\n\n<p>Plastiques CCC est le principal fournisseur de couleurs personnalis\u00e9es, d\u2019additifs, de concentr\u00e9s, de compos\u00e9s ainsi que d\u2019une large gamme de r\u00e9sines de polyol\u00e9fine et de r\u00e9sines techniques. Plastiques CCC vous fournit une vaste gamme de solutions, de produits et de services pour r\u00e9pondre \u00e0 vos besoins sp\u00e9cifiques. Nos connaissances et notre expertise approfondies dans toutes les facettes du secteur des plastiques nous permettent de faciliter vos activit\u00e9s commerciales en solutionnant les probl\u00e8mes auxquels vous faites face aujourd\u2019hui et en identifiant les nouvelles opportunit\u00e9s qui s\u2019offriront \u00e0 vous demain.<\/p>\n\n\n\n<p>Dans le cadre de son engagement constant envers la Gestion Responsable\u00ae, CCC a \u00e9t\u00e9 la premi\u00e8re entreprise dans le monde \u00e0 piloter le processus de v\u00e9rification de phase 1 avec l\u2019ACIC. Notre entreprise a fait l\u2019objet d\u2019une v\u00e9rification de la Gestion Responsable de phase 1 en septembre 1996 et une 6e rev\u00e9rification sera effectu\u00e9e en novembre 2012. Le programme Gestion Responsable\u00ae a \u00e9volu\u00e9 et inclut un large engagement vis-\u00e0-vis du d\u00e9veloppement durable et de la responsabilit\u00e9 sociale, et CCC est fi\u00e8re d\u2019\u00eatre un chef de file durant cette p\u00e9riode de transition.<\/p>\n\n\n\n<p>CCC est un membre fondateur d\u2019Omni-Chem, une association de distributeurs de produits chimiques ind\u00e9pendants en Am\u00e9rique du Nord. Cette alliance permet \u00e0 CCC de r\u00e9pondre efficacement aux demandes de soumissions nord-am\u00e9ricaines.<\/p>\n\n\n\n<p>CCC s\u2019est engag\u00e9e \u00e0 \u00eatre un partenaire utile pour ses clients et ses fournisseurs, fournissant une offre intelligente pour r\u00e9pondre aux besoins des march\u00e9s canadiens de la chimie et les plastiques.<\/p>\n\n\n\n<p><a href=\"https:\/\/www.ccc-group.com\/wp-content\/uploads\/2025\/07\/Fighting-Against-Forced-Labour-and-Child-Labour-Report-French.pdf\">Plan de Lutte Contre le Travail Forc\u00e9 et le Travail des Enfants<\/a><\/p>\n\n\n\n<p><\/p>\n","protected":false},"excerpt":{"rendered":"<p>En fournissant des solutions en mati\u00e8re de produits et de services de qualit\u00e9, CCC est d\u00e9termin\u00e9e \u00e0 \u00eatre un chef de file dans les industries des produits chimiques et des&#8230;<\/p>\n","protected":false},"author":1,"featured_media":0,"parent":0,"menu_order":0,"comment_status":"closed","ping_status":"closed","template":"","meta":{"_acf_changed":false,"footnotes":""},"class_list":["post-649","page","type-page","status-publish","hentry"],"acf":[],"yoast_head":"<!-- This site is optimized with the Yoast SEO plugin v27.5 - https:\/\/yoast.com\/product\/yoast-seo-wordpress\/ -->\n<title>\u00c0 Propos de Nous - CCC Group<\/title>\n<meta name=\"robots\" content=\"index, follow, max-snippet:-1, max-image-preview:large, max-video-preview:-1\" \/>\n<link rel=\"canonical\" href=\"https:\/\/www.ccc-group.com\/fr\/about\/\" \/>\n<meta property=\"og:locale\" content=\"fr_FR\" \/>\n<meta property=\"og:type\" content=\"article\" \/>\n<meta property=\"og:title\" content=\"\u00c0 Propos de Nous - CCC Group\" \/>\n<meta property=\"og:description\" content=\"En fournissant des solutions en mati\u00e8re de produits et de services de qualit\u00e9, CCC est d\u00e9termin\u00e9e \u00e0 \u00eatre un chef de file dans les industries des produits chimiques et des...\" \/>\n<meta property=\"og:url\" content=\"https:\/\/www.ccc-group.com\/fr\/about\/\" \/>\n<meta property=\"og:site_name\" content=\"CCC Group\" \/>\n<meta property=\"article:modified_time\" content=\"2025-07-15T14:31:15+00:00\" \/>\n<meta name=\"twitter:card\" content=\"summary_large_image\" \/>\n<meta name=\"twitter:label1\" content=\"Dur\u00e9e de lecture estim\u00e9e\" \/>\n\t<meta name=\"twitter:data1\" content=\"2 minutes\" \/>\n<script type=\"application\/ld+json\" class=\"yoast-schema-graph\">{\"@context\":\"https:\\\/\\\/schema.org\",\"@graph\":[{\"@type\":\"WebPage\",\"@id\":\"https:\\\/\\\/www.ccc-group.com\\\/fr\\\/about\\\/\",\"url\":\"https:\\\/\\\/www.ccc-group.com\\\/fr\\\/about\\\/\",\"name\":\"\u00c0 Propos de Nous - CCC Group\",\"isPartOf\":{\"@id\":\"https:\\\/\\\/www.ccc-group.com\\\/fr\\\/#website\"},\"datePublished\":\"2023-11-16T15:46:18+00:00\",\"dateModified\":\"2025-07-15T14:31:15+00:00\",\"breadcrumb\":{\"@id\":\"https:\\\/\\\/www.ccc-group.com\\\/fr\\\/about\\\/#breadcrumb\"},\"inLanguage\":\"fr-FR\",\"potentialAction\":[{\"@type\":\"ReadAction\",\"target\":[\"https:\\\/\\\/www.ccc-group.com\\\/fr\\\/about\\\/\"]}]},{\"@type\":\"BreadcrumbList\",\"@id\":\"https:\\\/\\\/www.ccc-group.com\\\/fr\\\/about\\\/#breadcrumb\",\"itemListElement\":[{\"@type\":\"ListItem\",\"position\":1,\"name\":\"Accueil\",\"item\":\"https:\\\/\\\/www.ccc-group.com\\\/fr\\\/\"},{\"@type\":\"ListItem\",\"position\":2,\"name\":\"About\"}]},{\"@type\":\"WebSite\",\"@id\":\"https:\\\/\\\/www.ccc-group.com\\\/fr\\\/#website\",\"url\":\"https:\\\/\\\/www.ccc-group.com\\\/fr\\\/\",\"name\":\"CCC Group\",\"description\":\"\",\"potentialAction\":[{\"@type\":\"SearchAction\",\"target\":{\"@type\":\"EntryPoint\",\"urlTemplate\":\"https:\\\/\\\/www.ccc-group.com\\\/fr\\\/?s={search_term_string}\"},\"query-input\":{\"@type\":\"PropertyValueSpecification\",\"valueRequired\":true,\"valueName\":\"search_term_string\"}}],\"inLanguage\":\"fr-FR\"}]}<\/script>\n<!-- \/ Yoast SEO plugin. -->","yoast_head_json":{"title":"\u00c0 Propos de Nous - CCC Group","robots":{"index":"index","follow":"follow","max-snippet":"max-snippet:-1","max-image-preview":"max-image-preview:large","max-video-preview":"max-video-preview:-1"},"canonical":"https:\/\/www.ccc-group.com\/fr\/about\/","og_locale":"fr_FR","og_type":"article","og_title":"\u00c0 Propos de Nous - CCC Group","og_description":"En fournissant des solutions en mati\u00e8re de produits et de services de qualit\u00e9, CCC est d\u00e9termin\u00e9e \u00e0 \u00eatre un chef de file dans les industries des produits chimiques et des...","og_url":"https:\/\/www.ccc-group.com\/fr\/about\/","og_site_name":"CCC Group","article_modified_time":"2025-07-15T14:31:15+00:00","twitter_card":"summary_large_image","twitter_misc":{"Dur\u00e9e de lecture estim\u00e9e":"2 minutes"},"schema":{"@context":"https:\/\/schema.org","@graph":[{"@type":"WebPage","@id":"https:\/\/www.ccc-group.com\/fr\/about\/","url":"https:\/\/www.ccc-group.com\/fr\/about\/","name":"\u00c0 Propos de Nous - CCC Group","isPartOf":{"@id":"https:\/\/www.ccc-group.com\/fr\/#website"},"datePublished":"2023-11-16T15:46:18+00:00","dateModified":"2025-07-15T14:31:15+00:00","breadcrumb":{"@id":"https:\/\/www.ccc-group.com\/fr\/about\/#breadcrumb"},"inLanguage":"fr-FR","potentialAction":[{"@type":"ReadAction","target":["https:\/\/www.ccc-group.com\/fr\/about\/"]}]},{"@type":"BreadcrumbList","@id":"https:\/\/www.ccc-group.com\/fr\/about\/#breadcrumb","itemListElement":[{"@type":"ListItem","position":1,"name":"Accueil","item":"https:\/\/www.ccc-group.com\/fr\/"},{"@type":"ListItem","position":2,"name":"About"}]},{"@type":"WebSite","@id":"https:\/\/www.ccc-group.com\/fr\/#website","url":"https:\/\/www.ccc-group.com\/fr\/","name":"CCC Group","description":"","potentialAction":[{"@type":"SearchAction","target":{"@type":"EntryPoint","urlTemplate":"https:\/\/www.ccc-group.com\/fr\/?s={search_term_string}"},"query-input":{"@type":"PropertyValueSpecification","valueRequired":true,"valueName":"search_term_string"}}],"inLanguage":"fr-FR"}]}},"_links":{"self":[{"href":"https:\/\/www.ccc-group.com\/fr\/wp-json\/wp\/v2\/pages\/649","targetHints":{"allow":["GET"]}}],"collection":[{"href":"https:\/\/www.ccc-group.com\/fr\/wp-json\/wp\/v2\/pages"}],"about":[{"href":"https:\/\/www.ccc-group.com\/fr\/wp-json\/wp\/v2\/types\/page"}],"author":[{"embeddable":true,"href":"https:\/\/www.ccc-group.com\/fr\/wp-json\/wp\/v2\/users\/1"}],"replies":[{"embeddable":true,"href":"https:\/\/www.ccc-group.com\/fr\/wp-json\/wp\/v2\/comments?post=649"}],"version-history":[{"count":11,"href":"https:\/\/www.ccc-group.com\/fr\/wp-json\/wp\/v2\/pages\/649\/revisions"}],"predecessor-version":[{"id":1046,"href":"https:\/\/www.ccc-group.com\/fr\/wp-json\/wp\/v2\/pages\/649\/revisions\/1046"}],"wp:attachment":[{"href":"https:\/\/www.ccc-group.com\/fr\/wp-json\/wp\/v2\/media?parent=649"}],"curies":[{"name":"wp","href":"https:\/\/api.w.org\/{rel}","templated":true}]}}